{"id":116,"date":"2024-01-21T22:42:20","date_gmt":"2024-01-21T21:42:20","guid":{"rendered":"https:\/\/peletto.eu\/?page_id=116"},"modified":"2024-02-16T13:04:20","modified_gmt":"2024-02-16T12:04:20","slug":"o-nas","status":"publish","type":"page","link":"https:\/\/peletto.eu\/pl\/o-nas\/","title":{"rendered":"O nas"},"content":{"rendered":"\t\t<div data-elementor-type=\"wp-page\" data-elementor-id=\"116\" class=\"elementor elementor-116\" data-elementor-post-type=\"page\">\n\t\t\t\t\t\t<section class=\"elementor-section elementor-top-section elementor-element elementor-element-5da7d7f elementor-section-boxed elementor-section-height-default elementor-section-height-default\" data-id=\"5da7d7f\" data-element_type=\"section\" data-e-type=\"section\" data-settings=\"{&quot;background_background&quot;:&quot;classic&quot;}\">\n\t\t\t\t\t\t\t<div class=\"elementor-background-overlay\"><\/div>\n\t\t\t\t\t\t\t<div class=\"elementor-container elementor-column-gap-default\">\n\t\t\t\t\t<div class=\"elementor-column elementor-col-100 elementor-top-column elementor-element elementor-element-728c171\" data-id=\"728c171\" data-element_type=\"column\" data-e-type=\"column\">\n\t\t\t<div class=\"elementor-widget-wrap elementor-element-populated\">\n\t\t\t\t\t\t<div class=\"elementor-element elementor-element-0848924 elementor-widget elementor-widget-heading\" data-id=\"0848924\" data-element_type=\"widget\" data-e-type=\"widget\" data-widget_type=\"heading.default\">\n\t\t\t\t<div class=\"elementor-widget-container\">\n\t\t\t\t\t<h1 class=\"elementor-heading-title elementor-size-default\">O nas<\/h1>\t\t\t\t<\/div>\n\t\t\t\t<\/div>\n\t\t\t\t\t<\/div>\n\t\t<\/div>\n\t\t\t\t\t<\/div>\n\t\t<\/section>\n\t\t\t\t<section class=\"elementor-section elementor-top-section elementor-element elementor-element-de6ae0b elementor-section-boxed elementor-section-height-default elementor-section-height-default\" data-id=\"de6ae0b\" data-element_type=\"section\" data-e-type=\"section\" data-settings=\"{&quot;background_background&quot;:&quot;classic&quot;}\">\n\t\t\t\t\t\t<div class=\"elementor-container elementor-column-gap-default\">\n\t\t\t\t\t<div class=\"elementor-column elementor-col-50 elementor-top-column elementor-element elementor-element-3bcd133\" data-id=\"3bcd133\" data-element_type=\"column\" data-e-type=\"column\" data-settings=\"{&quot;background_background&quot;:&quot;classic&quot;}\">\n\t\t\t<div class=\"elementor-widget-wrap elementor-element-populated\">\n\t\t\t\t\t<div class=\"elementor-background-overlay\"><\/div>\n\t\t\t\t\t\t<div class=\"elementor-element elementor-element-c0d38e4 elementor-widget elementor-widget-heading\" data-id=\"c0d38e4\" data-element_type=\"widget\" data-e-type=\"widget\" data-widget_type=\"heading.default\">\n\t\t\t\t<div class=\"elementor-widget-container\">\n\t\t\t\t\t<h2 class=\"elementor-heading-title elementor-size-default\">Witaj w Peletto<\/h2>\t\t\t\t<\/div>\n\t\t\t\t<\/div>\n\t\t\t\t<div class=\"elementor-element elementor-element-ce23646 elementor-widget elementor-widget-image\" data-id=\"ce23646\" data-element_type=\"widget\" data-e-type=\"widget\" data-widget_type=\"image.default\">\n\t\t\t\t<div class=\"elementor-widget-container\">\n\t\t\t\t\t\t\t\t\t\t\t\t\t\t\t<img fetchpriority=\"high\" decoding=\"async\" width=\"339\" height=\"353\" src=\"https:\/\/peletto.eu\/wp-content\/uploads\/2024\/01\/about-us-img-1.jpg\" class=\"attachment-full size-full wp-image-130\" alt=\"About Us Img 1\" srcset=\"https:\/\/peletto.eu\/wp-content\/uploads\/2024\/01\/about-us-img-1.jpg 339w, https:\/\/peletto.eu\/wp-content\/uploads\/2024\/01\/about-us-img-1-288x300.jpg 288w\" sizes=\"(max-width: 339px) 100vw, 339px\" \/>\t\t\t\t\t\t\t\t\t\t\t\t\t\t\t<\/div>\n\t\t\t\t<\/div>\n\t\t\t\t\t<\/div>\n\t\t<\/div>\n\t\t\t\t<div class=\"elementor-column elementor-col-50 elementor-top-column elementor-element elementor-element-4aecd08\" data-id=\"4aecd08\" data-element_type=\"column\" data-e-type=\"column\">\n\t\t\t<div class=\"elementor-widget-wrap elementor-element-populated\">\n\t\t\t\t\t\t<section class=\"elementor-section elementor-inner-section elementor-element elementor-element-85ddf00 elementor-section-boxed elementor-section-height-default elementor-section-height-default\" data-id=\"85ddf00\" data-element_type=\"section\" data-e-type=\"section\">\n\t\t\t\t\t\t<div class=\"elementor-container elementor-column-gap-default\">\n\t\t\t\t\t<div class=\"elementor-column elementor-col-100 elementor-inner-column elementor-element elementor-element-94dc0eb\" data-id=\"94dc0eb\" data-element_type=\"column\" data-e-type=\"column\">\n\t\t\t<div class=\"elementor-widget-wrap elementor-element-populated\">\n\t\t\t\t\t\t<div class=\"elementor-element elementor-element-7cad3cd elementor-widget elementor-widget-text-editor\" data-id=\"7cad3cd\" data-element_type=\"widget\" data-e-type=\"widget\" data-widget_type=\"text-editor.default\">\n\t\t\t\t<div class=\"elementor-widget-container\">\n\t\t\t\t\t\t\t\t\t<p>Witaj w\u00a0<strong>Peletto<\/strong>! Jeste\u015bmy dostawc\u0105 zaawansowanych rozwi\u0105za\u0144 w bran\u017cy produkcji peletu i granulatu. Oferujemy zar\u00f3wno pojedyncze maszyny jak i kompleksowe\u00a0 linie produkcyjne. W bran\u017cy maszyn do produkcji pelletu\u00a0 i przetwarzania biomasy dzia\u0142amy od 2011 roku. Zdobywane latami\u00a0 do\u015bwiadczenie mo\u017ce pos\u0142u\u017cy\u0107 Ci we wdro\u017ceniu nowych, ekologicznych i wysokodochodowych technologii.<\/p><h2>Dlaczego warto wybra\u0107 firm\u0119 Peletto?<\/h2><ul><li>\u00a0<strong>Innowacyjno\u015b\u0107.<\/strong> Nasze maszyny i linie produkcyjne s\u0105 tworzone z wykorzystaniem ostatnich osi\u0105gni\u0119\u0107 technologicznych. Pod\u0105\u017camy za \u015bwiatowymi trendami, nieustannie dopracowuj\u0105c technologicznie nasze maszyny. Dzi\u0119ki temu jeste\u015bmy w czo\u0142\u00f3wce wiod\u0105cych producent\u00f3w oraz ch\u0119tnie wdra\u017camy tak\u017ce pomys\u0142y naszych klient\u00f3w.<\/li><li><strong style=\"font-size: 16px;\">\u00a0<\/strong><strong style=\"font-size: 16px;\">Technologia.<\/strong><span style=\"font-size: 16px;\"> Mimo tego, \u017ce granulowanie do tej pory kojarzy\u0142o si\u0119 g\u0142\u00f3wnie z produkcj\u0105 pelletu opa\u0142owego, ci\u0105gle udowadniamy, \u017ce to tylko niewielka cz\u0119\u015b\u0107 potencja\u0142u naszych maszyn. Recykling, produkcja nawoz\u00f3w, utylizacja odpad\u00f3w, magazynowanie \u2014 to tylko kilka opracowanych przez nas rozwi\u0105za\u0144. Nieustannie opracowujemy nowe technologie, udoskonalamy maszyny i wdra\u017camy pomys\u0142y w \u017cycie. Dla nas \u201cniemo\u017cliwe\u201d nie istnieje.<\/span><\/li><li><strong>Wsparcie techniczne.<\/strong> Nasz zesp\u00f3\u0142 in\u017cynier\u00f3w, konstruktor\u00f3w i specjalist\u00f3w technicznych jest got\u00f3w s\u0142u\u017cy\u0107 Ci wsparciem na ka\u017cdym etapie projektu, od doradztwa technicznego po instalacje i serwis.<\/li><li><strong>Spersonalizowane rozwi\u0105zania.<\/strong> Rozumiemy, \u017ce ka\u017cdy projekt jest unikalny. Dlatego oferujemy spersonalizowane linie produkcyjne, dostosowane do Twoich potrzeb i cel\u00f3w. Nasz dzia\u0142 eksperymentalny ci\u0105gle opracowuje nowe technologie, poniewa\u017c Tw\u00f3j sukces jest naszym priorytetem.<\/li><li><strong>Globalna obecno\u015b\u0107.<\/strong> Rozwi\u0105zania oferowane przez firm\u0119 Peletto s\u0105 popularne na rynku europejskim, mi\u0119dzy innymi w takich pa\u0144stwach jak: Rumunia, Bu\u0142garia, Czechy, Ukraina, Estonia, Niemcy, Holandia, Francja, W\u0142ochy Litwa i \u0141otwa. Jeste\u015bmy gotowi dostarczy\u0107 nasze produkty i wsparcie tam, gdzie jest to potrzebne. Dlatego w\u0142a\u015bnie weszli\u015bmy na Polski rynek w 2019 roku.<\/li><li><strong>W\u0142asna Produkcja.<\/strong>\u00a0Posiadamy zak\u0142ady produkcyjne o \u0142\u0105cznej powierzchni ponad 3500 m\u00b2, w kt\u00f3rych tworzymy cz\u0119\u015b\u0107 naszego asortymentu. Niekt\u00f3re z naszych maszyn powstaj\u0105 we wsp\u00f3\u0142pracy z renomowanymi podwykonawcami oraz partnerami bran\u017cowymi, co gwarantuje najwy\u017csz\u0105 jako\u015b\u0107 i r\u00f3\u017cnorodno\u015b\u0107 naszej oferty. Nasz\u0105 si\u0142\u0105 jest zdolno\u015b\u0107 do dostarczania nie tylko w\u0142asnych produkt\u00f3w, ale tak\u017ce wspieranie naszych klient\u00f3w poprzez dost\u0119p do r\u00f3\u017cnorodnych rozwi\u0105za\u0144.<\/li><li><strong>Nasza Misja.<\/strong>\u00a0Nasza misja polega na ci\u0105g\u0142ym d\u0105\u017ceniu do doskona\u0142o\u015bci w oparciu o najnowsze\u00a0 technologie i innowacyjne rozwi\u0105zania. Sukcesywnie z roku na rok pniemy si\u0119 po drabinie lider\u00f3w w bran\u017cy produkcji granulatu. Zapewniamy kompleksowe rozwi\u0105zania przemys\u0142owe w r\u00f3\u017cnych bran\u017cach: przetw\u00f3rstwo biomasy, recykling tworzyw sztucznych, produkcji opa\u0142u i nie tylko. Niezale\u017cnie od tego, czy jeste\u015b producentem pelletu, dzia\u0142asz w bran\u017cy rolniczej, czy po prostu masz pomys\u0142 na stworzenie w\u0142asnego biznesu, jeste\u015bmy gotowi przedstawi\u0107 Ci odpowiednie rozwi\u0105zanie, kt\u00f3re zagwarantuje sukces Twojej firmie.<\/li><\/ul><p>Je\u015bli szukasz niezawodnego partnera, kt\u00f3ry zapewni Ci nowoczesny sprz\u0119t i wsparcie techniczne, to dobrze trafi\u0142e\u015b. Wsp\u00f3lnie przejdziemy od s\u0142\u00f3w do czyn\u00f3w, a marzenia stan\u0105 si\u0119 faktem<\/p>\t\t\t\t\t\t\t\t<\/div>\n\t\t\t\t<\/div>\n\t\t\t\t\t<\/div>\n\t\t<\/div>\n\t\t\t\t\t<\/div>\n\t\t<\/section>\n\t\t\t\t\t<\/div>\n\t\t<\/div>\n\t\t\t\t\t<\/div>\n\t\t<\/section>\n\t\t\t\t<section class=\"elementor-section elementor-top-section elementor-element elementor-element-40dbff6 elementor-section-boxed elementor-section-height-default elementor-section-height-default\" data-id=\"40dbff6\" data-element_type=\"section\" data-e-type=\"section\" data-settings=\"{&quot;background_background&quot;:&quot;classic&quot;}\">\n\t\t\t\t\t\t\t<div class=\"elementor-background-overlay\"><\/div>\n\t\t\t\t\t\t\t<div class=\"elementor-container elementor-column-gap-default\">\n\t\t\t\t\t<div class=\"elementor-column elementor-col-20 elementor-top-column elementor-element elementor-element-1563b4c\" data-id=\"1563b4c\" data-element_type=\"column\" data-e-type=\"column\">\n\t\t\t<div class=\"elementor-widget-wrap elementor-element-populated\">\n\t\t\t\t\t\t<div class=\"elementor-element elementor-element-a31fcfe elementor-view-default elementor-widget elementor-widget-icon\" data-id=\"a31fcfe\" data-element_type=\"widget\" data-e-type=\"widget\" data-widget_type=\"icon.default\">\n\t\t\t\t<div class=\"elementor-widget-container\">\n\t\t\t\t\t\t\t<div class=\"elementor-icon-wrapper\">\n\t\t\t<div class=\"elementor-icon\">\n\t\t\t<svg xmlns=\"http:\/\/www.w3.org\/2000\/svg\" viewBox=\"0 0 512 512\"><path d=\"M144 129.1V64c0-26.5 21.5-48 48-48H332.1c1.3 0 2.6 .1 3.9 .2V136c0 22.1 17.9 40 40 40H495.8c.2 1.3 .2 2.6 .2 3.9V448c0 26.5-21.5 48-48 48H224c0 5.5-1 10.9-2.7 16H448c35.3 0 64-28.7 64-64V179.9c0-12.7-5.1-24.9-14.1-33.9L366.1 14.1c-9-9-21.2-14.1-33.9-14.1H192c-35.3 0-64 28.7-64 64v71.1l.1-.1c1.5-.7 4-2 6.6-3c3-1.2 6.2-2.2 9.3-2.9zm342.6 28.2c.9 .9 1.7 1.8 2.4 2.7H376c-13.3 0-24-10.7-24-24V22.9c1 .8 1.9 1.6 2.7 2.4L486.6 157.3zm-377.5 4.3c-10-4.1-21.5-1-28.1 7.5L70.6 182.6c-1.3 1.7-3.2 2.7-5.2 3l-16.9 2.3c-10.7 1.5-19.1 9.9-20.5 20.5l-2.3 16.9c-.3 2.1-1.4 4-3 5.2L9.1 241.1c-8.5 6.6-11.6 18.1-7.5 28.1L8 285c.8 1.9 .8 4.1 0 6.1L1.6 306.8c-4.1 10-1 21.5 7.5 28.1l13.5 10.5c1.7 1.3 2.7 3.2 3 5.2l2.3 16.9c1.5 10.7 9.9 19.1 20.5 20.5L64 390.2V504c0 2.9 1.5 5.5 4 6.9s5.5 1.4 8 0l52-29.7 52 29.7c2.5 1.4 5.5 1.4 8 0s4-4.1 4-6.9V390.2l15.5-2.1c10.7-1.5 19.1-9.9 20.5-20.5l2.3-16.9c.3-2.1 1.4-4 3-5.2l13.5-10.5c8.5-6.6 11.6-18.1 7.5-28.1L248 291c-.8-1.9-.8-4.1 0-6.1l6.5-15.8c4.1-10 1-21.5-7.5-28.1l-13.5-10.5c-1.7-1.3-2.7-3.2-3-5.2l-2.3-16.9c-1.5-10.7-9.9-19.1-20.5-20.5l-16.9-2.3c-2.1-.3-4-1.4-5.2-3l-10.5-13.5c-6.6-8.5-18.1-11.6-28.1-7.5L131 168c-1.9 .8-4.1 .8-6.1 0l-15.8-6.5zm73.3 214.6c-1.6 .3-3 1.1-4.1 2.2c-2.1 1.4-4 3.2-5.6 5.2l-10.5 13.5c-2.2 2.8-6 3.9-9.4 2.5l-15.8-6.5c-5.8-2.4-12.4-2.4-18.2 0l-15.8 6.5c-3.3 1.4-7.2 .3-9.4-2.5L83.3 383.6c-1.6-2.1-3.5-3.8-5.6-5.2c-1.1-1.1-2.5-1.9-4.1-2.2c-1.9-.8-3.9-1.3-6-1.6l-16.9-2.3c-3.6-.5-6.4-3.3-6.8-6.9l-2.3-16.9c-.8-6.2-4.1-11.9-9.1-15.7L18.9 322.2c-2.8-2.2-3.9-6-2.5-9.4l6.5-15.8c2.4-5.8 2.4-12.4 0-18.2l-6.5-15.8c-1.4-3.3-.3-7.2 2.5-9.4l13.5-10.5c5-3.9 8.2-9.5 9.1-15.7l2.3-16.9c.5-3.6 3.3-6.4 6.8-6.8l16.9-2.3c6.2-.8 11.9-4.1 15.7-9.1l10.5-13.5c2.2-2.8 6-3.9 9.4-2.5l15.8 6.5c5.8 2.4 12.4 2.4 18.2 0l15.8-6.5c3.3-1.4 7.2-.3 9.4 2.5l10.5 13.5c3.9 5 9.5 8.2 15.7 9.1l16.9 2.3c3.6 .5 6.4 3.3 6.8 6.8l2.3 16.9c.8 6.2 4.1 11.9 9.1 15.7l13.5 10.5c2.8 2.2 3.9 6 2.5 9.4l-6.5 15.8c-2.4 5.8-2.4 12.4 0 18.2l6.5 15.8c1.4 3.3 .3 7.2-2.5 9.4l-13.5 10.5c-5 3.9-8.2 9.5-9.1 15.7l-2.3 16.9c-.5 3.6-3.3 6.4-6.8 6.9l-16.9 2.3c-2.1 .3-4.1 .8-6 1.6zM80 405.5l1.1 1.4c6.6 8.5 18.1 11.6 28.1 7.5L125 408c1.9-.8 4.1-.8 6.1 0l15.8 6.5c10 4.1 21.5 1 28.1-7.5l1.1-1.4v84.7l-44-25.2c-2.5-1.4-5.5-1.4-7.9 0L80 490.2V405.5zM80 288a48 48 0 1 1 96 0 48 48 0 1 1 -96 0zm112 0A64 64 0 1 0 64 288a64 64 0 1 0 128 0z\"><\/path><\/svg>\t\t\t<\/div>\n\t\t<\/div>\n\t\t\t\t\t\t<\/div>\n\t\t\t\t<\/div>\n\t\t\t\t<div class=\"elementor-element elementor-element-631281a elementor-widget elementor-widget-image-box\" data-id=\"631281a\" data-element_type=\"widget\" data-e-type=\"widget\" data-widget_type=\"image-box.default\">\n\t\t\t\t<div class=\"elementor-widget-container\">\n\t\t\t\t\t<div class=\"elementor-image-box-wrapper\"><div class=\"elementor-image-box-content\"><h3 class=\"elementor-image-box-title\">Gwarancja wysokiej jako\u015bci<\/h3><\/div><\/div>\t\t\t\t<\/div>\n\t\t\t\t<\/div>\n\t\t\t\t\t<\/div>\n\t\t<\/div>\n\t\t\t\t<div class=\"elementor-column elementor-col-20 elementor-top-column elementor-element elementor-element-4985671\" data-id=\"4985671\" data-element_type=\"column\" data-e-type=\"column\">\n\t\t\t<div class=\"elementor-widget-wrap elementor-element-populated\">\n\t\t\t\t\t\t<div class=\"elementor-element elementor-element-ca5ccfc elementor-view-default elementor-widget elementor-widget-icon\" data-id=\"ca5ccfc\" data-element_type=\"widget\" data-e-type=\"widget\" data-widget_type=\"icon.default\">\n\t\t\t\t<div class=\"elementor-widget-container\">\n\t\t\t\t\t\t\t<div class=\"elementor-icon-wrapper\">\n\t\t\t<div class=\"elementor-icon\">\n\t\t\t<svg xmlns=\"http:\/\/www.w3.org\/2000\/svg\" viewBox=\"0 0 576 512\"><path d=\"M40 32H32v8V256 384v88 8h8H536h8v-8V320 256 112 98.4L532.1 105 368 196.9V112 98.1l-12 7L192 200.7V40 32h-8H40zm8 224V48H176V214.7v13.9l12-7 164-95.6v84.6 13.6l11.9-6.7L528 125.6V256v64V464H48V384 256zm80 48h-8v8 64 8h8 64 8v-8V312v-8h-8H128zm8 64V320h48v48H136zm112-64v8 64 8h8 64 8v-8V312v-8h-8H256h-8zm16 16h48v48H264V320zm120-16h-8v8 64 8h8 64 8v-8V312v-8h-8H384zm8 64V320h48v48H392z\"><\/path><\/svg>\t\t\t<\/div>\n\t\t<\/div>\n\t\t\t\t\t\t<\/div>\n\t\t\t\t<\/div>\n\t\t\t\t<div class=\"elementor-element elementor-element-d090c6a elementor-widget elementor-widget-image-box\" data-id=\"d090c6a\" data-element_type=\"widget\" data-e-type=\"widget\" data-widget_type=\"image-box.default\">\n\t\t\t\t<div class=\"elementor-widget-container\">\n\t\t\t\t\t<div class=\"elementor-image-box-wrapper\"><div class=\"elementor-image-box-content\"><h3 class=\"elementor-image-box-title\">W\u0142asna produkcja<\/h3><\/div><\/div>\t\t\t\t<\/div>\n\t\t\t\t<\/div>\n\t\t\t\t\t<\/div>\n\t\t<\/div>\n\t\t\t\t<div class=\"elementor-column elementor-col-20 elementor-top-column elementor-element elementor-element-0baf822\" data-id=\"0baf822\" data-element_type=\"column\" data-e-type=\"column\">\n\t\t\t<div class=\"elementor-widget-wrap elementor-element-populated\">\n\t\t\t\t\t\t<div class=\"elementor-element elementor-element-8e08b6a elementor-view-default elementor-widget elementor-widget-icon\" data-id=\"8e08b6a\" data-element_type=\"widget\" data-e-type=\"widget\" data-widget_type=\"icon.default\">\n\t\t\t\t<div class=\"elementor-widget-container\">\n\t\t\t\t\t\t\t<div class=\"elementor-icon-wrapper\">\n\t\t\t<div class=\"elementor-icon\">\n\t\t\t<svg xmlns=\"http:\/\/www.w3.org\/2000\/svg\" viewBox=\"0 0 640 512\"><path d=\"M507.3 4.7c6.2 6.2 6.2 16.4 0 22.6L452.7 81.9c-9 9-21.2 14.1-33.9 14.1H304c-35.3 0-64 28.7-64 64v96c0 17.7 14.3 32 32 32s32-14.3 32-32V168c0-8.8 7.2-16 16-16s16 7.2 16 16v24H448c35.3 0 64 28.7 64 64c0 24.5-13.7 45.7-33.9 56.5c1.2 5 1.9 10.2 1.9 15.5c0 29.9-20.5 55-48.3 62.1C428.7 422.6 401.3 448 368 448H237.3c-4.2 0-8.3 1.7-11.3 4.7l-54.6 54.6c-6.2 6.2-16.4 6.2-22.6 0s-6.2-16.4 0-22.6l54.6-54.6c9-9 21.2-14.1 33.9-14.1H368c17.7 0 32-14.3 32-32c0-1.8-.2-3.6-.4-5.4c-.8-4.7 .5-9.5 3.6-13.1s7.6-5.6 12.4-5.6l.4 0c17.7 0 32-14.3 32-32c0-6.1-1.7-11.7-4.6-16.6c-2.7-4.5-3.1-10-.9-14.8s6.5-8.2 11.6-9.2c14.8-2.8 25.9-15.8 25.9-31.4c0-17.7-14.3-32-32-32H336v32c0 35.3-28.7 64-64 64s-64-28.7-64-64V160c0-53 43-96 96-96H418.7c4.2 0 8.3-1.7 11.3-4.7L484.7 4.7c6.2-6.2 16.4-6.2 22.6 0zM125.6 190.3c9.2-24.5 27.6-43.5 50.4-53.8v37.1c-9.1 7.1-16.3 16.7-20.5 27.9l-26.1 69.6c-2.4 6.4-6.2 12.2-11 17.1L27.3 379.3c-6.2 6.2-16.4 6.2-22.6 0s-6.2-16.4 0-22.6l91.1-91.1c1.6-1.6 2.9-3.6 3.7-5.7l26.1-69.6zm509.8-57.6c6.2 6.2 6.2 16.4 0 22.6L543.6 247c-1.2-12.5-4.7-24.4-10.2-35l79.3-79.3c6.2-6.2 16.4-6.2 22.6 0z\"><\/path><\/svg>\t\t\t<\/div>\n\t\t<\/div>\n\t\t\t\t\t\t<\/div>\n\t\t\t\t<\/div>\n\t\t\t\t<div class=\"elementor-element elementor-element-133d672 elementor-widget elementor-widget-image-box\" data-id=\"133d672\" data-element_type=\"widget\" data-e-type=\"widget\" data-widget_type=\"image-box.default\">\n\t\t\t\t<div class=\"elementor-widget-container\">\n\t\t\t\t\t<div class=\"elementor-image-box-wrapper\"><div class=\"elementor-image-box-content\"><h3 class=\"elementor-image-box-title\">Gwarancja i Serwis<\/h3><\/div><\/div>\t\t\t\t<\/div>\n\t\t\t\t<\/div>\n\t\t\t\t\t<\/div>\n\t\t<\/div>\n\t\t\t\t<div class=\"elementor-column elementor-col-20 elementor-top-column elementor-element elementor-element-3b423b4\" data-id=\"3b423b4\" data-element_type=\"column\" data-e-type=\"column\">\n\t\t\t<div class=\"elementor-widget-wrap elementor-element-populated\">\n\t\t\t\t\t\t<div class=\"elementor-element elementor-element-21172e1 elementor-view-default elementor-widget elementor-widget-icon\" data-id=\"21172e1\" data-element_type=\"widget\" data-e-type=\"widget\" data-widget_type=\"icon.default\">\n\t\t\t\t<div class=\"elementor-widget-container\">\n\t\t\t\t\t\t\t<div class=\"elementor-icon-wrapper\">\n\t\t\t<div class=\"elementor-icon\">\n\t\t\t<svg xmlns=\"http:\/\/www.w3.org\/2000\/svg\" viewBox=\"0 0 640 512\"><path d=\"M80 16H400V400H236.7c-10.4-36.9-44.4-64-84.7-64c-29.8 0-56.1 14.8-72 37.4V288H64V400v16h.4c-.2 2.6-.4 5.3-.4 8c0 48.6 39.4 88 88 88s88-39.4 88-88c0-2.7-.1-5.4-.4-8H400h.4c-.2 2.6-.4 5.3-.4 8c0 48.6 39.4 88 88 88s88-39.4 88-88c0-2.7-.1-5.4-.4-8H632h8V400h-8H608V216v-3.3l-2.3-2.3-112-112L491.3 96H488 416V16 0H400 80 64V16 96H8 0v16H8 216h8V96h-8H80V16zM416 216V112h68.7l104 104H416zm0 16H592V400H572.7c-10.4-36.9-44.4-64-84.7-64c-29.8 0-56.1 14.8-72 37.4V232zM80 424a72 72 0 1 1 144 0A72 72 0 1 1 80 424zm408-72a72 72 0 1 1 0 144 72 72 0 1 1 0-144zM40 160H32v16h8H280h8V160h-8H40zM8 224H0v16H8 216h8V224h-8H8z\"><\/path><\/svg>\t\t\t<\/div>\n\t\t<\/div>\n\t\t\t\t\t\t<\/div>\n\t\t\t\t<\/div>\n\t\t\t\t<div class=\"elementor-element elementor-element-5028e09 elementor-widget elementor-widget-image-box\" data-id=\"5028e09\" data-element_type=\"widget\" data-e-type=\"widget\" data-widget_type=\"image-box.default\">\n\t\t\t\t<div class=\"elementor-widget-container\">\n\t\t\t\t\t<div class=\"elementor-image-box-wrapper\"><div class=\"elementor-image-box-content\"><h3 class=\"elementor-image-box-title\">Dostawa w ca\u0142ej Europie<\/h3><\/div><\/div>\t\t\t\t<\/div>\n\t\t\t\t<\/div>\n\t\t\t\t\t<\/div>\n\t\t<\/div>\n\t\t\t\t<div class=\"elementor-column elementor-col-20 elementor-top-column elementor-element elementor-element-048c458\" data-id=\"048c458\" data-element_type=\"column\" data-e-type=\"column\">\n\t\t\t<div class=\"elementor-widget-wrap elementor-element-populated\">\n\t\t\t\t\t\t<div class=\"elementor-element elementor-element-9f2cdc1 elementor-view-default elementor-widget elementor-widget-icon\" data-id=\"9f2cdc1\" data-element_type=\"widget\" data-e-type=\"widget\" data-widget_type=\"icon.default\">\n\t\t\t\t<div class=\"elementor-widget-container\">\n\t\t\t\t\t\t\t<div class=\"elementor-icon-wrapper\">\n\t\t\t<div class=\"elementor-icon\">\n\t\t\t<svg xmlns=\"http:\/\/www.w3.org\/2000\/svg\" viewBox=\"0 0 448 512\"><path d=\"M384 48c26.5 0 48 21.5 48 48V416c0 26.5-21.5 48-48 48H64c-26.5 0-48-21.5-48-48V96c0-26.5 21.5-48 48-48H384zM64 32C28.7 32 0 60.7 0 96V416c0 35.3 28.7 64 64 64H384c35.3 0 64-28.7 64-64V96c0-35.3-28.7-64-64-64H64zm96 128c0 4.4 3.6 8 8 8H360c4.4 0 8-3.6 8-8s-3.6-8-8-8H168c-4.4 0-8 3.6-8 8zm0 96c0 4.4 3.6 8 8 8H360c4.4 0 8-3.6 8-8s-3.6-8-8-8H168c-4.4 0-8 3.6-8 8zm0 96c0 4.4 3.6 8 8 8H360c4.4 0 8-3.6 8-8s-3.6-8-8-8H168c-4.4 0-8 3.6-8 8zM96 144a16 16 0 1 0 0 32 16 16 0 1 0 0-32zm16 112a16 16 0 1 0 -32 0 16 16 0 1 0 32 0zM96 336a16 16 0 1 0 0 32 16 16 0 1 0 0-32z\"><\/path><\/svg>\t\t\t<\/div>\n\t\t<\/div>\n\t\t\t\t\t\t<\/div>\n\t\t\t\t<\/div>\n\t\t\t\t<div class=\"elementor-element elementor-element-21ae837 elementor-widget elementor-widget-image-box\" data-id=\"21ae837\" data-element_type=\"widget\" data-e-type=\"widget\" data-widget_type=\"image-box.default\">\n\t\t\t\t<div class=\"elementor-widget-container\">\n\t\t\t\t\t<div class=\"elementor-image-box-wrapper\"><div class=\"elementor-image-box-content\"><h3 class=\"elementor-image-box-title\">Du\u017cy wyb\u00f3r produkcji<\/h3><\/div><\/div>\t\t\t\t<\/div>\n\t\t\t\t<\/div>\n\t\t\t\t\t<\/div>\n\t\t<\/div>\n\t\t\t\t\t<\/div>\n\t\t<\/section>\n\t\t\t\t<\/div>\n\t\t","protected":false},"excerpt":{"rendered":"<p>Witaj w Peletto Witaj w\u00a0Peletto! Jeste\u015bmy dostawc\u0105 zaawansowanych rozwi\u0105za\u0144 w bran\u017cy produkcji peletu i granulatu. Oferujemy zar\u00f3wno pojedyncze maszyny jak i kompleksowe\u00a0 linie produkcyjne. W bran\u017cy maszyn do produkcji pelletu\u00a0 i przetwarzania biomasy dzia\u0142amy od 2011 roku. Zdobywane latami\u00a0 do\u015bwiadczenie mo\u017ce pos\u0142u\u017cy\u0107 Ci we wdro\u017ceniu nowych, ekologicznych i wysokodochodowych technologii. Dlaczego warto wybra\u0107 firm\u0119 Peletto? [&hellip;]<\/p>\n","protected":false},"author":1,"featured_media":0,"parent":0,"menu_order":0,"comment_status":"closed","ping_status":"closed","template":"","meta":{"site-sidebar-layout":"no-sidebar","site-content-layout":"page-builder","ast-site-content-layout":"full-width-container","site-content-style":"default","site-sidebar-style":"default","ast-global-header-display":"","ast-banner-title-visibility":"","ast-main-header-display":"","ast-hfb-above-header-display":"","ast-hfb-below-header-display":"","ast-hfb-mobile-header-display":"","site-post-title":"disabled","ast-breadcrumbs-content":"","ast-featured-img":"disabled","footer-sml-layout":"","ast-disable-related-posts":"","theme-transparent-header-meta":"","adv-header-id-meta":"","stick-header-meta":"","header-above-stick-meta":"","header-main-stick-meta":"","header-below-stick-meta":"","astra-migrate-meta-layouts":"set","ast-page-background-enabled":"default","ast-page-background-meta":{"desktop":{"background-color":"var(--ast-global-color-4)","background-image":"","background-repeat":"repeat","background-position":"center center","background-size":"auto","background-attachment":"scroll","background-type":"","background-media":"","overlay-type":"","overlay-color":"","overlay-opacity":"","overlay-gradient":""},"tablet":{"background-color":"","background-image":"","background-repeat":"repeat","background-position":"center center","background-size":"auto","background-attachment":"scroll","background-type":"","background-media":"","overlay-type":"","overlay-color":"","overlay-opacity":"","overlay-gradient":""},"mobile":{"background-color":"","background-image":"","background-repeat":"repeat","background-position":"center center","background-size":"auto","background-attachment":"scroll","background-type":"","background-media":"","overlay-type":"","overlay-color":"","overlay-opacity":"","overlay-gradient":""}},"ast-content-background-meta":{"desktop":{"background-color":"var(--ast-global-color-5)","background-image":"","background-repeat":"repeat","background-position":"center center","background-size":"auto","background-attachment":"scroll","background-type":"","background-media":"","overlay-type":"","overlay-color":"","overlay-opacity":"","overlay-gradient":""},"tablet":{"background-color":"var(--ast-global-color-5)","background-image":"","background-repeat":"repeat","background-position":"center center","background-size":"auto","background-attachment":"scroll","background-type":"","background-media":"","overlay-type":"","overlay-color":"","overlay-opacity":"","overlay-gradient":""},"mobile":{"background-color":"var(--ast-global-color-5)","background-image":"","background-repeat":"repeat","background-position":"center center","background-size":"auto","background-attachment":"scroll","background-type":"","background-media":"","overlay-type":"","overlay-color":"","overlay-opacity":"","overlay-gradient":""}},"footnotes":""},"class_list":["post-116","page","type-page","status-publish","hentry"],"_links":{"self":[{"href":"https:\/\/peletto.eu\/pl\/wp-json\/wp\/v2\/pages\/116","targetHints":{"allow":["GET"]}}],"collection":[{"href":"https:\/\/peletto.eu\/pl\/wp-json\/wp\/v2\/pages"}],"about":[{"href":"https:\/\/peletto.eu\/pl\/wp-json\/wp\/v2\/types\/page"}],"author":[{"embeddable":true,"href":"https:\/\/peletto.eu\/pl\/wp-json\/wp\/v2\/users\/1"}],"replies":[{"embeddable":true,"href":"https:\/\/peletto.eu\/pl\/wp-json\/wp\/v2\/comments?post=116"}],"version-history":[{"count":7,"href":"https:\/\/peletto.eu\/pl\/wp-json\/wp\/v2\/pages\/116\/revisions"}],"predecessor-version":[{"id":1319,"href":"https:\/\/peletto.eu\/pl\/wp-json\/wp\/v2\/pages\/116\/revisions\/1319"}],"wp:attachment":[{"href":"https:\/\/peletto.eu\/pl\/wp-json\/wp\/v2\/media?parent=116"}],"curies":[{"name":"wp","href":"https:\/\/api.w.org\/{rel}","templated":true}]}}