{"id":352,"date":"2024-01-24T23:45:22","date_gmt":"2024-01-24T22:45:22","guid":{"rendered":"https:\/\/peletto.eu\/?post_type=product&#038;p=352"},"modified":"2024-01-24T23:45:39","modified_gmt":"2024-01-24T22:45:39","slug":"czesci-zamienne-matryce","status":"publish","type":"product","link":"https:\/\/peletto.eu\/pl\/produkt\/czesci-zamienne-matryce\/","title":{"rendered":"Cz\u0119\u015bci zamienne &#8211; matryce na zam\u00f3wienie"},"content":{"rendered":"<div>Firma Peletto.pl oferuje cz\u0119\u015bci eksploatacyjne do peleciarek z matrycami p\u0142askimi.\u00a0<strong>\u015arednice matryc jakie oferujemy maj\u0105 od 100 mm do 500 mm. \u015arednica otwor\u00f3w roboczych standardowo od 2 mm do 8 mm.<\/strong>\u00a0Potrzebujesz niestandardowych otwor\u00f3w?\u00a0Zadzwo\u0144 do nas i zapytaj, poniewa\u017c wykonujemy r\u00f3wnie\u017c \u015brednice dostosowane do zapotrzebowania klienta.<\/div>\n<div><\/div>\n<div>Jak wiadomo do ka\u017cdego surowca powinna by\u0107 zastosowana matryca o \u015bci\u015ble wyznaczonych parametrach. Matryce r\u00f3\u017cni\u0105 si\u0119 od siebie grubo\u015bci\u0105 oraz k\u0105tem sto\u017cka w zale\u017cno\u015bci od tego jaki surowiec jest przerabiany. Firma Peletto.pl ze wzgl\u0119du na swoje 10-letnie do\u015bwiadczenie posiada ponad 60 technologii granulacji surowc\u00f3w!<\/div>\n<div><strong>Dorabianie matryc do peleciarek \u2013 na zam\u00f3wienie klienta, pod wymiar!<\/strong><\/div>\n<div>Chcesz wiedzie\u0107 wi\u0119cej? Potrzebne ci s\u0105 rolki do peleciarki, cz\u0119\u015bci zamienne do maszyn rolniczych takich jak granulatory, peleciarki, suszarnie i inne? Zadzwo\u0144 i porozmawiaj z naszym specjalist\u0105, kt\u00f3ry odpowie na wszystkie twoje pytania. Ponadto zapraszamy do naszej hali demonstracyjnej, kt\u00f3ra mie\u015bci si\u0119 w Poznaniu.<\/div>\n<div><\/div>\n<div>Je\u017celi jeste\u015b zainteresowany szersz\u0105 ofert\u0105 polecamy zajrze\u0107 w pozosta\u0142e aukcje aby lepiej pozna\u0107 jakie mo\u017cliwo\u015bci daje firma Peletto.pl<\/div>\n<div><\/div>\n<div><strong>Matryce o \u015brednicy 100mm<\/strong><\/div>\n<div>\n<table dir=\"ltr\" border=\"1\" cellspacing=\"0\" cellpadding=\"0\">\n<colgroup>\n<col width=\"200\" \/>\n<col width=\"207\" \/>\n<col width=\"131\" \/><\/colgroup>\n<tbody>\n<tr>\n<td colspan=\"1\" rowspan=\"5\" data-sheets-value=\"{&quot;1&quot;:2,&quot;2&quot;:&quot;\u015arednica otwor\u00f3w roboczych&quot;}\">\n<div>\u015arednica otwor\u00f3w roboczych<\/div>\n<\/td>\n<td data-sheets-value=\"{&quot;1&quot;:2,&quot;2&quot;:&quot;2 mm&quot;}\">2 mm<\/td>\n<td data-sheets-value=\"{&quot;1&quot;:2,&quot;2&quot;:&quot;od 420 PLN netto&quot;}\">od 420 PLN netto<\/td>\n<\/tr>\n<tr>\n<td data-sheets-value=\"{&quot;1&quot;:2,&quot;2&quot;:&quot;3 mm&quot;}\">3 mm<\/td>\n<td data-sheets-value=\"{&quot;1&quot;:2,&quot;2&quot;:&quot;od 420 PLN netto&quot;}\">od 420 PLN netto<\/td>\n<\/tr>\n<tr>\n<td data-sheets-value=\"{&quot;1&quot;:2,&quot;2&quot;:&quot;4 mm&quot;}\">4 mm<\/td>\n<td data-sheets-value=\"{&quot;1&quot;:2,&quot;2&quot;:&quot;od 420 PLN netto&quot;}\">od 420 PLN netto<\/td>\n<\/tr>\n<tr>\n<td data-sheets-value=\"{&quot;1&quot;:2,&quot;2&quot;:&quot;5 mm&quot;}\">5 mm<\/td>\n<td data-sheets-value=\"{&quot;1&quot;:2,&quot;2&quot;:&quot;od 420 PLN netto&quot;}\">od 420 PLN netto<\/td>\n<\/tr>\n<tr>\n<td data-sheets-value=\"{&quot;1&quot;:2,&quot;2&quot;:&quot;6 mm (s\u0142oma)&quot;}\">6 mm (s\u0142oma)<\/td>\n<td data-sheets-value=\"{&quot;1&quot;:2,&quot;2&quot;:&quot;od 420 PLN netto&quot;}\">od 420 PLN netto<\/td>\n<\/tr>\n<tr>\n<td colspan=\"2\" rowspan=\"1\" data-sheets-value=\"{&quot;1&quot;:2,&quot;2&quot;:&quot;Rolki kompletne do matrycy ze \u015brednic\u0105 100mm&quot;}\">Rolki kompletne do matrycy ze \u015brednic\u0105 100mm<\/td>\n<td data-sheets-value=\"{&quot;1&quot;:3,&quot;3&quot;:550}\">od 550 PLN netto<\/td>\n<\/tr>\n<tr>\n<td colspan=\"2\" rowspan=\"1\" data-sheets-value=\"{&quot;1&quot;:2,&quot;2&quot;:&quot;P\u0142aszcze rolek&quot;}\">P\u0142aszcze rolek<\/td>\n<td data-sheets-value=\"{&quot;1&quot;:3,&quot;3&quot;:180}\">od 180 PLN netto<\/td>\n<\/tr>\n<tr>\n<td colspan=\"2\" rowspan=\"1\" data-sheets-value=\"{&quot;1&quot;:2,&quot;2&quot;:&quot;O\u015b \/ wa\u0142 rolek&quot;}\">O\u015b \/ wa\u0142 rolek<\/td>\n<td data-sheets-value=\"{&quot;1&quot;:3,&quot;3&quot;:230}\">od 230 PLN netto<\/td>\n<\/tr>\n<\/tbody>\n<\/table>\n<p><strong>\u015arednica matrycy 101-150 mm<\/strong><\/p>\n<table dir=\"ltr\" border=\"1\" cellspacing=\"0\" cellpadding=\"0\">\n<colgroup>\n<col width=\"200\" \/>\n<col width=\"207\" \/>\n<col width=\"131\" \/><\/colgroup>\n<tbody>\n<tr>\n<td colspan=\"1\" rowspan=\"9\" data-sheets-value=\"{&quot;1&quot;:2,&quot;2&quot;:&quot;\u015arednica otwor\u00f3w roboczych&quot;}\">\n<div>\u015arednica otwor\u00f3w roboczych<\/div>\n<\/td>\n<td data-sheets-value=\"{&quot;1&quot;:2,&quot;2&quot;:&quot;2 mm&quot;}\">2 mm<\/td>\n<td data-sheets-value=\"{&quot;1&quot;:3,&quot;3&quot;:620}\">od 620 PLN netto<\/td>\n<\/tr>\n<tr>\n<td data-sheets-value=\"{&quot;1&quot;:2,&quot;2&quot;:&quot;3 mm&quot;}\">3 mm<\/td>\n<td data-sheets-value=\"{&quot;1&quot;:3,&quot;3&quot;:620}\">od 620 PLN netto<\/td>\n<\/tr>\n<tr>\n<td data-sheets-value=\"{&quot;1&quot;:2,&quot;2&quot;:&quot;4 mm&quot;}\">4 mm<\/td>\n<td data-sheets-value=\"{&quot;1&quot;:3,&quot;3&quot;:620}\">od 620 PLN netto<\/td>\n<\/tr>\n<tr>\n<td data-sheets-value=\"{&quot;1&quot;:2,&quot;2&quot;:&quot;5 mm&quot;}\">5 mm<\/td>\n<td data-sheets-value=\"{&quot;1&quot;:3,&quot;3&quot;:620}\">od 620 PLN netto<\/td>\n<\/tr>\n<tr>\n<td data-sheets-value=\"{&quot;1&quot;:2,&quot;2&quot;:&quot;6 mm (trociny)&quot;}\">6 mm (trociny)<\/td>\n<td data-sheets-value=\"{&quot;1&quot;:3,&quot;3&quot;:620}\">od 620 PLN netto<\/td>\n<\/tr>\n<tr>\n<td data-sheets-value=\"{&quot;1&quot;:2,&quot;2&quot;:&quot;6 mm (pasza \/ s\u0142oma)&quot;}\">6 mm (pasza \/ s\u0142oma)<\/td>\n<td data-sheets-value=\"{&quot;1&quot;:3,&quot;3&quot;:620}\">od 620 PLN netto<\/td>\n<\/tr>\n<tr>\n<td data-sheets-value=\"{&quot;1&quot;:2,&quot;2&quot;:&quot;8 mm (trociny)&quot;}\">8 mm (trociny)<\/td>\n<td data-sheets-value=\"{&quot;1&quot;:3,&quot;3&quot;:620}\">od 620 PLN netto<\/td>\n<\/tr>\n<tr>\n<td data-sheets-value=\"{&quot;1&quot;:2,&quot;2&quot;:&quot;8 mm (pasza \/ s\u0142oma)&quot;}\">8 mm (pasza \/ s\u0142oma)<\/td>\n<td data-sheets-value=\"{&quot;1&quot;:3,&quot;3&quot;:620}\">od 620 PLN netto<\/td>\n<\/tr>\n<tr>\n<td data-sheets-value=\"{&quot;1&quot;:2,&quot;2&quot;:&quot;8 mm (odpady zbo\u017cowe i oleiste)&quot;}\">8 mm (odpady zbo\u017cowe i oleiste)<\/td>\n<td data-sheets-value=\"{&quot;1&quot;:3,&quot;3&quot;:620}\">od 620 PLN netto<\/td>\n<\/tr>\n<\/tbody>\n<\/table>\n<\/div>\n<div>\n<p><strong>\u015arednica matrycy 151-205 mm<\/strong><\/p>\n<table dir=\"ltr\" border=\"1\" cellspacing=\"0\" cellpadding=\"0\">\n<colgroup>\n<col width=\"200\" \/>\n<col width=\"207\" \/>\n<col width=\"131\" \/><\/colgroup>\n<tbody>\n<tr>\n<td colspan=\"1\" rowspan=\"9\" data-sheets-value=\"{&quot;1&quot;:2,&quot;2&quot;:&quot;\u015arednica otwor\u00f3w roboczych&quot;}\">\n<div>\u015arednica otwor\u00f3w roboczych<\/div>\n<\/td>\n<td data-sheets-value=\"{&quot;1&quot;:2,&quot;2&quot;:&quot;2 mm&quot;}\">2 mm<\/td>\n<td data-sheets-value=\"{&quot;1&quot;:3,&quot;3&quot;:790}\">od 790 PLN netto<\/td>\n<\/tr>\n<tr>\n<td data-sheets-value=\"{&quot;1&quot;:2,&quot;2&quot;:&quot;3 mm&quot;}\">3 mm<\/td>\n<td data-sheets-value=\"{&quot;1&quot;:3,&quot;3&quot;:790}\">od 790 PLN netto<\/td>\n<\/tr>\n<tr>\n<td data-sheets-value=\"{&quot;1&quot;:2,&quot;2&quot;:&quot;4 mm&quot;}\">4 mm<\/td>\n<td data-sheets-value=\"{&quot;1&quot;:3,&quot;3&quot;:790}\">od 790 PLN netto<\/td>\n<\/tr>\n<tr>\n<td data-sheets-value=\"{&quot;1&quot;:2,&quot;2&quot;:&quot;5 mm&quot;}\">5 mm<\/td>\n<td data-sheets-value=\"{&quot;1&quot;:3,&quot;3&quot;:790}\">od 790 PLN netto<\/td>\n<\/tr>\n<tr>\n<td data-sheets-value=\"{&quot;1&quot;:2,&quot;2&quot;:&quot;6 mm (trociny)&quot;}\">6 mm (trociny)<\/td>\n<td data-sheets-value=\"{&quot;1&quot;:3,&quot;3&quot;:790}\">od 790 PLN netto<\/td>\n<\/tr>\n<tr>\n<td data-sheets-value=\"{&quot;1&quot;:2,&quot;2&quot;:&quot;6 mm (pasza \/ s\u0142oma)&quot;}\">6 mm (pasza \/ s\u0142oma)<\/td>\n<td data-sheets-value=\"{&quot;1&quot;:3,&quot;3&quot;:790}\">od 790 PLN netto<\/td>\n<\/tr>\n<tr>\n<td data-sheets-value=\"{&quot;1&quot;:2,&quot;2&quot;:&quot;8 mm (trociny)&quot;}\">8 mm (trociny)<\/td>\n<td data-sheets-value=\"{&quot;1&quot;:3,&quot;3&quot;:790}\">od 790 PLN netto<\/td>\n<\/tr>\n<tr>\n<td data-sheets-value=\"{&quot;1&quot;:2,&quot;2&quot;:&quot;8 mm (pasza \/ sloma)&quot;}\">8 mm (pasza \/ sloma)<\/td>\n<td data-sheets-value=\"{&quot;1&quot;:3,&quot;3&quot;:790}\">od 790 PLN netto<\/td>\n<\/tr>\n<tr>\n<td data-sheets-value=\"{&quot;1&quot;:2,&quot;2&quot;:&quot;8 mm (odpady zbo\u017cowe i oleiste)&quot;}\">8 mm (odpady zbo\u017cowe i oleiste)<\/td>\n<td data-sheets-value=\"{&quot;1&quot;:3,&quot;3&quot;:790}\">od 790 PLN netto<\/td>\n<\/tr>\n<\/tbody>\n<\/table>\n<p><strong>\u015arednica matrycy 206-216 mm<\/strong><\/p>\n<table dir=\"ltr\" border=\"1\" cellspacing=\"0\" cellpadding=\"0\">\n<colgroup>\n<col width=\"200\" \/>\n<col width=\"207\" \/>\n<col width=\"131\" \/><\/colgroup>\n<tbody>\n<tr>\n<td colspan=\"1\" rowspan=\"10\" data-sheets-value=\"{&quot;1&quot;:2,&quot;2&quot;:&quot;Srednica otwor\u00f3w roboczych&quot;}\">\n<div>Srednica otwor\u00f3w roboczych<\/div>\n<\/td>\n<td data-sheets-value=\"{&quot;1&quot;:2,&quot;2&quot;:&quot;2 mm&quot;}\">2 mm<\/td>\n<td data-sheets-value=\"{&quot;1&quot;:3,&quot;3&quot;:980}\">od 980 PLN netto<\/td>\n<\/tr>\n<tr>\n<td data-sheets-value=\"{&quot;1&quot;:2,&quot;2&quot;:&quot;3 mm&quot;}\">3 mm<\/td>\n<td data-sheets-value=\"{&quot;1&quot;:3,&quot;3&quot;:980}\">od 980 PLN netto<\/td>\n<\/tr>\n<tr>\n<td data-sheets-value=\"{&quot;1&quot;:2,&quot;2&quot;:&quot;4 mm&quot;}\">4 mm<\/td>\n<td data-sheets-value=\"{&quot;1&quot;:3,&quot;3&quot;:980}\">od 980 PLN netto<\/td>\n<\/tr>\n<tr>\n<td data-sheets-value=\"{&quot;1&quot;:2,&quot;2&quot;:&quot;5 mm&quot;}\">5 mm<\/td>\n<td data-sheets-value=\"{&quot;1&quot;:3,&quot;3&quot;:980}\">od 980 PLN netto<\/td>\n<\/tr>\n<tr>\n<td data-sheets-value=\"{&quot;1&quot;:2,&quot;2&quot;:&quot;6 mm (trocina)&quot;}\">6 mm (trocina)<\/td>\n<td data-sheets-value=\"{&quot;1&quot;:3,&quot;3&quot;:980}\">od 980 PLN netto<\/td>\n<\/tr>\n<tr>\n<td data-sheets-value=\"{&quot;1&quot;:2,&quot;2&quot;:&quot;6 mm (pasza \/ s\u0142oma)&quot;}\">6 mm (pasza \/ s\u0142oma)<\/td>\n<td data-sheets-value=\"{&quot;1&quot;:3,&quot;3&quot;:980}\">od 980 PLN netto<\/td>\n<\/tr>\n<tr>\n<td data-sheets-value=\"{&quot;1&quot;:2,&quot;2&quot;:&quot;6 mm ( odpady zbo\u017cowe i oleiste)&quot;}\">6 mm ( odpady zbo\u017cowe i oleiste)<\/td>\n<td data-sheets-value=\"{&quot;1&quot;:3,&quot;3&quot;:980}\">od 980 PLN netto<\/td>\n<\/tr>\n<tr>\n<td data-sheets-value=\"{&quot;1&quot;:2,&quot;2&quot;:&quot;8 mm (trociny)&quot;}\">8 mm (trociny)<\/td>\n<td data-sheets-value=\"{&quot;1&quot;:3,&quot;3&quot;:980}\">od 980 PLN netto<\/td>\n<\/tr>\n<tr>\n<td data-sheets-value=\"{&quot;1&quot;:2,&quot;2&quot;:&quot;8 mm (pasza \/ sloma)&quot;}\">8 mm (pasza \/ sloma)<\/td>\n<td data-sheets-value=\"{&quot;1&quot;:3,&quot;3&quot;:980}\">od 980 PLN netto<\/td>\n<\/tr>\n<tr>\n<td data-sheets-value=\"{&quot;1&quot;:2,&quot;2&quot;:&quot;8 mm (odpady zbo\u017cowe i oleiste)&quot;}\">8 mm (odpady zbo\u017cowe i oleiste)<\/td>\n<td data-sheets-value=\"{&quot;1&quot;:3,&quot;3&quot;:980}\">od 980 PLN netto<\/td>\n<\/tr>\n<\/tbody>\n<\/table>\n<p><strong>\u015arednica matrycy 217-259 mm<\/strong><\/p>\n<table dir=\"ltr\" border=\"1\" cellspacing=\"0\" cellpadding=\"0\">\n<colgroup>\n<col width=\"200\" \/>\n<col width=\"207\" \/>\n<col width=\"131\" \/><\/colgroup>\n<tbody>\n<tr>\n<td colspan=\"1\" rowspan=\"9\" data-sheets-value=\"{&quot;1&quot;:2,&quot;2&quot;:&quot;\u015arednica otwor\u00f3w roboczych&quot;}\">\n<div>\u015arednica otwor\u00f3w roboczych<\/div>\n<\/td>\n<td data-sheets-value=\"{&quot;1&quot;:2,&quot;2&quot;:&quot;2 mm &quot;}\">2 mm<\/td>\n<td data-sheets-value=\"{&quot;1&quot;:3,&quot;3&quot;:1090}\">od 1090 PLN netto<\/td>\n<\/tr>\n<tr>\n<td data-sheets-value=\"{&quot;1&quot;:2,&quot;2&quot;:&quot;3 mm&quot;}\">3 mm<\/td>\n<td data-sheets-value=\"{&quot;1&quot;:3,&quot;3&quot;:1090}\">\u00a0od 1090 PLN netto<\/td>\n<\/tr>\n<tr>\n<td data-sheets-value=\"{&quot;1&quot;:2,&quot;2&quot;:&quot;4 mm&quot;}\">4 mm<\/td>\n<td data-sheets-value=\"{&quot;1&quot;:3,&quot;3&quot;:1090}\">\u00a0od 1090 PLN netto<\/td>\n<\/tr>\n<tr>\n<td data-sheets-value=\"{&quot;1&quot;:2,&quot;2&quot;:&quot;5 mm&quot;}\">5 mm<\/td>\n<td data-sheets-value=\"{&quot;1&quot;:3,&quot;3&quot;:1090}\">\u00a0od 1090 PLN netto<\/td>\n<\/tr>\n<tr>\n<td data-sheets-value=\"{&quot;1&quot;:2,&quot;2&quot;:&quot;6 mm (trociny)&quot;}\">6 mm (trociny)<\/td>\n<td data-sheets-value=\"{&quot;1&quot;:3,&quot;3&quot;:1090}\">\u00a0od 1090 PLN netto<\/td>\n<\/tr>\n<tr>\n<td data-sheets-value=\"{&quot;1&quot;:2,&quot;2&quot;:&quot;6 mm (pasza \/ s\u0142oma)&quot;}\">6 mm (pasza \/ s\u0142oma)<\/td>\n<td data-sheets-value=\"{&quot;1&quot;:3,&quot;3&quot;:1090}\">\u00a0od 1090 PLN netto<\/td>\n<\/tr>\n<tr>\n<td data-sheets-value=\"{&quot;1&quot;:2,&quot;2&quot;:&quot;8 mm (trociny)&quot;}\">8 mm (trociny)<\/td>\n<td data-sheets-value=\"{&quot;1&quot;:3,&quot;3&quot;:1090}\">\u00a0od 1090 PLN netto<\/td>\n<\/tr>\n<tr>\n<td data-sheets-value=\"{&quot;1&quot;:2,&quot;2&quot;:&quot;8 mm (pasza \/ s\u0142oma)&quot;}\">8 mm (pasza \/ s\u0142oma)<\/td>\n<td data-sheets-value=\"{&quot;1&quot;:3,&quot;3&quot;:1090}\">\u00a0od 1090 PLN netto<\/td>\n<\/tr>\n<tr>\n<td data-sheets-value=\"{&quot;1&quot;:2,&quot;2&quot;:&quot;8 mm (odpady zbo\u017cowe i oleiste)&quot;}\">8 mm (odpady zbo\u017cowe i oleiste)<\/td>\n<td data-sheets-value=\"{&quot;1&quot;:3,&quot;3&quot;:1090}\">\u00a0od 1090 PLN netto<\/td>\n<\/tr>\n<\/tbody>\n<\/table>\n<p><strong>\u015arednica matrycy 260-300 mm<\/strong><\/p>\n<table dir=\"ltr\" border=\"1\" cellspacing=\"0\" cellpadding=\"0\">\n<colgroup>\n<col width=\"200\" \/>\n<col width=\"207\" \/>\n<col width=\"213\" \/><\/colgroup>\n<tbody>\n<tr>\n<td colspan=\"1\" rowspan=\"10\" data-sheets-value=\"{&quot;1&quot;:2,&quot;2&quot;:&quot;\u015arednica otwor\u00f3w roboczych&quot;}\">\n<div>\u015arednica otwor\u00f3w roboczych<\/div>\n<\/td>\n<td data-sheets-value=\"{&quot;1&quot;:2,&quot;2&quot;:&quot;2 mm&quot;}\">2 mm<\/td>\n<td data-sheets-value=\"{&quot;1&quot;:3,&quot;3&quot;:1500}\">od 1500 PLN netto<\/td>\n<\/tr>\n<tr>\n<td data-sheets-value=\"{&quot;1&quot;:2,&quot;2&quot;:&quot;3 mm&quot;}\">3 mm<\/td>\n<td data-sheets-value=\"{&quot;1&quot;:3,&quot;3&quot;:1500}\">od 1500 PLN netto<\/td>\n<\/tr>\n<tr>\n<td data-sheets-value=\"{&quot;1&quot;:2,&quot;2&quot;:&quot;4 mm&quot;}\">4 mm<\/td>\n<td data-sheets-value=\"{&quot;1&quot;:3,&quot;3&quot;:1500}\">od 1500 PLN netto<\/td>\n<\/tr>\n<tr>\n<td data-sheets-value=\"{&quot;1&quot;:2,&quot;2&quot;:&quot;5 mm&quot;}\">5 mm<\/td>\n<td data-sheets-value=\"{&quot;1&quot;:3,&quot;3&quot;:1500}\">od 1500 PLN netto<\/td>\n<\/tr>\n<tr>\n<td data-sheets-value=\"{&quot;1&quot;:2,&quot;2&quot;:&quot;6 mm (trociny)&quot;}\">6 mm (trociny)<\/td>\n<td data-sheets-value=\"{&quot;1&quot;:3,&quot;3&quot;:1500}\">od 1500 PLN netto<\/td>\n<\/tr>\n<tr>\n<td data-sheets-value=\"{&quot;1&quot;:2,&quot;2&quot;:&quot;6 mm (pasza \/ s\u0142oma)&quot;}\">6 mm (pasza \/ s\u0142oma)<\/td>\n<td data-sheets-value=\"{&quot;1&quot;:3,&quot;3&quot;:1500}\">od 1500 PLN netto<\/td>\n<\/tr>\n<tr>\n<td data-sheets-value=\"{&quot;1&quot;:2,&quot;2&quot;:&quot;6 mm (odpady zbo\u017cowe i oleiste)&quot;}\">6 mm (odpady zbo\u017cowe i oleiste)<\/td>\n<td data-sheets-value=\"{&quot;1&quot;:3,&quot;3&quot;:1500}\">od 1500 PLN netto<\/td>\n<\/tr>\n<tr>\n<td data-sheets-value=\"{&quot;1&quot;:2,&quot;2&quot;:&quot;8 mm (trociny)&quot;}\">8 mm (trociny)<\/td>\n<td data-sheets-value=\"{&quot;1&quot;:3,&quot;3&quot;:1500}\">od 1500 PLN netto<\/td>\n<\/tr>\n<tr>\n<td data-sheets-value=\"{&quot;1&quot;:2,&quot;2&quot;:&quot;8 mm (pasza \/ s\u0142oma)&quot;}\">8 mm (pasza \/ s\u0142oma)<\/td>\n<td data-sheets-value=\"{&quot;1&quot;:3,&quot;3&quot;:1500}\">od 1500 PLN netto<\/td>\n<\/tr>\n<tr>\n<td data-sheets-value=\"{&quot;1&quot;:2,&quot;2&quot;:&quot;8 mm (odpady zbo\u017cowe i oleiste) &quot;}\">8 mm (odpady zbo\u017cowe i oleiste)<\/td>\n<td data-sheets-value=\"{&quot;1&quot;:3,&quot;3&quot;:1500}\">od 1500 PLN netto<\/td>\n<\/tr>\n<\/tbody>\n<\/table>\n<p>&nbsp;<\/p>\n<p><em>Tre\u015b\u0107 niniejszego og\u0142oszenia ma charakter informacyjny i nie stanowi oferty handlowej w rozumieniu Kodeksu cywilnego oraz innych przepis\u00f3w prawa. Tre\u015b\u0107 niniejszego og\u0142oszenia nie stanowi oferty handlowej w rozumieniu Kodeksu Cywilnego. Aby dokona\u0107 zakupu nale\u017cy\u00a0skontaktowa\u0107 si\u0119 z handlowcem, potwierdzi\u0107 cen\u0119 oraz termin dostawy.<\/em><\/p>\n<p><em>tel. 889 899 914<\/em><\/p>\n<p><em>tel. 889 899 904<\/em><\/p>\n<\/div>\n","protected":false},"excerpt":{"rendered":"<p>Firma Peletto.pl oferuje cz\u0119\u015bci eksploatacyjne do peleciarek z matrycami p\u0142askimi.\u00a0\u015arednice matryc jakie oferujemy maj\u0105 od 100 mm do 500 mm. \u015arednica otwor\u00f3w roboczych standardowo od 2 mm do 8 mm.\u00a0Potrzebujesz niestandardowych otwor\u00f3w?\u00a0Zadzwo\u0144 do nas i zapytaj, poniewa\u017c wykonujemy r\u00f3wnie\u017c \u015brednice dostosowane do zapotrzebowania klienta. Jak wiadomo do ka\u017cdego surowca powinna by\u0107 zastosowana matryca o \u015bci\u015ble [&hellip;]<\/p>\n","protected":false},"featured_media":351,"template":"","meta":{"site-sidebar-layout":"default","site-content-layout":"","ast-site-content-layout":"default","site-content-style":"default","site-sidebar-style":"default","ast-global-header-display":"","ast-banner-title-visibility":"","ast-main-header-display":"","ast-hfb-above-header-display":"","ast-hfb-below-header-display":"","ast-hfb-mobile-header-display":"","site-post-title":"","ast-breadcrumbs-content":"","ast-featured-img":"","footer-sml-layout":"","ast-disable-related-posts":"","theme-transparent-header-meta":"default","adv-header-id-meta":"","stick-header-meta":"default","header-above-stick-meta":"","header-main-stick-meta":"","header-below-stick-meta":"","astra-migrate-meta-layouts":"set","ast-page-background-enabled":"default","ast-page-background-meta":{"desktop":{"background-color":"var(--ast-global-color-4)","background-image":"","background-repeat":"repeat","background-position":"center center","background-size":"auto","background-attachment":"scroll","background-type":"","background-media":"","overlay-type":"","overlay-color":"","overlay-opacity":"","overlay-gradient":""},"tablet":{"background-color":"","background-image":"","background-repeat":"repeat","background-position":"center center","background-size":"auto","background-attachment":"scroll","background-type":"","background-media":"","overlay-type":"","overlay-color":"","overlay-opacity":"","overlay-gradient":""},"mobile":{"background-color":"","background-image":"","background-repeat":"repeat","background-position":"center center","background-size":"auto","background-attachment":"scroll","background-type":"","background-media":"","overlay-type":"","overlay-color":"","overlay-opacity":"","overlay-gradient":""}},"ast-content-background-meta":{"desktop":{"background-color":"var(--ast-global-color-5)","background-image":"","background-repeat":"repeat","background-position":"center center","background-size":"auto","background-attachment":"scroll","background-type":"","background-media":"","overlay-type":"","overlay-color":"","overlay-opacity":"","overlay-gradient":""},"tablet":{"background-color":"var(--ast-global-color-5)","background-image":"","background-repeat":"repeat","background-position":"center center","background-size":"auto","background-attachment":"scroll","background-type":"","background-media":"","overlay-type":"","overlay-color":"","overlay-opacity":"","overlay-gradient":""},"mobile":{"background-color":"var(--ast-global-color-5)","background-image":"","background-repeat":"repeat","background-position":"center center","background-size":"auto","background-attachment":"scroll","background-type":"","background-media":"","overlay-type":"","overlay-color":"","overlay-opacity":"","overlay-gradient":""}}},"product_brand":[],"product_cat":[54],"product_tag":[],"class_list":{"0":"post-352","1":"product","2":"type-product","3":"status-publish","4":"has-post-thumbnail","6":"product_cat-czesci-zamienne","7":"desktop-align-left","8":"tablet-align-left","9":"mobile-align-left","10":"ast-product-gallery-layout-horizontal-slider","11":"ast-product-gallery-with-no-image","12":"ast-magnify-disabled","13":"ast-product-tabs-layout-horizontal","15":"first","16":"instock","17":"shipping-taxable","18":"product-type-simple"},"_links":{"self":[{"href":"https:\/\/peletto.eu\/pl\/wp-json\/wp\/v2\/product\/352","targetHints":{"allow":["GET"]}}],"collection":[{"href":"https:\/\/peletto.eu\/pl\/wp-json\/wp\/v2\/product"}],"about":[{"href":"https:\/\/peletto.eu\/pl\/wp-json\/wp\/v2\/types\/product"}],"wp:featuredmedia":[{"embeddable":true,"href":"https:\/\/peletto.eu\/pl\/wp-json\/wp\/v2\/media\/351"}],"wp:attachment":[{"href":"https:\/\/peletto.eu\/pl\/wp-json\/wp\/v2\/media?parent=352"}],"wp:term":[{"taxonomy":"product_brand","embeddable":true,"href":"https:\/\/peletto.eu\/pl\/wp-json\/wp\/v2\/product_brand?post=352"},{"taxonomy":"product_cat","embeddable":true,"href":"https:\/\/peletto.eu\/pl\/wp-json\/wp\/v2\/product_cat?post=352"},{"taxonomy":"product_tag","embeddable":true,"href":"https:\/\/peletto.eu\/pl\/wp-json\/wp\/v2\/product_tag?post=352"}],"curies":[{"name":"wp","href":"https:\/\/api.w.org\/{rel}","templated":true}]}}