{"id":353,"date":"2024-01-24T23:48:26","date_gmt":"2024-01-24T22:48:26","guid":{"rendered":"https:\/\/peletto.eu\/?post_type=product&#038;p=353"},"modified":"2024-01-24T23:48:26","modified_gmt":"2024-01-24T22:48:26","slug":"rolki-do-peleciarek-osie-waly-krazniki-plaszcze-na-zamowienie","status":"publish","type":"product","link":"https:\/\/peletto.eu\/pl\/produkt\/rolki-do-peleciarek-osie-waly-krazniki-plaszcze-na-zamowienie\/","title":{"rendered":"Rolki do peleciarek &#8211; osie, wa\u0142y, kr\u0105\u017cniki, p\u0142aszcze &#8211; na zamowienie"},"content":{"rendered":"<div>Firma Peletto.pl oferuje rolki do peleciarek zar\u00f3wno kompletne jak i cz\u0119\u015bci: osie, wa\u0142y g\u0142\u00f3wne oraz p\u0142aszcze. prowadzi dorabianie kompletnych rolek do peleciarek r\u00f3wnie\u017c osi, wa\u0142\u00f3w g\u0142\u00f3wnych oraz p\u0142aszczy.<\/div>\n<div><\/div>\n<div>Oferujemy dorabianie kr\u0105\u017cnik\u00f3w do peleciarek z matryc\u0105 p\u0142ask\u0105 oraz pier\u015bcieniow\u0105. W naszej ofercie znajd\u0105 Pa\u0144stwo kr\u0105\u017cniki do peleciarek z obrotow\u0105 matryc\u0105 oraz\u00a0 obrotowymi rolkami. Jeste\u015bmy producentem wysokiej klasy maszyn rolniczych r\u00f3wnie\u017c na zam\u00f3wienie. Posiadamy:<\/div>\n<div>\n<ul>\n<li>peleciarki<\/li>\n<li>suszarnie<\/li>\n<li>m\u0142yny bijakowe<\/li>\n<li>linie produkcyjne do produkcji pasz oraz peletu<\/li>\n<li>rozdrabniacze<\/li>\n<li>przeno\u015bniki, podajniki, przesiewacze<\/li>\n<li>wagopakowarki, zgrzewarki<\/li>\n<\/ul>\n<\/div>\n<div>Zapraszamy do innych naszych og\u0142osze\u0144 zamieszczonych na stronie Peletto. Zadzwo\u0144 do naszego specjalisty i um\u00f3w si\u0119 na bezp\u0142atn\u0105 konsultacj\u0119 aby dobra\u0107 maszyn\u0119 idealnie dopasowan\u0105 do potrzeb twojego gospodarstwa. Odwied\u017a nas w naszej hali demonstracyjnej w Poznaniu i zobacz ca\u0142y nasz park maszynowy na \u017cywo.<\/div>\n<div>\n<p><em>Tre\u015b\u0107 niniejszego og\u0142oszenia ma charakter informacyjny i nie stanowi oferty handlowej w rozumieniu Kodeksu cywilnego oraz innych przepis\u00f3w prawa. Tre\u015b\u0107 niniejszego og\u0142oszenia nie stanowi oferty handlowej w rozumieniu Kodeksu Cywilnego. Aby dokona\u0107 zakupu nale\u017cy\u00a0skontaktowa\u0107 si\u0119 z handlowcem, potwierdzi\u0107 cen\u0119 oraz termin dostawy.<\/em><\/p>\n<p><em>tel. 889 899 914<\/em><\/p>\n<p><em>tel. 889 899 904<\/em><\/p>\n<\/div>\n","protected":false},"excerpt":{"rendered":"<p>Firma Peletto.pl oferuje rolki do peleciarek zar\u00f3wno kompletne jak i cz\u0119\u015bci: osie, wa\u0142y g\u0142\u00f3wne oraz p\u0142aszcze. prowadzi dorabianie kompletnych rolek do peleciarek r\u00f3wnie\u017c osi, wa\u0142\u00f3w g\u0142\u00f3wnych oraz p\u0142aszczy. Oferujemy dorabianie kr\u0105\u017cnik\u00f3w do peleciarek z matryc\u0105 p\u0142ask\u0105 oraz pier\u015bcieniow\u0105. W naszej ofercie znajd\u0105 Pa\u0144stwo kr\u0105\u017cniki do peleciarek z obrotow\u0105 matryc\u0105 oraz\u00a0 obrotowymi rolkami. Jeste\u015bmy producentem wysokiej [&hellip;]<\/p>\n","protected":false},"featured_media":351,"template":"","meta":{"site-sidebar-layout":"default","site-content-layout":"","ast-site-content-layout":"default","site-content-style":"default","site-sidebar-style":"default","ast-global-header-display":"","ast-banner-title-visibility":"","ast-main-header-display":"","ast-hfb-above-header-display":"","ast-hfb-below-header-display":"","ast-hfb-mobile-header-display":"","site-post-title":"","ast-breadcrumbs-content":"","ast-featured-img":"","footer-sml-layout":"","ast-disable-related-posts":"","theme-transparent-header-meta":"default","adv-header-id-meta":"","stick-header-meta":"default","header-above-stick-meta":"","header-main-stick-meta":"","header-below-stick-meta":"","astra-migrate-meta-layouts":"set","ast-page-background-enabled":"default","ast-page-background-meta":{"desktop":{"background-color":"var(--ast-global-color-4)","background-image":"","background-repeat":"repeat","background-position":"center center","background-size":"auto","background-attachment":"scroll","background-type":"","background-media":"","overlay-type":"","overlay-color":"","overlay-opacity":"","overlay-gradient":""},"tablet":{"background-color":"","background-image":"","background-repeat":"repeat","background-position":"center center","background-size":"auto","background-attachment":"scroll","background-type":"","background-media":"","overlay-type":"","overlay-color":"","overlay-opacity":"","overlay-gradient":""},"mobile":{"background-color":"","background-image":"","background-repeat":"repeat","background-position":"center center","background-size":"auto","background-attachment":"scroll","background-type":"","background-media":"","overlay-type":"","overlay-color":"","overlay-opacity":"","overlay-gradient":""}},"ast-content-background-meta":{"desktop":{"background-color":"var(--ast-global-color-5)","background-image":"","background-repeat":"repeat","background-position":"center center","background-size":"auto","background-attachment":"scroll","background-type":"","background-media":"","overlay-type":"","overlay-color":"","overlay-opacity":"","overlay-gradient":""},"tablet":{"background-color":"var(--ast-global-color-5)","background-image":"","background-repeat":"repeat","background-position":"center center","background-size":"auto","background-attachment":"scroll","background-type":"","background-media":"","overlay-type":"","overlay-color":"","overlay-opacity":"","overlay-gradient":""},"mobile":{"background-color":"var(--ast-global-color-5)","background-image":"","background-repeat":"repeat","background-position":"center center","background-size":"auto","background-attachment":"scroll","background-type":"","background-media":"","overlay-type":"","overlay-color":"","overlay-opacity":"","overlay-gradient":""}}},"product_brand":[],"product_cat":[54],"product_tag":[],"class_list":{"0":"post-353","1":"product","2":"type-product","3":"status-publish","4":"has-post-thumbnail","6":"product_cat-czesci-zamienne","7":"desktop-align-left","8":"tablet-align-left","9":"mobile-align-left","10":"ast-product-gallery-layout-horizontal-slider","11":"ast-product-gallery-with-no-image","12":"ast-magnify-disabled","13":"ast-product-tabs-layout-horizontal","15":"first","16":"instock","17":"shipping-taxable","18":"product-type-simple"},"_links":{"self":[{"href":"https:\/\/peletto.eu\/pl\/wp-json\/wp\/v2\/product\/353","targetHints":{"allow":["GET"]}}],"collection":[{"href":"https:\/\/peletto.eu\/pl\/wp-json\/wp\/v2\/product"}],"about":[{"href":"https:\/\/peletto.eu\/pl\/wp-json\/wp\/v2\/types\/product"}],"wp:featuredmedia":[{"embeddable":true,"href":"https:\/\/peletto.eu\/pl\/wp-json\/wp\/v2\/media\/351"}],"wp:attachment":[{"href":"https:\/\/peletto.eu\/pl\/wp-json\/wp\/v2\/media?parent=353"}],"wp:term":[{"taxonomy":"product_brand","embeddable":true,"href":"https:\/\/peletto.eu\/pl\/wp-json\/wp\/v2\/product_brand?post=353"},{"taxonomy":"product_cat","embeddable":true,"href":"https:\/\/peletto.eu\/pl\/wp-json\/wp\/v2\/product_cat?post=353"},{"taxonomy":"product_tag","embeddable":true,"href":"https:\/\/peletto.eu\/pl\/wp-json\/wp\/v2\/product_tag?post=353"}],"curies":[{"name":"wp","href":"https:\/\/api.w.org\/{rel}","templated":true}]}}