{"id":354,"date":"2024-01-24T23:49:59","date_gmt":"2024-01-24T22:49:59","guid":{"rendered":"https:\/\/peletto.eu\/?post_type=product&#038;p=354"},"modified":"2024-01-24T23:49:59","modified_gmt":"2024-01-24T22:49:59","slug":"rolki-i-elementy-eksploatacyjne-dla-peleciarek-pierscieniowych","status":"publish","type":"product","link":"https:\/\/peletto.eu\/pl\/produkt\/rolki-i-elementy-eksploatacyjne-dla-peleciarek-pierscieniowych\/","title":{"rendered":"Rolki i elementy eksploatacyjne dla peleciarek pier\u015bcieniowych"},"content":{"rendered":"<div class=\"tabs mb-80\">\n<div class=\"tabs__content\">\n<div class=\"tabs__item active\">\n<div class=\"content\">\n<p><b>Firma Peletto \u015bwiadczy us\u0142ugi w zakresie doradztwa oraz dorabiania materia\u0142\u00f3w eksploatacyjnych do peleciarek tj. matryc, rolek kompletnych, p\u0142aszczy rolek. Zainteresowane osoby zapraszamy do kontaktu z dzia\u0142em obs\u0142ugi klienta. Jeste\u015bmy producentem, a nie tylko dostawc\u0105 przez co oferujemy wsparcie techniczne i fachowe doradztwo w doborze matrycy.<\/b><\/p>\n<p>Nasza firma wykorzystuje odkuwki d0 produkcji matryc pier\u015bcieniowych wy\u0142\u0105cznie\u00a0<b>z niemieckiej stali nierdzewnej gatunku 46Cr13<\/b>. Taka stal charakteryzuje si\u0119 sk\u0142adem odpowiedniej ilo\u015bci w\u0119gla, chromu, niklu, manganu i wanadu, co pozwala wyprodukowa\u0107 matryc\u0119 pier\u015bcieniow\u0105 z wysokim okresem trwa\u0142o\u015bci. Niekt\u00f3rzy nasi klienci przepracowali na naszych matrycach pier\u015bcieniowych\u00a0<b>1500-2000 ton.<\/b><\/p>\n<p><b>Ci\u0105g\u0142e badania matrycy pier\u015bcieniowej na ka\u017cdym etapie produkcji, pozwala otrzyma\u0107 produkt ko\u0144cowy pozbawiony wad.<\/b>\u00a0Proces hartowania jest najwa\u017cniejszym etapem poniewa\u017c od niego zale\u017cy mechaniczna wytrzyma\u0142o\u015b\u0107 matryc. \u017b\u0105dane cechy wysokiej twardo\u015bci s\u0105 osi\u0105gane przy u\u017cyciu piec\u00f3w hartowniczych. Obr\u00f3bka cieplna matryc pier\u015bcieniowych wykonywana w atmosferze azotowej w technologicznych piecach pr\u00f3\u017cniowych.\u00a0<b>Wykorzystujemy technik\u0119 hartowania martenzytycznego<\/b>\u00a0\u2013 to obr\u00f3bka cieplna pozwalaj\u0105ca uzyska\u0107 wysok\u0105 twardo\u015b\u0107 i wytrzyma\u0142o\u015b\u0107 stali. Obejmuje austenityzacj\u0119, szybkie ch\u0142odzenie i odpuszczanie w celu zachowania struktury odpuszczonego martenzytu lub bainitu.<\/p>\n<p>Taki proces obr\u00f3bki cieplnej pozwala uzyska\u0107 doskona\u0142\u0105\u00a0<b>twardo\u015b\u0107 na poziomie (52-54 HRC)<\/b>, p\u0142asko\u015b\u0107 na ca\u0142ej powierzchni oraz g\u0142adko\u015b\u0107 sto\u017ck\u00f3w spr\u0119\u017caj\u0105cych. Z tego powodu nasze matryce s\u0105 przystosowane do pracy ci\u0105g\u0142ej w trybie 24H\/dob\u0119 oraz s\u0142u\u017c\u0105 przez wi\u0119kszy okres czasu, co pozwala zredukowa\u0107 koszty produkcji.<\/p>\n<p><b>Produkcja\u00a0matryc pier\u015bcieniowych firmy Peletto.pl<\/b><\/p>\n<ul>\n<li>Nasze matryce s\u0105 produkowane z zachowaniem najwy\u017cszej precyzji obr\u00f3bki mechanicznej oraz s\u0105\u00a0hartowane w nowoczesnych i wydajnych piecach pr\u00f3\u017cniowych;<\/li>\n<li>Powtarzalno\u015b\u0107\u00a0najwy\u017cszej jako\u015bci to najwa\u017cniejsza cecha gwarantuj\u0105ca naszym Klientom bezpiecze\u0144stwo produkcji oraz pracy;<\/li>\n<li>Matryce pier\u015bcieniowe s\u0105 wiercone wiert\u0142ami lufowymi, to pozwala uzyska\u0107 g\u0142adkie otwory oraz sto\u017cki wlotowe, takie matrycy nie trzeba specjalnie dociera\u0107;<\/li>\n<li>Frezarki CNC najnowszej generacji umo\u017cliwiaj\u0105 uzyskanie optymalnego rozk\u0142adu otwor\u00f3w, w zale\u017cno\u015bci od granulowanego surowca;<\/li>\n<li>\u015arednica wewn\u0119trzna od 250 mm i do 1000 mm;<\/li>\n<li>Otwory od 2 do 12 mm;<\/li>\n<\/ul>\n<p><b><strong>Produkcja naszych rolek i element\u00f3w eksploatacyjnych dla peleciarek pier\u015bcieniowych:<br \/>\n<\/strong><\/b><\/p>\n<ul>\n<li>Produkujemy rolki kompletne i p\u0142aszcze (bie\u017cnie) rolek dla nast\u0119puj\u0105cych marek Peleciarek:\u00a0LaMeccanica, Buhler, Munch, VanAarsen, Promill-Stolz,\u00a0 Andritz, Kahl, Salmatec, Mabrik,\u00a0CPM, PTN, DMT, Nawrocki TG, Testmer;<\/li>\n<li>Doradzamy w dobraniu optymalnej szeroko\u015bci roboczej bie\u017cnika dla mocy i \u015brednicy wewn\u0119trznej matrycy;<\/li>\n<li>Wykonujemy rolki kompletne, p\u0142aszcze rolek i pe\u0142en zakres akcesori\u00f3w: pokrywki, wa\u0142y (mimo\u015brody), uszczelnienia;<\/li>\n<\/ul>\n<p><strong>Podajemy cen\u0119 telefonicznie: +48 537 134 390, +48 732 917 962 lub wy\u015blij zapytanie z danymi kontaktowymi w wiadomo\u015bci, a wkr\u00f3tce skontaktuje si\u0119 z tob\u0105 nasz konsultant.<\/strong><\/p>\n<p><em>Szczerze wierzymy, \u017ce te informacje mog\u0105 by\u0107 dla ciebie przydatne i b\u0119d\u0105 stanowi\u0107 podstaw\u0119 naszej dalszej wzajemnie korzystnej wsp\u00f3\u0142pracy.<\/em><\/p>\n<p><em>Tre\u015b\u0107 niniejszego og\u0142oszenia ma charakter informacyjny i nie stanowi oferty handlowej w rozumieniu Kodeksu cywilnego oraz innych przepis\u00f3w prawa. Tre\u015b\u0107 niniejszego og\u0142oszenia nie stanowi oferty handlowej w rozumieniu Kodeksu Cywilnego. Aby dokona\u0107 zakupu nale\u017cy\u00a0skontaktowa\u0107 si\u0119 z handlowcem, potwierdzi\u0107 cen\u0119 oraz termin dostawy.<\/em><\/p>\n<p><em>tel. 889 899 914<\/em><\/p>\n<p><em>tel. 889 899 904<\/em><\/p>\n<\/div>\n<\/div>\n<\/div>\n<\/div>\n","protected":false},"excerpt":{"rendered":"<p>Firma Peletto \u015bwiadczy us\u0142ugi w zakresie doradztwa oraz dorabiania materia\u0142\u00f3w eksploatacyjnych do peleciarek tj. matryc, rolek kompletnych, p\u0142aszczy rolek. Zainteresowane osoby zapraszamy do kontaktu z dzia\u0142em obs\u0142ugi klienta. Jeste\u015bmy producentem, a nie tylko dostawc\u0105 przez co oferujemy wsparcie techniczne i fachowe doradztwo w doborze matrycy. Nasza firma wykorzystuje odkuwki d0 produkcji matryc pier\u015bcieniowych wy\u0142\u0105cznie\u00a0z niemieckiej [&hellip;]<\/p>\n","protected":false},"featured_media":351,"template":"","meta":{"site-sidebar-layout":"default","site-content-layout":"","ast-site-content-layout":"default","site-content-style":"default","site-sidebar-style":"default","ast-global-header-display":"","ast-banner-title-visibility":"","ast-main-header-display":"","ast-hfb-above-header-display":"","ast-hfb-below-header-display":"","ast-hfb-mobile-header-display":"","site-post-title":"","ast-breadcrumbs-content":"","ast-featured-img":"","footer-sml-layout":"","ast-disable-related-posts":"","theme-transparent-header-meta":"default","adv-header-id-meta":"","stick-header-meta":"default","header-above-stick-meta":"","header-main-stick-meta":"","header-below-stick-meta":"","astra-migrate-meta-layouts":"set","ast-page-background-enabled":"default","ast-page-background-meta":{"desktop":{"background-color":"var(--ast-global-color-4)","background-image":"","background-repeat":"repeat","background-position":"center center","background-size":"auto","background-attachment":"scroll","background-type":"","background-media":"","overlay-type":"","overlay-color":"","overlay-opacity":"","overlay-gradient":""},"tablet":{"background-color":"","background-image":"","background-repeat":"repeat","background-position":"center center","background-size":"auto","background-attachment":"scroll","background-type":"","background-media":"","overlay-type":"","overlay-color":"","overlay-opacity":"","overlay-gradient":""},"mobile":{"background-color":"","background-image":"","background-repeat":"repeat","background-position":"center center","background-size":"auto","background-attachment":"scroll","background-type":"","background-media":"","overlay-type":"","overlay-color":"","overlay-opacity":"","overlay-gradient":""}},"ast-content-background-meta":{"desktop":{"background-color":"var(--ast-global-color-5)","background-image":"","background-repeat":"repeat","background-position":"center center","background-size":"auto","background-attachment":"scroll","background-type":"","background-media":"","overlay-type":"","overlay-color":"","overlay-opacity":"","overlay-gradient":""},"tablet":{"background-color":"var(--ast-global-color-5)","background-image":"","background-repeat":"repeat","background-position":"center center","background-size":"auto","background-attachment":"scroll","background-type":"","background-media":"","overlay-type":"","overlay-color":"","overlay-opacity":"","overlay-gradient":""},"mobile":{"background-color":"var(--ast-global-color-5)","background-image":"","background-repeat":"repeat","background-position":"center center","background-size":"auto","background-attachment":"scroll","background-type":"","background-media":"","overlay-type":"","overlay-color":"","overlay-opacity":"","overlay-gradient":""}}},"product_brand":[],"product_cat":[54],"product_tag":[],"class_list":{"0":"post-354","1":"product","2":"type-product","3":"status-publish","4":"has-post-thumbnail","6":"product_cat-czesci-zamienne","7":"desktop-align-left","8":"tablet-align-left","9":"mobile-align-left","10":"ast-product-gallery-layout-horizontal-slider","11":"ast-product-gallery-with-no-image","12":"ast-magnify-disabled","13":"ast-product-tabs-layout-horizontal","15":"first","16":"instock","17":"shipping-taxable","18":"product-type-simple"},"_links":{"self":[{"href":"https:\/\/peletto.eu\/pl\/wp-json\/wp\/v2\/product\/354","targetHints":{"allow":["GET"]}}],"collection":[{"href":"https:\/\/peletto.eu\/pl\/wp-json\/wp\/v2\/product"}],"about":[{"href":"https:\/\/peletto.eu\/pl\/wp-json\/wp\/v2\/types\/product"}],"wp:featuredmedia":[{"embeddable":true,"href":"https:\/\/peletto.eu\/pl\/wp-json\/wp\/v2\/media\/351"}],"wp:attachment":[{"href":"https:\/\/peletto.eu\/pl\/wp-json\/wp\/v2\/media?parent=354"}],"wp:term":[{"taxonomy":"product_brand","embeddable":true,"href":"https:\/\/peletto.eu\/pl\/wp-json\/wp\/v2\/product_brand?post=354"},{"taxonomy":"product_cat","embeddable":true,"href":"https:\/\/peletto.eu\/pl\/wp-json\/wp\/v2\/product_cat?post=354"},{"taxonomy":"product_tag","embeddable":true,"href":"https:\/\/peletto.eu\/pl\/wp-json\/wp\/v2\/product_tag?post=354"}],"curies":[{"name":"wp","href":"https:\/\/api.w.org\/{rel}","templated":true}]}}