{"id":392,"date":"2024-01-26T00:12:28","date_gmt":"2024-01-25T23:12:28","guid":{"rendered":"https:\/\/peletto.eu\/?post_type=product&#038;p=392"},"modified":"2024-01-26T00:12:29","modified_gmt":"2024-01-25T23:12:29","slug":"kompleks-linia-fabryka-do-produkcji-pelletu-z-serii-gt-od-05-do-12-t-h","status":"publish","type":"product","link":"https:\/\/peletto.eu\/pl\/produkt\/kompleks-linia-fabryka-do-produkcji-pelletu-z-serii-gt-od-05-do-12-t-h\/","title":{"rendered":"Kompleks, linia, fabryka do produkcji pelletu z serii GT od 0,5 do 12 t\/h"},"content":{"rendered":"<div class=\"page-content\">\n<div class=\"container\">\n<div class=\"page-product-content\">\n<div class=\"row\">\n<div class=\"col-md-6\">\n<div class=\"page-product-intro\">\n<p>Prezentujemy nowoczesne rozwi\u0105zania dla bran\u017cy pasz oraz pelletu opa\u0142owego. Innowacyjne linie, ca\u0142e kompleksy do produkcji granulatu. Gaz z roku na rok dro\u017ceje, a jako paliwo alternatywne wykorzystuje si\u0119 granulaty (pelety) biopaliwa, st\u0105d te\u017c popularno\u015b\u0107 pelletu opa\u0142owego stale ro\u015bnie. Jednocze\u015bnie produkcja tej formy opa\u0142u naprawd\u0119 wysokiej jako\u015bci wymaga nie tylko surowc\u00f3w, ale tak\u017ce sprawdzonego sprz\u0119tu do pelletu, kt\u00f3ry dzia\u0142a jak w zegarku.<\/p>\n<blockquote>\n<ul>\n<li><strong>Wydajno\u015b\u0107:<\/strong>\u00a0\u00a0od 0,5 do 12 t\/h<\/li>\n<li>Cena dotyczy linii o wydajno\u015bci 1,5 t\/h z suszarni\u0105 oraz rozdrabniaczem do zr\u0119bki<\/li>\n<\/ul>\n<\/blockquote>\n<p><strong>Organizacja produkcji biopaliwa granulowanego jest podzielona na nast\u0119puj\u0105ce etapy:<\/strong><\/p>\n<ul>\n<li>prace przedprojektowe,<\/li>\n<li>projektowanie,<\/li>\n<li>monta\u017c,<\/li>\n<li>produkcja i dostawa sprz\u0119tu;<\/li>\n<li>Roboty budowlane;\u00a0prace instalacyjne i uruchomieniowe.<\/li>\n<\/ul>\n<div><strong>Jakie surowce do granulacji mo\u017cna zastosowa\u0107 w tej linii?<\/strong><\/div>\n<ul>\n<li>odpady drzewne,<\/li>\n<li>wierzba energetyczna,<\/li>\n<li>s\u0142oma zbo\u017cowa,<\/li>\n<li>\u0142uska s\u0142onecznika,<\/li>\n<li>kasza gryczana,<\/li>\n<li>\u0142odygi kukurydzy,<\/li>\n<li>proso r\u00f3zgowe,<\/li>\n<li>lignina,<\/li>\n<li>torf<\/li>\n<li>inna biomasa energetyczna.<\/li>\n<\/ul>\n<\/div>\n<\/div>\n<\/div>\n<div class=\"row\">\n<div class=\"col-12\">\n<p><strong>Jakie elementy zawieraj\u0105 koplete linie do produkcji pelletu?<\/strong><\/p>\n<p><strong>1<\/strong>\u00a0\u00a0\u2013\u00a0\u00a0<strong>sk\u0142ad surowc\u00f3w:<\/strong><\/p>\n<p>a \u2013 odpady biomasy rolniczej;<\/p>\n<p>b \u2013 odpady drzewne;<\/p>\n<p><strong>2<\/strong>\u00a0\u00a0\u2013\u00a0\u00a0<strong>obszar szlifowania:<\/strong><\/p>\n<p>a \u2013 odpady biomasy rolniczej;<\/p>\n<p>b \u2013 odpady drzewne;<\/p>\n<p><strong>3 \u2013 mokra strefa suszenia surowca;<\/strong><\/p>\n<p><strong>4 \u2013 sekcja granulacji, ch\u0142odzenia, przesiewania;<\/strong><\/p>\n<p><strong>5 \u2013 obszar ksi\u0119gowo\u015bci, pakowania wyrob\u00f3w gotowych;<\/strong><\/p>\n<div><strong>6 \u2013 sk\u0142ad gotowych produkt\u00f3w;<\/strong><\/div>\n<div><\/div>\n<div><strong>7 \u2013 magazyn do przechowywania luzem wyrob\u00f3w gotowych.<\/strong><\/div>\n<p>W zale\u017cno\u015bci od rodzaju granulowanego surowca i jego wilgotno\u015bci, technologie granulacji r\u00f3\u017cni\u0105 si\u0119.<\/p>\n<p><span style=\"font-size: 1.7em; font-weight: bold;\">Produkcja pelletu na nowoczesnych kompleksach<\/span><\/p>\n<\/div>\n<\/div>\n<\/div>\n<\/div>\n<\/div>\n<div class=\"seo-text__wrapper\">\n<div class=\"container-xl\">\n<div class=\"seo-mapper__text__wrapper\">\n<div class=\"seo-mapper__text seo-mapper__text-hide showed\">\n<p>Aby stworzy\u0107 efektywn\u0105 produkcj\u0119 biopaliwa sta\u0142ego, spe\u0142niaj\u0105c\u0105 wszystkie mi\u0119dzynarodowe standardy i wymagania, nale\u017cy wzi\u0105\u0107 pod uwag\u0119 kilka element\u00f3w:<\/p>\n<ul>\n<li>wykona\u0107 projekt wysokiej jako\u015bci (opracowa\u0107 rozwi\u0105zania technologiczne, rysunki uk\u0142adu, wybra\u0107 niezb\u0119dny sprz\u0119t, kt\u00f3ry zgodnie ze swoimi cechami spe\u0142ni wymagania i zapewni oczekiwan\u0105 produktywno\u015b\u0107 i jako\u015b\u0107 produktu ko\u0144cowego);<\/li>\n<li>dostarcza\u0107 surowce o sta\u0142ej jako\u015bci;<\/li>\n<li>wybierz wykwalifikowany personel serwisowy lub zapewnij niezawodne wsparcie serwisowe od g\u0142\u00f3wnego dostawcy sprz\u0119tu.<\/li>\n<\/ul>\n<h2>Produkcja biopaliwa<\/h2>\n<p>Obecnie bardzo istotna jest koncepcja in\u017cynierii pe\u0142nego cyklu, czyli koncepcja fabryki pelletu pod klucz.\u00a0Jednocze\u015bnie ze wzgl\u0119du na brak na rynku wystarczaj\u0105cej liczby wykwalifikowanych i rzetelnych firm, konieczne jest maksymalne skoncentrowanie realizacji prac nad projektem na firmach posiadaj\u0105cych praktyczne do\u015bwiadczenie, zar\u00f3wno w tworzeniu samej produkcji biopaliwa oraz w eksploatacji urz\u0105dze\u0144.\u00a0Zatem do pomy\u015blnej realizacji projektu produkcji pelletu potrzebny jest jeden generalny wykonawca, kt\u00f3ry: dok\u0142adnie rozumie, jak\u0105 technologi\u0105 produkcji pelletu powinien dysponowa\u0107 klient, produkuje i obs\u0142uguje urz\u0105dzenia, \u015bwiadczy serwis, posiada niezb\u0119dne licencje i certyfikaty.<\/p>\n<p>Uwzgl\u0119dniamy wszystkie te wymagania. Od ponad 29 lat specjali\u015bci grupy firm z sukcesem realizuj\u0105 instalacje pelletu do granulacji r\u00f3\u017cnych produkt\u00f3w w takich ga\u0142\u0119ziach przemys\u0142u jak olej i t\u0142uszcz, alkohol, biopaliwa itp.<\/p>\n<h2>Linia do pelletu<\/h2>\n<p>Aby zorganizowa\u0107 efektywn\u0105 prac\u0119 linii do granulacji pelletu, nale\u017cy przede wszystkim zrozumie\u0107 dost\u0119pne ilo\u015bci surowc\u00f3w, po\u017c\u0105dan\u0105 wydajno\u015b\u0107, lokalizacj\u0119 przysz\u0142ego przedsi\u0119biorstwa, infrastruktur\u0119 (dost\u0119pno\u015b\u0107 sieci in\u017cynieryjnych, budynk\u00f3w, zak\u0142ad\u00f3w produkcyjnych), itp.<\/p>\n<p>Poniewa\u017c od tego, jak wydajnie b\u0119dzie dzia\u0142a\u0107 pelletownia w przysz\u0142o\u015bci, zale\u017cy wiele czynnik\u00f3w, nasi specjali\u015bci wsp\u00f3lnie z klientem formu\u0142uj\u0105 najpierw zadanie techniczne, kt\u00f3re okre\u015bla wszystkie cechy przysz\u0142ej produkcji.<\/p>\n<p>Zdarzaj\u0105 si\u0119 przypadki, gdy klient ca\u0142kowicie rezygnowa\u0142 z pomys\u0142u zorganizowania produkcji biopaliwa, otrzymuj\u0105c wyniki podstawowej in\u017cynierii, kt\u00f3re jasno pokaza\u0142y, \u017ce produkcja pelletu w takich warunkach i ilo\u015bciach nigdy nie b\u0119dzie op\u0142acalna.<\/p>\n<h2><strong>Surowiec do granulacji<\/strong><\/h2>\n<p>Charakterystyka surowc\u00f3w bezpo\u015brednio wp\u0142ywa na rodzaj sprz\u0119tu, kt\u00f3ry nale\u017cy zastosowa\u0107.\u00a0Przede wszystkim trzeba wiedzie\u0107 jaki to surowiec: ska\u0142y mi\u0119kkie czy twarde, jaka\u015b frakcja, wilgotno\u015b\u0107, obecno\u015b\u0107 zanieczyszcze\u0144 (piasek, kamienie, wi\u00f3ry metalowe).\u00a0W zale\u017cno\u015bci od charakterystyki i dost\u0119pnej ilo\u015bci surowca specjali\u015bci proponuj\u0105 klientom optymalne rozwi\u0105zanie, mo\u017ce to by\u0107 albo linia mini-pellet o wydajno\u015bci 0,25 t\/h, albo pe\u0142noprawna wytw\u00f3rnia pelletu o wydajno\u015bci 5 t\/godz. i powy\u017cej<\/p>\n<p>Aby dobra\u0107 optymalny sprz\u0119t do granulacji i mie\u0107 pewno\u015b\u0107 co do produktu ko\u0144cowego, specjali\u015bci naszej fimry oferuj\u0105 klientom eksperymentaln\u0105 granulacj\u0119 surowc\u00f3w. Na podstawie bada\u0144 nasi specjali\u015bci zaoferuj\u0105 niezb\u0119dny sprz\u0119t i jego rozmieszczenie, dobior\u0105 optymalne parametry pary roboczej \u2013 matryca-walce dla efektywnej granulacji.\u00a0Obecnie specjali\u015bci Grupy ICK opracowali ponad 60 technologii granulacji r\u00f3\u017cnych produkt\u00f3w.<\/p>\n<p>Zadzwo\u0144 do naszych przedstawicieli i zapytaj o wi\u0119cej!<\/p>\n<p><em>Tre\u015b\u0107 niniejszego og\u0142oszenia nie stanowi oferty handlowej w rozumieniu Kodeksu Cywilnego. Aby dokona\u0107 zakupu nale\u017cy\u00a0skontaktowa\u0107 si\u0119 z handlowcem, potwierdzi\u0107 cen\u0119 oraz termin dostawy.<\/em><\/p>\n<p>***Kwota 0,00 z\u0142 nie jest kwot\u0105 sprzeda\u017cy urz\u0105dzenia<\/p>\n<p><em>tel. 889 899 914<\/em><\/p>\n<p><em>tel. 889 899 904<\/em><\/p>\n<\/div>\n<\/div>\n<\/div>\n<\/div>\n","protected":false},"excerpt":{"rendered":"<p>Prezentujemy nowoczesne rozwi\u0105zania dla bran\u017cy pasz oraz pelletu opa\u0142owego. Innowacyjne linie, ca\u0142e kompleksy do produkcji granulatu. Gaz z roku na rok dro\u017ceje, a jako paliwo alternatywne wykorzystuje si\u0119 granulaty (pelety) biopaliwa, st\u0105d te\u017c popularno\u015b\u0107 pelletu opa\u0142owego stale ro\u015bnie. Jednocze\u015bnie produkcja tej formy opa\u0142u naprawd\u0119 wysokiej jako\u015bci wymaga nie tylko surowc\u00f3w, ale tak\u017ce sprawdzonego sprz\u0119tu do [&hellip;]<\/p>\n","protected":false},"featured_media":393,"template":"","meta":{"site-sidebar-layout":"default","site-content-layout":"","ast-site-content-layout":"default","site-content-style":"default","site-sidebar-style":"default","ast-global-header-display":"","ast-banner-title-visibility":"","ast-main-header-display":"","ast-hfb-above-header-display":"","ast-hfb-below-header-display":"","ast-hfb-mobile-header-display":"","site-post-title":"","ast-breadcrumbs-content":"","ast-featured-img":"","footer-sml-layout":"","ast-disable-related-posts":"","theme-transparent-header-meta":"default","adv-header-id-meta":"","stick-header-meta":"default","header-above-stick-meta":"","header-main-stick-meta":"","header-below-stick-meta":"","astra-migrate-meta-layouts":"set","ast-page-background-enabled":"default","ast-page-background-meta":{"desktop":{"background-color":"var(--ast-global-color-4)","background-image":"","background-repeat":"repeat","background-position":"center center","background-size":"auto","background-attachment":"scroll","background-type":"","background-media":"","overlay-type":"","overlay-color":"","overlay-opacity":"","overlay-gradient":""},"tablet":{"background-color":"","background-image":"","background-repeat":"repeat","background-position":"center center","background-size":"auto","background-attachment":"scroll","background-type":"","background-media":"","overlay-type":"","overlay-color":"","overlay-opacity":"","overlay-gradient":""},"mobile":{"background-color":"","background-image":"","background-repeat":"repeat","background-position":"center center","background-size":"auto","background-attachment":"scroll","background-type":"","background-media":"","overlay-type":"","overlay-color":"","overlay-opacity":"","overlay-gradient":""}},"ast-content-background-meta":{"desktop":{"background-color":"var(--ast-global-color-5)","background-image":"","background-repeat":"repeat","background-position":"center center","background-size":"auto","background-attachment":"scroll","background-type":"","background-media":"","overlay-type":"","overlay-color":"","overlay-opacity":"","overlay-gradient":""},"tablet":{"background-color":"var(--ast-global-color-5)","background-image":"","background-repeat":"repeat","background-position":"center center","background-size":"auto","background-attachment":"scroll","background-type":"","background-media":"","overlay-type":"","overlay-color":"","overlay-opacity":"","overlay-gradient":""},"mobile":{"background-color":"var(--ast-global-color-5)","background-image":"","background-repeat":"repeat","background-position":"center center","background-size":"auto","background-attachment":"scroll","background-type":"","background-media":"","overlay-type":"","overlay-color":"","overlay-opacity":"","overlay-gradient":""}}},"product_brand":[],"product_cat":[46],"product_tag":[],"class_list":{"0":"post-392","1":"product","2":"type-product","3":"status-publish","4":"has-post-thumbnail","6":"product_cat-linie-do-produkcji-peletu-i-granulatu","7":"desktop-align-left","8":"tablet-align-left","9":"mobile-align-left","10":"ast-product-gallery-layout-horizontal-slider","11":"ast-magnify-disabled","12":"ast-product-tabs-layout-horizontal","14":"first","15":"instock","16":"shipping-taxable","17":"product-type-simple"},"_links":{"self":[{"href":"https:\/\/peletto.eu\/pl\/wp-json\/wp\/v2\/product\/392","targetHints":{"allow":["GET"]}}],"collection":[{"href":"https:\/\/peletto.eu\/pl\/wp-json\/wp\/v2\/product"}],"about":[{"href":"https:\/\/peletto.eu\/pl\/wp-json\/wp\/v2\/types\/product"}],"wp:featuredmedia":[{"embeddable":true,"href":"https:\/\/peletto.eu\/pl\/wp-json\/wp\/v2\/media\/393"}],"wp:attachment":[{"href":"https:\/\/peletto.eu\/pl\/wp-json\/wp\/v2\/media?parent=392"}],"wp:term":[{"taxonomy":"product_brand","embeddable":true,"href":"https:\/\/peletto.eu\/pl\/wp-json\/wp\/v2\/product_brand?post=392"},{"taxonomy":"product_cat","embeddable":true,"href":"https:\/\/peletto.eu\/pl\/wp-json\/wp\/v2\/product_cat?post=392"},{"taxonomy":"product_tag","embeddable":true,"href":"https:\/\/peletto.eu\/pl\/wp-json\/wp\/v2\/product_tag?post=392"}],"curies":[{"name":"wp","href":"https:\/\/api.w.org\/{rel}","templated":true}]}}