{"id":397,"date":"2024-01-26T00:14:16","date_gmt":"2024-01-25T23:14:16","guid":{"rendered":"https:\/\/peletto.eu\/?post_type=product&#038;p=397"},"modified":"2024-01-26T00:14:16","modified_gmt":"2024-01-25T23:14:16","slug":"kompleks-linia-fabryka-do-produkcji-paszy-z-serii-gt-od-1-do-45-t-h","status":"publish","type":"product","link":"https:\/\/peletto.eu\/pl\/produkt\/kompleks-linia-fabryka-do-produkcji-paszy-z-serii-gt-od-1-do-45-t-h\/","title":{"rendered":"Kompleks, linia, fabryka do produkcji paszy z serii GT od 1 do 45 t\/h"},"content":{"rendered":"<div class=\"row\">\n<div class=\"col-md-6\">\n<div class=\"page-product-intro\">\n<p>Prezentujemy przemys\u0142owe urz\u0105dzenia do granulacji pasz o wydajno\u015bci nawet do 45 t\/h. Pomo\u017cemy zaprojektowa\u0107 i uruchomi\u0107 lini\u0119 oraz instalacje zasilaj\u0105ce, a tak\u017ce osobne urz\u0105dzenia technologiczne do granulacji surowca (biomasy). W zale\u017cno\u015bci od wymaga\u0144 i technologii mo\u017cna dobra\u0107 sprz\u0119t dla r\u00f3\u017cnych typ\u00f3w gospodarstw specjalizuj\u0105cych si\u0119 w hodowli byd\u0142a, trzody chlewnej, drobiu, ryb itp. G\u0142\u00f3wnym celem, jaki sobie przy\u015bwieca produkcja tego urz\u0105dzenia, jest czas jego eksploatacji i zapewnienie wska\u017anik\u00f3w jako\u015bciowych granulatu paszowego na wyj\u015bciu.<\/p>\n<p><strong>Surowce do granulacji:\u00a0<\/strong>\u00a0gotowe komponenty mieszanek paszowych, premiksy, a tak\u017ce odpady m\u0142y\u0144skie (otr\u0119by) i pozosta\u0142e paszowe odpady rolnicze.<\/p>\n<ul>\n<li><strong>Wydajno\u015b\u0107: od\u00a0<\/strong>\u00a0<strong>1,0 do 45 t\/h.<\/strong><\/li>\n<li>Cena dotyczy linii o wydajno\u015bci 1 t\/h<\/li>\n<\/ul>\n<p>Nasi specjali\u015bci zapewni\u0105 indywidualne podej\u015bcie do ka\u017cdego klienta i ch\u0119tnie pomog\u0105 w opracowaniu technologii uwzgl\u0119dniaj\u0105cej wszystkie cechy przedsi\u0119biorstwa klienta, a tak\u017ce dobior\u0105 sprz\u0119t w oparciu o zadanie techniczne i jego \u017cyczenia.<\/p>\n<p><span style=\"font-size: 16px;\">Instalacje (kompletne linie) do produkcji mieszanek paszowych obejmuj\u0105 najcz\u0119\u015bciej:<\/span><\/p>\n<\/div>\n<\/div>\n<\/div>\n<div class=\"row\">\n<div class=\"col-12\">\n<p>1 \u2013 rejon pozyskiwania i przerzutu;<\/p>\n<p>2 \u2013 powierzchnia magazynowa;<\/p>\n<p>3 \u2013 obszar dozowania;<\/p>\n<p>4 \u2013 sekcja szlifierska;<\/p>\n<p>5 \u2013 strefa mieszania;<\/p>\n<p>6 \u2013 obszar granulacji;<\/p>\n<p>7 \u2013 sk\u0142ad gotowych produkt\u00f3w.<\/p>\n<p>Do produkcji urz\u0105dze\u0144 stosowane s\u0105 specjalne materia\u0142y odporne na korozj\u0119, co z kolei gwarantuje trwa\u0142o\u015b\u0107 urz\u0105dze\u0144 i zachowanie wska\u017anik\u00f3w jako\u015bciowych granulatu.<\/p>\n<p>Instalacja mieszanek paszowych pod klucz to szansa na rozpocz\u0119cie dzia\u0142alno\u015bci w zakresie produkcji pasz bez nadp\u0142at i straty czasu. Specjali\u015bci wezm\u0105 pod uwag\u0119 cechy lokalu, planowan\u0105 prac\u0119 sprz\u0119tu, dost\u0119pno\u015b\u0107 i dystrybucj\u0119 komunikacji, a tak\u017ce inne niuanse wa\u017cne przy planowaniu wytw\u00f3rni pasz.<\/p>\n<h2>Instalacja, kompleks produkcyjny, fabryka do pasz: rodzaje sprz\u0119tu i cechy<\/h2>\n<p>W zasadzie przedstawiciele bran\u017cy rolniczej, kt\u00f3rzy staj\u0105 przed problemem zak\u0142\u00f3ce\u0144 w dostawach pasz, ci\u0105g\u0142ym wzrostem ich koszt\u00f3w i spadkiem jako\u015bci, co znacz\u0105co wp\u0142ywa na ich dzia\u0142alno\u015b\u0107, coraz cz\u0119\u015bciej podejmuj\u0105 tak\u0105 decyzj\u0119.\u00a0W\u0142asny zak\u0142ad do produkcji mieszanek paszowych wyeliminuje te i podobne problemy oraz pomo\u017ce znacz\u0105co zwi\u0119kszy\u0107 produktywno\u015b\u0107 przedsi\u0119biorstwa przy jednoczesnym obni\u017ceniu koszt\u00f3w produkcji.<\/p>\n<p>Instalacje pasz mieszanych obejmuj\u0105 r\u00f3\u017cne obszary produkcji:<\/p>\n<ol>\n<li>obszar granulacji (obejmuje urz\u0105dzenia do produkcji pelletu paszowego);<\/li>\n<li>dzia\u0142ka sypkiej mieszanki paszowej (obejmuje wyposa\u017cenie fabryki futer Khorolsky)<\/li>\n<\/ol>\n<p>Sprz\u0119t umo\u017cliwia przygotowanie mieszanek paszowych o r\u00f3\u017cnym sk\u0142adzie.<\/p>\n<p>Po co robi\u0107 pasz\u0119?<\/p>\n<p>Istnieje kilka opcji wykorzystania m\u0142yn\u00f3w paszowych:<\/p>\n<ul>\n<li>na potrzeby \u2013 do karmienia zwierz\u0105t i drobiu w gospodarstwach rolnych;<\/li>\n<li>dla zysku \u2013 produkcja i sprzeda\u017c pasz.<\/li>\n<\/ul>\n<p>Nowoczesne wytw\u00f3rnie pasz mieszanych wyposa\u017cone s\u0105 w skomputeryzowane systemy sterowania, dzi\u0119ki kt\u00f3rym mo\u017cliwe jest obni\u017cenie koszt\u00f3w zasob\u00f3w ludzkich i zapewnienie niezale\u017cnej pracy urz\u0105dze\u0144. Produkujemy i oferujemy r\u00f3\u017cnego rodzaju urz\u0105dzenia w r\u00f3\u017cnych wariantach wyposa\u017cenia i konfiguracji.<\/p>\n<p>Przy wyborze optymalnego wyposa\u017cenia zak\u0142ad\u00f3w do produkcji mieszanek paszowych, kt\u00f3re zaspokoi wszystkie wymagania klienta, specjali\u015bci grupy firm bior\u0105 pod uwag\u0119 specyfik\u0119 pracy urz\u0105dze\u0144 oraz specyfik\u0119 wykorzystywanych surowc\u00f3w. obrobiony.<\/p>\n<h3>Zak\u0142ad mieszanek paszowych: specyfika wytwarzania produktu<\/h3>\n<p>Jak dzia\u0142a sprz\u0119t do produkcji mieszanek paszowych?\u00a0Niuanse dzia\u0142ania r\u00f3\u017cni\u0105 si\u0119 w zale\u017cno\u015bci od rodzaju jednostki, ale og\u00f3lnie technologia ma podobne etapy.\u00a0Sk\u0142adniki ziarna umieszczane s\u0105 w kruszarce, gdzie s\u0105 rozdrabniane na \u017c\u0105dan\u0105 frakcj\u0119. Ponadto rozdrabniacz do s\u0142omy GTIS mo\u017ce s\u0142u\u017cy\u0107 do mielenia siana, trawy i innych produkt\u00f3w li\u015bciastych.<\/p>\n<p>Przygotowane sk\u0142adniki trafiaj\u0105 do mieszalnika, gdzie s\u0105 mieszane a\u017c do uzyskania jednorodnej masy.\u00a0Na tym etapie do dozownik\u00f3w podawana jest sypka mieszanka paszowa, a p\u00f3\u0142fabrykat po granulacji kierowany jest do dalszej obr\u00f3bki.\u00a0Granulki sch\u0142adza si\u0119 i przesiewa w celu usuni\u0119cia ma\u0142ych cz\u0105stek i py\u0142u.<\/p>\n<p>Kruszarka do granulatu GTI mo\u017ce by\u0107 r\u00f3wnie\u017c wykorzystana do rozdrobnienia granulatu na pellet o zadanym rozmiarze.<\/p>\n<p>Gotowy produkt jest pakowany w celu dalszego wykorzystania, przechowywania lub sprzeda\u017cy.<\/p>\n<h3>M\u0142yny paszowe<\/h3>\n<p>Najbardziej op\u0142acalnym rozwi\u0105zaniem b\u0119dzie nie tylko wyb\u00f3r wytw\u00f3rni mieszanek paszowych i jej zakup, ale tak\u017ce zam\u00f3wienie przy\u0142\u0105czenia linii produkcyjnej \u201epod klucz\u201d.\u00a0Ponadto \u015bwiadczymy inne us\u0142ugi:<\/p>\n<ul>\n<li>sprzeda\u017c podzespo\u0142\u00f3w i cz\u0119\u015bci zamiennych do urz\u0105dze\u0144, dzi\u0119ki kt\u00f3rej mo\u017cliwa jest wymiana zu\u017cytych cz\u0119\u015bci w mo\u017cliwie najkr\u00f3tszym czasie;<\/li>\n<li>zapewnienie nieprzerwanej pracy urz\u0105dze\u0144, zapobieganie i konserwacja m\u0142yn\u00f3w paszowych, linii produkcyjnych;<\/li>\n<li>indywidualne opracowywanie rozwi\u0105za\u0144 technologicznych z uwzgl\u0119dnieniem specyfiki ka\u017cdego przedsi\u0119biorstwa.<\/li>\n<\/ul>\n<p>Urz\u0105dzenia wytw\u00f3rni mieszanek paszowych posiadaj\u0105 certyfikat UE, potwierdzony odpowiednimi dokumentami mi\u0119dzynarodowymi. Sprz\u0119t przyci\u0105ga swoj\u0105 odporno\u015bci\u0105 na dzia\u0142anie czynnik\u00f3w zewn\u0119trznych, co pozwala osi\u0105gn\u0105\u0107:<\/p>\n<ul>\n<li>wyd\u0142u\u017cenie okresu operacyjnego;<\/li>\n<li>poprawa jako\u015bci sprz\u0119tu;<\/li>\n<li>uzyskanie paszy o wysokim poziomie.<\/li>\n<\/ul>\n<p>M\u0142yny paszowe to praktyczne rozwi\u0105zania za cen\u0119, kt\u00f3ra jest kszta\u0142towana indywidualnie i mo\u017ce zmienia\u0107 si\u0119 w zale\u017cno\u015bci od wymaga\u0144 stawianych sprz\u0119towi.<\/p>\n<\/div>\n<p>Zadzwo\u0144 do naszych przedstawicieli i zapytaj o wi\u0119cej!<\/p>\n<p><em>Tre\u015b\u0107 niniejszego og\u0142oszenia nie stanowi oferty handlowej w rozumieniu Kodeksu Cywilnego. Aby dokona\u0107 zakupu nale\u017cy\u00a0skontaktowa\u0107 si\u0119 z handlowcem, potwierdzi\u0107 cen\u0119 oraz termin dostawy.<\/em><\/p>\n<\/div>\n","protected":false},"excerpt":{"rendered":"<p>Prezentujemy przemys\u0142owe urz\u0105dzenia do granulacji pasz o wydajno\u015bci nawet do 45 t\/h. Pomo\u017cemy zaprojektowa\u0107 i uruchomi\u0107 lini\u0119 oraz instalacje zasilaj\u0105ce, a tak\u017ce osobne urz\u0105dzenia technologiczne do granulacji surowca (biomasy). W zale\u017cno\u015bci od wymaga\u0144 i technologii mo\u017cna dobra\u0107 sprz\u0119t dla r\u00f3\u017cnych typ\u00f3w gospodarstw specjalizuj\u0105cych si\u0119 w hodowli byd\u0142a, trzody chlewnej, drobiu, ryb itp. G\u0142\u00f3wnym celem, jaki [&hellip;]<\/p>\n","protected":false},"featured_media":398,"template":"","meta":{"site-sidebar-layout":"default","site-content-layout":"","ast-site-content-layout":"default","site-content-style":"default","site-sidebar-style":"default","ast-global-header-display":"","ast-banner-title-visibility":"","ast-main-header-display":"","ast-hfb-above-header-display":"","ast-hfb-below-header-display":"","ast-hfb-mobile-header-display":"","site-post-title":"","ast-breadcrumbs-content":"","ast-featured-img":"","footer-sml-layout":"","ast-disable-related-posts":"","theme-transparent-header-meta":"default","adv-header-id-meta":"","stick-header-meta":"default","header-above-stick-meta":"","header-main-stick-meta":"","header-below-stick-meta":"","astra-migrate-meta-layouts":"set","ast-page-background-enabled":"default","ast-page-background-meta":{"desktop":{"background-color":"var(--ast-global-color-4)","background-image":"","background-repeat":"repeat","background-position":"center center","background-size":"auto","background-attachment":"scroll","background-type":"","background-media":"","overlay-type":"","overlay-color":"","overlay-opacity":"","overlay-gradient":""},"tablet":{"background-color":"","background-image":"","background-repeat":"repeat","background-position":"center center","background-size":"auto","background-attachment":"scroll","background-type":"","background-media":"","overlay-type":"","overlay-color":"","overlay-opacity":"","overlay-gradient":""},"mobile":{"background-color":"","background-image":"","background-repeat":"repeat","background-position":"center center","background-size":"auto","background-attachment":"scroll","background-type":"","background-media":"","overlay-type":"","overlay-color":"","overlay-opacity":"","overlay-gradient":""}},"ast-content-background-meta":{"desktop":{"background-color":"var(--ast-global-color-5)","background-image":"","background-repeat":"repeat","background-position":"center center","background-size":"auto","background-attachment":"scroll","background-type":"","background-media":"","overlay-type":"","overlay-color":"","overlay-opacity":"","overlay-gradient":""},"tablet":{"background-color":"var(--ast-global-color-5)","background-image":"","background-repeat":"repeat","background-position":"center center","background-size":"auto","background-attachment":"scroll","background-type":"","background-media":"","overlay-type":"","overlay-color":"","overlay-opacity":"","overlay-gradient":""},"mobile":{"background-color":"var(--ast-global-color-5)","background-image":"","background-repeat":"repeat","background-position":"center center","background-size":"auto","background-attachment":"scroll","background-type":"","background-media":"","overlay-type":"","overlay-color":"","overlay-opacity":"","overlay-gradient":""}}},"product_brand":[],"product_cat":[46],"product_tag":[],"class_list":{"0":"post-397","1":"product","2":"type-product","3":"status-publish","4":"has-post-thumbnail","6":"product_cat-linie-do-produkcji-peletu-i-granulatu","7":"desktop-align-left","8":"tablet-align-left","9":"mobile-align-left","10":"ast-product-gallery-layout-horizontal-slider","11":"ast-magnify-disabled","12":"ast-product-tabs-layout-horizontal","14":"first","15":"instock","16":"shipping-taxable","17":"product-type-simple"},"_links":{"self":[{"href":"https:\/\/peletto.eu\/pl\/wp-json\/wp\/v2\/product\/397","targetHints":{"allow":["GET"]}}],"collection":[{"href":"https:\/\/peletto.eu\/pl\/wp-json\/wp\/v2\/product"}],"about":[{"href":"https:\/\/peletto.eu\/pl\/wp-json\/wp\/v2\/types\/product"}],"wp:featuredmedia":[{"embeddable":true,"href":"https:\/\/peletto.eu\/pl\/wp-json\/wp\/v2\/media\/398"}],"wp:attachment":[{"href":"https:\/\/peletto.eu\/pl\/wp-json\/wp\/v2\/media?parent=397"}],"wp:term":[{"taxonomy":"product_brand","embeddable":true,"href":"https:\/\/peletto.eu\/pl\/wp-json\/wp\/v2\/product_brand?post=397"},{"taxonomy":"product_cat","embeddable":true,"href":"https:\/\/peletto.eu\/pl\/wp-json\/wp\/v2\/product_cat?post=397"},{"taxonomy":"product_tag","embeddable":true,"href":"https:\/\/peletto.eu\/pl\/wp-json\/wp\/v2\/product_tag?post=397"}],"curies":[{"name":"wp","href":"https:\/\/api.w.org\/{rel}","templated":true}]}}