{"id":401,"date":"2024-01-26T00:16:13","date_gmt":"2024-01-25T23:16:13","guid":{"rendered":"https:\/\/peletto.eu\/?post_type=product&#038;p=401"},"modified":"2024-01-26T00:16:14","modified_gmt":"2024-01-25T23:16:14","slug":"mini-linia-pierscieniowa-min-kompleks-do-produkcji-pelletu-gtl-304d-05-t-h","status":"publish","type":"product","link":"https:\/\/peletto.eu\/pl\/produkt\/mini-linia-pierscieniowa-min-kompleks-do-produkcji-pelletu-gtl-304d-05-t-h\/","title":{"rendered":"Mini linia pier\u015bcieniowa, min kompleks do produkcji pelletu GTL-304D | 0,5 t\/h"},"content":{"rendered":"<p><b>Mini kompleks, mini linia\u00a0pier\u015bcieniowa GTL-304D<\/b>\u00a0\u00a0przeznaczona jest do produkcji pelletu paliwowego (pelletu) z wst\u0119pnie przygotowanych odpad\u00f3w drzewnych, s\u0142omy zbo\u017cowej, \u0142usek s\u0142onecznika i innej biomasy energetycznej pochodzenia ro\u015blinnego.<\/p>\n<ul>\n<li><b>Wydajno\u015b\u0107 mini kompleksu GTL-304D wynosi od 0,5 t\/h<\/b><\/li>\n<\/ul>\n<p>Mini kompleks do granulacji GTL-304 w podstawowej konfiguracji sk\u0142ada si\u0119 z: leja odbiorczego, kruszarki z za\u0142adunkiem pneumatycznym, leja magazynuj\u0105cego, dozownika, mieszalnika, praso-granulatora GT-304D, przeno\u015bnika ta\u015bmowego ze zgarniakami, ch\u0142odnicy\u00a0 GTO-7\u00d78, przesiewacza GTP-1, cyklonu, wentylatora, uk\u0142adu sterowania, zespo\u0142u filtr\u00f3w.<\/p>\n<div><strong>Wymagania dotycz\u0105ce surowc\u00f3w:<\/strong><\/div>\n<div><\/div>\n<div>Biomas\u0119 energetyczn\u0105 nale\u017cy wst\u0119pnie oczy\u015bci\u0107 z zanieczyszcze\u0144 obcych i rozdrobni\u0107 na frakcje: s\u0142oma zbo\u017cowa 40-50 mm, drewno do 20 mm (grubo\u015b\u0107 3-4 mm) o wilgotno\u015bci 10-12%.\u00a0Drobne surowce (\u0142uski s\u0142onecznika, \u0142uski gryki, ry\u017cu itp.) nie musz\u0105 by\u0107 wcze\u015bniej kruszone.<\/div>\n<div><\/div>\n<div>\n<table dir=\"ltr\" border=\"1\" cellspacing=\"0\" cellpadding=\"0\">\n<colgroup>\n<col width=\"343\" \/>\n<col width=\"171\" \/><\/colgroup>\n<tbody>\n<tr>\n<td data-sheets-value=\"{&quot;1&quot;:2,&quot;2&quot;:&quot;Moc prasy, kW&quot;}\">Moc prasy, kW<\/td>\n<td data-sheets-value=\"{&quot;1&quot;:3,&quot;3&quot;:55}\">55<\/td>\n<\/tr>\n<tr>\n<td data-sheets-value=\"{&quot;1&quot;:2,&quot;2&quot;:&quot;Moc mieszalnika, kW&quot;}\">Moc mieszalnika, kW<\/td>\n<td data-sheets-value=\"{&quot;1&quot;:2,&quot;2&quot;:&quot;3.0&quot;}\">3.0<\/td>\n<\/tr>\n<tr>\n<td data-sheets-value=\"{&quot;1&quot;:2,&quot;2&quot;:&quot;Moc dozownika, kW&quot;}\">Moc dozownika, kW<\/td>\n<td data-sheets-value=\"{&quot;1&quot;:3,&quot;3&quot;:0.75}\">0,75<\/td>\n<\/tr>\n<tr>\n<td data-sheets-value=\"{&quot;1&quot;:2,&quot;2&quot;:&quot;Stacjonarna moc wymuszonego zasilania, kW&quot;}\">Stacjonarna moc wymuszonego zasilania, kW<\/td>\n<td data-sheets-value=\"{&quot;1&quot;:3,&quot;3&quot;:0.55}\">0,55<\/td>\n<\/tr>\n<tr>\n<td data-sheets-value=\"{&quot;1&quot;:2,&quot;2&quot;:&quot;Wymiary ca\u0142kowite (szer. x d\u0142. x wys.), mm&quot;}\">Wymiary ca\u0142kowite (szer. x d\u0142. x wys.), mm<\/td>\n<td data-sheets-value=\"{&quot;1&quot;:2,&quot;2&quot;:&quot;1675x1650x1690&quot;}\">1675x1650x1690<\/td>\n<\/tr>\n<tr>\n<td data-sheets-value=\"{&quot;1&quot;:2,&quot;2&quot;:&quot;Waga (kg&quot;}\">Waga (kg<\/td>\n<td data-sheets-value=\"{&quot;1&quot;:3,&quot;3&quot;:1800}\">1800<\/td>\n<\/tr>\n<tr>\n<td data-sheets-value=\"{&quot;1&quot;:2,&quot;2&quot;:&quot;\u015arednica matrycy, mm&quot;}\">\u015arednica matrycy, mm<\/td>\n<td data-sheets-value=\"{&quot;1&quot;:3,&quot;3&quot;:304}\">304<\/td>\n<\/tr>\n<tr>\n<td data-sheets-value=\"{&quot;1&quot;:2,&quot;2&quot;:&quot;Szeroko\u015b\u0107 robocza matrycy, mm&quot;}\">Szeroko\u015b\u0107 robocza matrycy, mm<\/td>\n<td data-sheets-value=\"{&quot;1&quot;:3,&quot;3&quot;:55}\">55<\/td>\n<\/tr>\n<tr>\n<td data-sheets-value=\"{&quot;1&quot;:2,&quot;2&quot;:&quot;Liczba rolek, szt.&quot;}\">Liczba rolek, szt.<\/td>\n<td data-sheets-value=\"{&quot;1&quot;:3,&quot;3&quot;:2}\">2<\/td>\n<\/tr>\n<tr>\n<td data-sheets-value=\"{&quot;1&quot;:2,&quot;2&quot;:&quot;\u015arednica rolek, mm&quot;}\">\u015arednica rolek, mm<\/td>\n<td data-sheets-value=\"{&quot;1&quot;:3,&quot;3&quot;:142}\">142<\/td>\n<\/tr>\n<\/tbody>\n<\/table>\n<\/div>\n<p><b>Zalety mini kompleksu,, mini linii pier\u015bcieniowej:\u00a0<\/b><\/p>\n<ul>\n<li>Z fabryki jest transportowany w stanie zmontowanym, nie wymaga monta\u017cu i demonta\u017cu podczas transportu.<\/li>\n<li>Dostarczany jest z kompletn\u0105 instalacj\u0105 elektryczn\u0105 wszystkich urz\u0105dze\u0144 wchodz\u0105cych w sk\u0142ad mini kompleksu.<\/li>\n<li>Gotowy do podj\u0119cia pracy od razu po pod\u0142\u0105czeniu pr\u0105du i dostarczeniu surowc\u00f3w.<\/li>\n<li>Mo\u017cliwe jest przemieszczanie si\u0119 z miejsca na miejsce (do centrum lokalizacji bazy surowcowej) bez du\u017cych koszt\u00f3w pracy i przestoj\u00f3w.<\/li>\n<li>Nie wymaga g\u0142\u00f3wnych prac monta\u017cowych, poniewa\u017c jest dostarczany zamontowany na ramie z fabrycznie okablowaniem elektrycznym.<\/li>\n<li>Niskie zu\u017cycie energii i koszty eksploatacji.<\/li>\n<li>Dobre gotowe rozwi\u0105zanie dla ma\u0142ej firmy i kr\u00f3tki okres zwrotu.<\/li>\n<li>Koszty organizacji produkcji mini kompleks\u00f3w s\u0105 znacznie ni\u017csze ni\u017c w przypadku linii o podobnej wydajno\u015bci.<\/li>\n<li>Mini kompleks obs\u0142ugiwany jest przez jednego operatora.<\/li>\n<\/ul>\n<div><b>Podstawowe zalecenia dotycz\u0105ce eksploatacji mini kompleksu GTL-304D:<\/b><\/div>\n<div>Zastosowanie wysokiej jako\u015bci komponent\u00f3w i materia\u0142\u00f3w pozwala na prac\u0119 GTL-304D w temperaturach od +5 do +40 i wilgotno\u015bci wzgl\u0119dnej do 80%.<br \/>\nAby zapewni\u0107 dzia\u0142anie GTL-304D potrzebne s\u0105:<\/div>\n<ul>\n<li>\u00a0Zasilanie 400 V, 50 Hz, 90 kW.<\/li>\n<li>Spr\u0119\u017cone powietrze o ci\u015bnieniu 4-6 atm., 250 l\/min.<\/li>\n<li>Para o ci\u015bnieniu 3 atm.<\/li>\n<\/ul>\n<div><strong>Do produkcji biopaliwa sta\u0142ego GTL-304D mo\u017ce dodatkowo obejmowa\u0107 nast\u0119puj\u0105ce obszary:<\/strong><\/div>\n<div>1 \u2013 miejsce przygotowania surowca (rozdrabniacz, rozdrabniacz do drewna lub rozdrabniacz s\u0142omy GTIS-1, oczyszczanie z zanieczyszcze\u0144);<br \/>\n2 \u2013 strefa suszenia mokrych surowc\u00f3w (kompleks suszarniczy GTSK-0, 6\/4);<br \/>\n3 \u2013 obszar odbioru, pakowania i przechowywania wyrob\u00f3w gotowych.<\/div>\n<div><\/div>\n<div><\/div>\n<div>\n<p>Zadzwo\u0144 do naszych przedstawicieli i zapytaj o wi\u0119cej!<\/p>\n<p><em>Tre\u015b\u0107 niniejszego og\u0142oszenia nie stanowi oferty handlowej w rozumieniu Kodeksu Cywilnego. Aby dokona\u0107 zakupu nale\u017cy\u00a0skontaktowa\u0107 si\u0119 z handlowcem, potwierdzi\u0107 cen\u0119 oraz termin dostawy.<\/em><\/p>\n<p>***Kwota 0,00 z\u0142 nie jest kwot\u0105 sprzeda\u017cy urz\u0105dzenia<\/p>\n<p><em>tel. 889 899 914<\/em><\/p>\n<p><em>tel. 889 899 904<\/em><\/p>\n<\/div>\n","protected":false},"excerpt":{"rendered":"<p>Mini kompleks, mini linia\u00a0pier\u015bcieniowa GTL-304D\u00a0\u00a0przeznaczona jest do produkcji pelletu paliwowego (pelletu) z wst\u0119pnie przygotowanych odpad\u00f3w drzewnych, s\u0142omy zbo\u017cowej, \u0142usek s\u0142onecznika i innej biomasy energetycznej pochodzenia ro\u015blinnego. Wydajno\u015b\u0107 mini kompleksu GTL-304D wynosi od 0,5 t\/h Mini kompleks do granulacji GTL-304 w podstawowej konfiguracji sk\u0142ada si\u0119 z: leja odbiorczego, kruszarki z za\u0142adunkiem pneumatycznym, leja magazynuj\u0105cego, dozownika, mieszalnika, [&hellip;]<\/p>\n","protected":false},"featured_media":402,"template":"","meta":{"site-sidebar-layout":"default","site-content-layout":"","ast-site-content-layout":"default","site-content-style":"default","site-sidebar-style":"default","ast-global-header-display":"","ast-banner-title-visibility":"","ast-main-header-display":"","ast-hfb-above-header-display":"","ast-hfb-below-header-display":"","ast-hfb-mobile-header-display":"","site-post-title":"","ast-breadcrumbs-content":"","ast-featured-img":"","footer-sml-layout":"","ast-disable-related-posts":"","theme-transparent-header-meta":"default","adv-header-id-meta":"","stick-header-meta":"default","header-above-stick-meta":"","header-main-stick-meta":"","header-below-stick-meta":"","astra-migrate-meta-layouts":"set","ast-page-background-enabled":"default","ast-page-background-meta":{"desktop":{"background-color":"var(--ast-global-color-4)","background-image":"","background-repeat":"repeat","background-position":"center center","background-size":"auto","background-attachment":"scroll","background-type":"","background-media":"","overlay-type":"","overlay-color":"","overlay-opacity":"","overlay-gradient":""},"tablet":{"background-color":"","background-image":"","background-repeat":"repeat","background-position":"center center","background-size":"auto","background-attachment":"scroll","background-type":"","background-media":"","overlay-type":"","overlay-color":"","overlay-opacity":"","overlay-gradient":""},"mobile":{"background-color":"","background-image":"","background-repeat":"repeat","background-position":"center center","background-size":"auto","background-attachment":"scroll","background-type":"","background-media":"","overlay-type":"","overlay-color":"","overlay-opacity":"","overlay-gradient":""}},"ast-content-background-meta":{"desktop":{"background-color":"var(--ast-global-color-5)","background-image":"","background-repeat":"repeat","background-position":"center center","background-size":"auto","background-attachment":"scroll","background-type":"","background-media":"","overlay-type":"","overlay-color":"","overlay-opacity":"","overlay-gradient":""},"tablet":{"background-color":"var(--ast-global-color-5)","background-image":"","background-repeat":"repeat","background-position":"center center","background-size":"auto","background-attachment":"scroll","background-type":"","background-media":"","overlay-type":"","overlay-color":"","overlay-opacity":"","overlay-gradient":""},"mobile":{"background-color":"var(--ast-global-color-5)","background-image":"","background-repeat":"repeat","background-position":"center center","background-size":"auto","background-attachment":"scroll","background-type":"","background-media":"","overlay-type":"","overlay-color":"","overlay-opacity":"","overlay-gradient":""}}},"product_brand":[],"product_cat":[46],"product_tag":[],"class_list":{"0":"post-401","1":"product","2":"type-product","3":"status-publish","4":"has-post-thumbnail","6":"product_cat-linie-do-produkcji-peletu-i-granulatu","7":"desktop-align-left","8":"tablet-align-left","9":"mobile-align-left","10":"ast-product-gallery-layout-horizontal-slider","11":"ast-magnify-disabled","12":"ast-product-tabs-layout-horizontal","14":"first","15":"instock","16":"shipping-taxable","17":"product-type-simple"},"_links":{"self":[{"href":"https:\/\/peletto.eu\/pl\/wp-json\/wp\/v2\/product\/401","targetHints":{"allow":["GET"]}}],"collection":[{"href":"https:\/\/peletto.eu\/pl\/wp-json\/wp\/v2\/product"}],"about":[{"href":"https:\/\/peletto.eu\/pl\/wp-json\/wp\/v2\/types\/product"}],"wp:featuredmedia":[{"embeddable":true,"href":"https:\/\/peletto.eu\/pl\/wp-json\/wp\/v2\/media\/402"}],"wp:attachment":[{"href":"https:\/\/peletto.eu\/pl\/wp-json\/wp\/v2\/media?parent=401"}],"wp:term":[{"taxonomy":"product_brand","embeddable":true,"href":"https:\/\/peletto.eu\/pl\/wp-json\/wp\/v2\/product_brand?post=401"},{"taxonomy":"product_cat","embeddable":true,"href":"https:\/\/peletto.eu\/pl\/wp-json\/wp\/v2\/product_cat?post=401"},{"taxonomy":"product_tag","embeddable":true,"href":"https:\/\/peletto.eu\/pl\/wp-json\/wp\/v2\/product_tag?post=401"}],"curies":[{"name":"wp","href":"https:\/\/api.w.org\/{rel}","templated":true}]}}