{"id":404,"date":"2024-01-26T00:19:14","date_gmt":"2024-01-25T23:19:14","guid":{"rendered":"https:\/\/peletto.eu\/?post_type=product&#038;p=404"},"modified":"2024-01-26T00:19:14","modified_gmt":"2024-01-25T23:19:14","slug":"mini-linia-do-produkcji-paszy-dla-zwierzat-mlp-150-7-kw-150-kg-h","status":"publish","type":"product","link":"https:\/\/peletto.eu\/pl\/produkt\/mini-linia-do-produkcji-paszy-dla-zwierzat-mlp-150-7-kw-150-kg-h\/","title":{"rendered":"Mini linia do produkcji paszy dla zwierz\u0105t MLP-150 | 7 kW | 150 kg\/h"},"content":{"rendered":"<div class=\"tabs mb-80\">\n<div class=\"tabs__content\">\n<div class=\"tabs__item active\">\n<div class=\"content\">\n<p><strong>Mini linia do produkcji pasz, mieszanek paszowych MLP-150<\/strong>\u00a0od firmy\u00a0<a href=\"http:\/\/peletto.pl\/\" target=\"_blank\" rel=\"noopener\">Peletto.pl<\/a>\u00a0o wydajno\u015bci do 150 kg\/h to niezawodny i d\u0142ugowieczny kompleks, kt\u00f3ry mo\u017ce idealnie sprawdzi\u0107 si\u0119 w twoim gospodarstwie.<\/p>\n<p>Prezentowana linia MLP-1000 do produkcji pasz o wydajno\u015bci 1000 kg\/h sk\u0142ada si\u0119 z m\u0142yna bijakowego KRAFT-150. Wraz ze \u015brutownikiem jest KC-300 co tworzy\u00a0lini\u0119 do produkcji paszy z mi\u0119dzy innymi z odpad\u00f3w zbo\u017cowych. Rozdrabnia r\u00f3wnie\u017c ziarna, \u0142uski s\u0142onecznika, obornik, odchody. \u0141adowanie trocin jest pneumatyczne.<\/p>\n<p>Peletto.pl oferuje zakup m\u0142yna bijakowego do przetwarzania trocin, charakteryzuj\u0105cej si\u0119 \u0142atwo\u015bci\u0105 obs\u0142ugi. Mo\u017cliwa jest szybka zmiana sit o r\u00f3\u017cnych \u015brednicach otwor\u00f3w w celu dostosowania stopnia rozdrobnienia. Cz\u0119\u015bci eksploatacyjne kruszarki (sita, m\u0142oty) s\u0105 zawsze dost\u0119pne na magazynie.<\/p>\n<h2><strong>\u00a0M\u0142yn bijakowy, \u015brutownik do zbo\u017ca dzia\u0142a w nast\u0119puj\u0105cy spos\u00f3b:\u00a0<\/strong><\/h2>\n<ul>\n<li>Surowiec jest pobierany przez wyrzutnik z burty, bunkra lub przyczepy samochodowej. Za pomoc\u0105 rury ss\u0105cej jest ona kierowana do komory kruszenia;<\/li>\n<li>W komorze surowiec jest kruszony za pomoc\u0105 obrotowych m\u0142ot\u00f3w i odchylany na \u015bcianach sita, a\u017c rozmiar frakcji b\u0119dzie mniejszy ni\u017c rozmiar otwor\u00f3w sita.<\/li>\n<li>Rozdrobnione surowce s\u0105 wyrzucane przez sito do obudowy przez kruszark\u0119 m\u0142otkow\u0105 pod wp\u0142ywem przep\u0142ywu powietrza wytwarzanego przez wentylator.<\/li>\n<li>Rozdrobniony materia\u0142 jest nast\u0119pnie kierowany do komory wentylatora, sk\u0105d jest przenoszony przez rur\u0119 wylotow\u0105 i elastyczny przew\u00f3d ci\u015bnieniowy do mieszalnika poziomowego KC-300.<\/li>\n<\/ul>\n<p>Rozdrabniacz przydaje si\u0119 przy produkcji pasz dla zwierz\u0105t, brykietu i pelletu. Idealnie sprawdzi si\u0119 zar\u00f3wno w gospodarstwach domowych jak i przemys\u0142owych.<\/p>\n<p>\u015arutownik zapewnia r\u00f3wnomierne mielenie dostarczanych surowc\u00f3w przy niskim tworzeniu ma\u0142ych frakcji podobnych do py\u0142u, a tak\u017ce ma mo\u017cliwo\u015b\u0107 regulacji stopnia kruszenia.<\/p>\n<p>Wyrzutnik wlotu powietrza zapewnia wygod\u0119 podczas pracy, umo\u017cliwia regulacj\u0119 zasysania powietrza i zapobiega zatykaniu si\u0119 surowc\u00f3w w kruszarce podczas mielenia.<\/p>\n<p>Dostarczanie surowc\u00f3w do rozdrabniacza odbywa si\u0119 za pomoc\u0105 wyrzutnika i w\u0119\u017cy PVC wchodz\u0105cych w sk\u0142ad m\u0142yna bijakowego, co pozwala wyeliminowa\u0107 koszty zakupu, instalacji i konserwacji urz\u0105dze\u0144 transportowych, takich jak przeno\u015bnik.<\/p>\n<h3><strong>Zalety m\u0142yna bijakowego KRAFT-150 do ziarna, trocin:\u00a0<\/strong><\/h3>\n<ul>\n<li>Solidna konstrukcja;<\/li>\n<li>Wysoka wydajno\u015b\u0107;<\/li>\n<li>Nadaje si\u0119 do mielenia ziaren, kolb kukurydzy, wi\u00f3r\u00f3w z trocin stolarskich;<\/li>\n<li>Zabezpieczenie przed przeci\u0105\u017ceniem;<\/li>\n<\/ul>\n<p>Mieszalnik do paszy KC-300 od firmy Peletto.pl\u00a0przeznaczony jest do mieszania sk\u0142adnik\u00f3w sypkich przy produkcji pasz. Aby zaoszcz\u0119dzi\u0107 na regularnym zakupie mieszanki paszowej dla zwierz\u0105t gospodarskich: kr\u00f3lik\u00f3w, ptak\u00f3w lub ryb, lepiej kupi\u0107 poziomowy mieszalnik paszowy. Mieszalnik o pojemno\u015bci zbiornika 300 kg wyposa\u017cony jest w silnik o mocy 3 kW lub 2.2 kW. Wydajno\u015b\u0107 wynosi 1200 kg\/h<\/p>\n<h3><strong>Zalety mieszalnika do pasz:<\/strong><\/h3>\n<ul>\n<li>efektywne mieszanie odbywa si\u0119 za pomoc\u0105 pionowego \u015blimaka, kt\u00f3ry tworzy ci\u0105g\u0142y przep\u0142yw produktu od do\u0142u do g\u00f3ry;<\/li>\n<li>sk\u0142adniki s\u0105 podawane do lejka podaj\u0105cego umieszczonego na wygodnej wysoko\u015bci, a komponenty mog\u0105 by\u0107 podawane podczas pracy, co pozwala zaoszcz\u0119dzi\u0107 czas mieszania;<\/li>\n<li>dost\u0119pne s\u0105 zabezpieczenia i blokady zapewniaj\u0105ce bezpieczn\u0105 prac\u0119;<\/li>\n<li>dodatkowo mo\u017cesz kupi\u0107 wag\u0119 pod mieszalnikiem paszowym, aby kontrolowa\u0107 proporcje;<\/li>\n<li>mo\u017cliwe wykonanie ze stali nierdzewnej;<\/li>\n<\/ul>\n<h3><strong>Dany mieszalnik paszowy ma nast\u0119puj\u0105ce opcje \u0142adowania mieszanki:<\/strong><\/h3>\n<ul>\n<li>G\u00f3rny;<\/li>\n<li>Z ty\u0142u od otworu za\u0142adunkowego, w pokrywie znajduj\u0105 si\u0119 dwie wtyczki 160 mm, po zdemontowaniu jednej za pomoc\u0105 cyklonu mo\u017cna podawa\u0107 surowiec do mieszalnika paszowego od firmy Peletto.pl;<\/li>\n<li>Po zdemontowaniu dw\u00f3ch wtyczek i pneumatycznym pompowaniu surowca przez jedn\u0105, a przez drug\u0105 odprowadzeniu powietrza do filtra lub cyklonu. W tej metodzie istnieje warunek, \u017ce za\u0142adowanie nie powinno by\u0107 bardzo szybkie.<\/li>\n<\/ul>\n<p>Mieszanka paszowa uzyskana w mieszalniku poziomym mo\u017ce by\u0107 dalej granulowana lub stosowana zgodnie z innym przeznaczeniem.\u00a0Kup dobry i skuteczny sprz\u0119t, aby samodzielnie przygotowa\u0107 odpowiedni\u0105 mieszank\u0119 paszy, witamin i suplement\u00f3w mineralnych.<\/p>\n<p><iframe title=\"Genialne po\u0142\u0105czenie od Peletto.pl! Mieszalnik do pasz MP-2000 + m\u0142yn bijakowy KRAFT 15kW\" src=\"https:\/\/www.youtube.com\/embed\/tVKRFgox3Ek?feature=oembed\" width=\"640\" height=\"360\" frameborder=\"0\" allowfullscreen=\"allowfullscreen\" data-mce-fragment=\"1\"><\/iframe><\/p>\n<p><iframe title=\"Mieszalnik do pasz MP-2000 + m\u0142yn bijakowy 15kW\" src=\"https:\/\/www.youtube.com\/embed\/uxjA0fhf8So?feature=oembed\" width=\"640\" height=\"360\" frameborder=\"0\" allowfullscreen=\"allowfullscreen\" data-mce-fragment=\"1\"><\/iframe><\/p>\n<p><em>Zapraszamy do innych naszych og\u0142osze\u0144 zamieszczonych na stronie\u00a0<a href=\"http:\/\/peletto.pl\/\" target=\"_blank\" rel=\"noopener\">Peletto<\/a>. Odwied\u017a nas w naszej hali demonstracyjnej w Poznaniu i zobacz ca\u0142y nasz park maszynowy na \u017cywo. Zadzwo\u0144 do nas, um\u00f3w si\u0119 na bezp\u0142atn\u0105 konsultacj\u0119 jednym z naszych specjalist\u00f3w i wybierz sw\u00f3j zestaw do automatyzacji produkcji mieszanek paszowych.<\/em><\/p>\n<p><em>Tre\u015b\u0107 niniejszego og\u0142oszenia nie stanowi oferty handlowej w rozumieniu Kodeksu Cywilnego. Aby dokona\u0107 zakupu nale\u017cy\u00a0skontaktowa\u0107 si\u0119 z handlowcem, potwierdzi\u0107 cen\u0119 oraz termin dostawy.<\/em><\/p>\n<p><em>tel. 889 899 914<\/em><\/p>\n<p><em>tel. 889 899 904<\/em><\/p>\n<\/div>\n<\/div>\n<\/div>\n<\/div>\n","protected":false},"excerpt":{"rendered":"<p>Mini linia do produkcji pasz, mieszanek paszowych MLP-150\u00a0od firmy\u00a0Peletto.pl\u00a0o wydajno\u015bci do 150 kg\/h to niezawodny i d\u0142ugowieczny kompleks, kt\u00f3ry mo\u017ce idealnie sprawdzi\u0107 si\u0119 w twoim gospodarstwie. Prezentowana linia MLP-1000 do produkcji pasz o wydajno\u015bci 1000 kg\/h sk\u0142ada si\u0119 z m\u0142yna bijakowego KRAFT-150. Wraz ze \u015brutownikiem jest KC-300 co tworzy\u00a0lini\u0119 do produkcji paszy z mi\u0119dzy innymi [&hellip;]<\/p>\n","protected":false},"featured_media":405,"template":"","meta":{"site-sidebar-layout":"default","site-content-layout":"","ast-site-content-layout":"default","site-content-style":"default","site-sidebar-style":"default","ast-global-header-display":"","ast-banner-title-visibility":"","ast-main-header-display":"","ast-hfb-above-header-display":"","ast-hfb-below-header-display":"","ast-hfb-mobile-header-display":"","site-post-title":"","ast-breadcrumbs-content":"","ast-featured-img":"","footer-sml-layout":"","ast-disable-related-posts":"","theme-transparent-header-meta":"default","adv-header-id-meta":"","stick-header-meta":"default","header-above-stick-meta":"","header-main-stick-meta":"","header-below-stick-meta":"","astra-migrate-meta-layouts":"set","ast-page-background-enabled":"default","ast-page-background-meta":{"desktop":{"background-color":"var(--ast-global-color-4)","background-image":"","background-repeat":"repeat","background-position":"center center","background-size":"auto","background-attachment":"scroll","background-type":"","background-media":"","overlay-type":"","overlay-color":"","overlay-opacity":"","overlay-gradient":""},"tablet":{"background-color":"","background-image":"","background-repeat":"repeat","background-position":"center center","background-size":"auto","background-attachment":"scroll","background-type":"","background-media":"","overlay-type":"","overlay-color":"","overlay-opacity":"","overlay-gradient":""},"mobile":{"background-color":"","background-image":"","background-repeat":"repeat","background-position":"center center","background-size":"auto","background-attachment":"scroll","background-type":"","background-media":"","overlay-type":"","overlay-color":"","overlay-opacity":"","overlay-gradient":""}},"ast-content-background-meta":{"desktop":{"background-color":"var(--ast-global-color-5)","background-image":"","background-repeat":"repeat","background-position":"center center","background-size":"auto","background-attachment":"scroll","background-type":"","background-media":"","overlay-type":"","overlay-color":"","overlay-opacity":"","overlay-gradient":""},"tablet":{"background-color":"var(--ast-global-color-5)","background-image":"","background-repeat":"repeat","background-position":"center center","background-size":"auto","background-attachment":"scroll","background-type":"","background-media":"","overlay-type":"","overlay-color":"","overlay-opacity":"","overlay-gradient":""},"mobile":{"background-color":"var(--ast-global-color-5)","background-image":"","background-repeat":"repeat","background-position":"center center","background-size":"auto","background-attachment":"scroll","background-type":"","background-media":"","overlay-type":"","overlay-color":"","overlay-opacity":"","overlay-gradient":""}}},"product_brand":[],"product_cat":[46],"product_tag":[],"class_list":{"0":"post-404","1":"product","2":"type-product","3":"status-publish","4":"has-post-thumbnail","6":"product_cat-linie-do-produkcji-peletu-i-granulatu","7":"desktop-align-left","8":"tablet-align-left","9":"mobile-align-left","10":"ast-product-gallery-layout-horizontal-slider","11":"ast-magnify-disabled","12":"ast-product-tabs-layout-horizontal","14":"first","15":"instock","16":"shipping-taxable","17":"product-type-simple"},"_links":{"self":[{"href":"https:\/\/peletto.eu\/pl\/wp-json\/wp\/v2\/product\/404","targetHints":{"allow":["GET"]}}],"collection":[{"href":"https:\/\/peletto.eu\/pl\/wp-json\/wp\/v2\/product"}],"about":[{"href":"https:\/\/peletto.eu\/pl\/wp-json\/wp\/v2\/types\/product"}],"wp:featuredmedia":[{"embeddable":true,"href":"https:\/\/peletto.eu\/pl\/wp-json\/wp\/v2\/media\/405"}],"wp:attachment":[{"href":"https:\/\/peletto.eu\/pl\/wp-json\/wp\/v2\/media?parent=404"}],"wp:term":[{"taxonomy":"product_brand","embeddable":true,"href":"https:\/\/peletto.eu\/pl\/wp-json\/wp\/v2\/product_brand?post=404"},{"taxonomy":"product_cat","embeddable":true,"href":"https:\/\/peletto.eu\/pl\/wp-json\/wp\/v2\/product_cat?post=404"},{"taxonomy":"product_tag","embeddable":true,"href":"https:\/\/peletto.eu\/pl\/wp-json\/wp\/v2\/product_tag?post=404"}],"curies":[{"name":"wp","href":"https:\/\/api.w.org\/{rel}","templated":true}]}}