{"id":488,"date":"2024-01-27T00:23:16","date_gmt":"2024-01-26T23:23:16","guid":{"rendered":"https:\/\/peletto.eu\/?post_type=product&#038;p=488"},"modified":"2024-01-27T00:23:17","modified_gmt":"2024-01-26T23:23:17","slug":"linia-do-produkcji-pelletu-ldg-4000-max-41-kw-do-450-kg-h","status":"publish","type":"product","link":"https:\/\/peletto.eu\/pl\/produkt\/linia-do-produkcji-pelletu-ldg-4000-max-41-kw-do-450-kg-h\/","title":{"rendered":"Linia do produkcji pelletu LDG-4000 (MAX+) | 41 kW | do 450 kg\/h"},"content":{"rendered":"<p>Prezentujemy bardzo wydajn\u0105 lini\u0119 LDG-4000 do produkcji pelletu oraz pasz granulowanych. R\u00f3\u017cni si\u0119 od zwyk\u0142ej linii LDg-400 tym, \u017ce jest wyposa\u017cona w pot\u0119\u017cny podajnik \u015blimakowy PS-1500 o pojemno\u015bci 1,5 m3 z systemem odpylaj\u0105cym. Przedstawiona linia produkuje pellet opalowy o wielko\u015bci 6 \u2013 8 mm, \u015bwietnie nadaje si\u0119 do produkcji peletu ze s\u0142omy, b\u0105d\u017a innej biomasy. Jest to jedna z wi\u0119kszych pojedynczych linii z p\u0142ask\u0105 matryc\u0105.<\/p>\n<p><strong>Nasze matryce, rolki, cz\u0119\u015bci zamienne s\u0105 produkcji polskiej! R\u00f3wnie\u017c szafy i ca\u0142a elektryka jest z najwy\u017cszej p\u00f3\u0142ki, tak\u017ce produkcji\u00a0polskiej\u00a0podczas gdy\u00a0wi\u0119kszo\u015b\u0107\u00a0naszych konkurent\u00f3w korzysta z\u00a0chi\u0144skich\u00a0tanich i niesolidnych zamiennik\u00f3w! Stawiamy na jako\u015b\u0107 od samego pocz\u0105tku. Nie oszcz\u0119dzaj na bezpiecze\u0144stwie i postaw z nami na d\u0142ugotrwa\u0142\u0105 wsp\u00f3\u0142prac\u0119.<\/strong><\/p>\n<h2><b>Kompletna linia LDG-4000 do produkcji peletu sk\u0142ada si\u0119 z nast\u0119puj\u0105cych podzespo\u0142\u00f3w:<\/b><\/h2>\n<ul>\n<li>Podajnik \u015blimakowy PS-1500: urz\u0105dzenie zu\u017cywa \u00a02,6 kW energii elektrycznej i pe\u0142ni funkcj\u0119 cyklonu. G\u0142\u00f3wnym zadaniem PS-1500 jest mieszanie surowca do dalszego podawania go do peleciarki. Pojemno\u015b\u0107 zbiornika wynosi 1,5 m3.<\/li>\n<li>System nawil\u017cania: g\u0142\u00f3wnymi elementami systemu nawil\u017cania s\u0105 elektrozaw\u00f3r, pompa, 200-litrowy zbiornik na wod\u0119 oraz programator czasowy. System ten jest pod\u0142\u0105czony do podajnika \u015blimakowego, co umo\u017cliwia dodanie niezb\u0119dnej ilo\u015bci wody do peleciarki. Pob\u00f3r mocy 0,37 kW.<\/li>\n<li>Peleciarka PELETON-400: zu\u017cywa 37 kW mocy. To najwi\u0119ksza peleciarka z p\u0142ask\u0105 matryc\u0105 naszej produkcji. Ruchome rolki (148 mm wysokie, 118 mm szerokie), zamontowane w tej maszynie zaprojektowane s\u0105 w taki spos\u00f3b, aby pokry\u0107 jak najwi\u0119cej otwor\u00f3w roboczych na matrycy (400 mm).<\/li>\n<li>Przed\u0142u\u017cony b\u0119ben kalibruj\u0105cy oraz sch\u0142adzaj\u0105cy do gotowych granulek PB-200: to urz\u0105dzenie pe\u0142ni funkcj\u0119 przesiewania peletu, co pozwala uzyska\u0107 czysty produkt ko\u0144cowy (bez kurzu i drobiazg\u00f3w). B\u0119ben jest pod\u0142\u0105czony do systemu odci\u0105gowego. Dodatkowo s\u0142u\u017cy do ch\u0142odzenia peletu. Przed\u0142u\u017cony b\u0119ben by\u0142 zaprojektowany specjalnie dla tej linii. Pob\u00f3r mocy 0,12 kW.<\/li>\n<li>Zamkni\u0119ty system odci\u0105gowy SO-315: to urz\u0105dzenie sk\u0142ada si\u0119 z wentylatora, rur do przep\u0142ywu powietrza oraz work\u00f3w do filtrowania kurzu. Odci\u0105g zapewnia cyrkulacj\u0119 powietrza niezb\u0119dn\u0105 do ch\u0142odzenia granulek, \u0142apania niespeletowanych cz\u0105stek i py\u0142u w workach. Jest pod\u0142\u0105czony do g\u0142owicy peleciarki oraz b\u0119bna przesiewaj\u0105cego. Pob\u00f3r mocy 1,5 kW.<\/li>\n<li>Panel sterowania linii peletuj\u0105cej: jest to szafka steruj\u0105ca z wbudowanym w ni\u0105 automatycznym systemem ch\u0142odzenia. Dodatkowo jest zamontowany amperometr do kontroli obci\u0105\u017cenia peleciarki, oraz przycisk do awaryjnego wy\u0142\u0105czenia linii. Sterowanie jest wygodne oraz intuicyjne.<\/li>\n<\/ul>\n<div dir=\"auto\"><b>Linia do granulacji LDG \u2013 4000 mo\u017ce zosta\u0107 wyposa\u017cona w nast\u0119puj\u0105ce podzespo\u0142y:<\/b><\/div>\n<div dir=\"auto\">\n<ul>\n<li>TLK-200 (przeno\u015bnik-kalibrator), g\u0142\u00f3wnym zadaniem jest dostawa i kalibracja surowc\u00f3w;<\/li>\n<li><a href=\"http:\/\/dobiomasy.pl\/przenosniki-podajniki-przesiewacze\/przenosnik-tasmowy-pt-500-z-wentylatorami-500-kggodzine-025-kw\" target=\"_blank\" rel=\"noopener\">PT-500<\/a>\u00a0(przeno\u015bnik ta\u015bmowy), g\u0142\u00f3wnym zadaniem jest dostawa i ch\u0142odzenie surowc\u00f3w;<\/li>\n<li><a href=\"http:\/\/dobiomasy.pl\/rozdrabniacze\/rozdrabniacz-rd-500-do-slomy-oraz-siana-500-kggodzine-75-kw-380-v\" target=\"_blank\" rel=\"noopener\">RD-500<\/a>\u00a0(rozdrabniacz), g\u0142\u00f3wnym zadaniem jest zmniejszenie frakcji biomasy;<\/li>\n<li><a href=\"http:\/\/dobiomasy.pl\/mlyny-bijakowe\/m%C5%82yn-bijakowy-mt-500\" target=\"_blank\" rel=\"noopener\">MT-500<\/a>\u00a0(m\u0142yn do trocin, bijakowy) \u2013 s\u0142u\u017cy do rozdrobnienia trocin oraz zr\u0119bki na frakcj\u0119 jednolit\u0105;<\/li>\n<li><a href=\"http:\/\/dobiomasy.pl\/suszarnie-do-trocin\/aerodynamiczne-suszarnie-sa\/aerodynamiczna-suszarnia-do-trocin-sa-600-55-kw-600-kggodzine\" target=\"_blank\" rel=\"noopener\">SA-600<\/a>\u00a0(suszarnia aerodynamiczna) \u2013 g\u0142\u00f3wnym zadaniem jest kalibracja i suszenie surowc\u00f3w.<\/li>\n<\/ul>\n<\/div>\n","protected":false},"excerpt":{"rendered":"<p>Prezentujemy bardzo wydajn\u0105 lini\u0119 LDG-4000 do produkcji pelletu oraz pasz granulowanych. R\u00f3\u017cni si\u0119 od zwyk\u0142ej linii LDg-400 tym, \u017ce jest wyposa\u017cona w pot\u0119\u017cny podajnik \u015blimakowy PS-1500 o pojemno\u015bci 1,5 m3 z systemem odpylaj\u0105cym. Przedstawiona linia produkuje pellet opalowy o wielko\u015bci 6 \u2013 8 mm, \u015bwietnie nadaje si\u0119 do produkcji peletu ze s\u0142omy, b\u0105d\u017a innej biomasy. [&hellip;]<\/p>\n","protected":false},"featured_media":489,"template":"","meta":{"site-sidebar-layout":"default","site-content-layout":"","ast-site-content-layout":"default","site-content-style":"default","site-sidebar-style":"default","ast-global-header-display":"","ast-banner-title-visibility":"","ast-main-header-display":"","ast-hfb-above-header-display":"","ast-hfb-below-header-display":"","ast-hfb-mobile-header-display":"","site-post-title":"","ast-breadcrumbs-content":"","ast-featured-img":"","footer-sml-layout":"","ast-disable-related-posts":"","theme-transparent-header-meta":"default","adv-header-id-meta":"","stick-header-meta":"default","header-above-stick-meta":"","header-main-stick-meta":"","header-below-stick-meta":"","astra-migrate-meta-layouts":"set","ast-page-background-enabled":"default","ast-page-background-meta":{"desktop":{"background-color":"var(--ast-global-color-4)","background-image":"","background-repeat":"repeat","background-position":"center center","background-size":"auto","background-attachment":"scroll","background-type":"","background-media":"","overlay-type":"","overlay-color":"","overlay-opacity":"","overlay-gradient":""},"tablet":{"background-color":"","background-image":"","background-repeat":"repeat","background-position":"center center","background-size":"auto","background-attachment":"scroll","background-type":"","background-media":"","overlay-type":"","overlay-color":"","overlay-opacity":"","overlay-gradient":""},"mobile":{"background-color":"","background-image":"","background-repeat":"repeat","background-position":"center center","background-size":"auto","background-attachment":"scroll","background-type":"","background-media":"","overlay-type":"","overlay-color":"","overlay-opacity":"","overlay-gradient":""}},"ast-content-background-meta":{"desktop":{"background-color":"var(--ast-global-color-5)","background-image":"","background-repeat":"repeat","background-position":"center center","background-size":"auto","background-attachment":"scroll","background-type":"","background-media":"","overlay-type":"","overlay-color":"","overlay-opacity":"","overlay-gradient":""},"tablet":{"background-color":"var(--ast-global-color-5)","background-image":"","background-repeat":"repeat","background-position":"center center","background-size":"auto","background-attachment":"scroll","background-type":"","background-media":"","overlay-type":"","overlay-color":"","overlay-opacity":"","overlay-gradient":""},"mobile":{"background-color":"var(--ast-global-color-5)","background-image":"","background-repeat":"repeat","background-position":"center center","background-size":"auto","background-attachment":"scroll","background-type":"","background-media":"","overlay-type":"","overlay-color":"","overlay-opacity":"","overlay-gradient":""}}},"product_brand":[],"product_cat":[46],"product_tag":[],"class_list":{"0":"post-488","1":"product","2":"type-product","3":"status-publish","4":"has-post-thumbnail","6":"product_cat-linie-do-produkcji-peletu-i-granulatu","7":"desktop-align-left","8":"tablet-align-left","9":"mobile-align-left","10":"ast-product-gallery-layout-horizontal-slider","11":"ast-product-gallery-with-no-image","12":"ast-magnify-disabled","13":"ast-product-tabs-layout-horizontal","15":"first","16":"instock","17":"shipping-taxable","18":"product-type-simple"},"_links":{"self":[{"href":"https:\/\/peletto.eu\/pl\/wp-json\/wp\/v2\/product\/488","targetHints":{"allow":["GET"]}}],"collection":[{"href":"https:\/\/peletto.eu\/pl\/wp-json\/wp\/v2\/product"}],"about":[{"href":"https:\/\/peletto.eu\/pl\/wp-json\/wp\/v2\/types\/product"}],"wp:featuredmedia":[{"embeddable":true,"href":"https:\/\/peletto.eu\/pl\/wp-json\/wp\/v2\/media\/489"}],"wp:attachment":[{"href":"https:\/\/peletto.eu\/pl\/wp-json\/wp\/v2\/media?parent=488"}],"wp:term":[{"taxonomy":"product_brand","embeddable":true,"href":"https:\/\/peletto.eu\/pl\/wp-json\/wp\/v2\/product_brand?post=488"},{"taxonomy":"product_cat","embeddable":true,"href":"https:\/\/peletto.eu\/pl\/wp-json\/wp\/v2\/product_cat?post=488"},{"taxonomy":"product_tag","embeddable":true,"href":"https:\/\/peletto.eu\/pl\/wp-json\/wp\/v2\/product_tag?post=488"}],"curies":[{"name":"wp","href":"https:\/\/api.w.org\/{rel}","templated":true}]}}