{"id":490,"date":"2024-01-27T00:25:09","date_gmt":"2024-01-26T23:25:09","guid":{"rendered":"https:\/\/peletto.eu\/?post_type=product&#038;p=490"},"modified":"2024-01-27T00:25:09","modified_gmt":"2024-01-26T23:25:09","slug":"kompletna-linia-do-produkcji-pelletu-paszy-ogm-1-5-15-t-h","status":"publish","type":"product","link":"https:\/\/peletto.eu\/pl\/produkt\/kompletna-linia-do-produkcji-pelletu-paszy-ogm-1-5-15-t-h\/","title":{"rendered":"Kompletna linia do produkcji pelletu \/ paszy OGM-1.5 | 1,5 t\/h"},"content":{"rendered":"<p><strong>Linia do produkcji pelletu \/ pasz granulowanych OGM-1,5 firmy Peletto przetwarza mi\u0119dzy innymi takie surowce jak trociny, zr\u0119bki drzewne, \u0142uski s\u0142onecznika, odpady z produkcji kukurydzy i zb\u00f3\u017c, s\u0142om\u0119 oraz pozosta\u0142\u0105 biomas\u0119. Imponuj\u0105ca wydajno\u015b\u0107 i \u0142atwo\u015b\u0107 obs\u0142ugi sprawia, \u017ce ten kompleks mo\u017ce by\u0107 wszechstronnie wykorzystany.<\/strong><\/p>\n<p>Inwestycja w profesjonaln\u0105 linie do produkcji pelletu to dobre rozwi\u0105zanie na niepewne czasy. W dobie dro\u017cej\u0105cego opa\u0142u i ograniczania spalania w\u0119g\u0142a czy ekogroszku, pellet jako paliwo z odnawialnych \u017ar\u00f3de\u0142 energii zyskuje na coraz wi\u0119kszej popularno\u015bci.<\/p>\n<h2>Kompletna linia do produkcji pelletu o wydajno\u015bci 1,5 t\/h<\/h2>\n<p>Pellet opa\u0142owy produkowany na kompleksie OGM 1,5 spe\u0142nia wszelkie normy UE. Wydajno\u015b\u0107 linii z jednym granulatorem OGM 1,5 wynosi 1 ton\u0119\/godz.<\/p>\n<p>Lini\u0119 mog\u0105 obs\u0142ugiwa\u0107 2 lub 3 osoby.<\/p>\n<p>Wymiary ca\u0142kowite: d\u0142ugo\u015b\u0107 9 x szeroko\u015b\u0107 5 x wysoko\u015b\u0107 8 metr\u00f3w lub 9 x 5 x 5.<\/p>\n<p>Do uzyskania 1 tony produktu zu\u017cywa si\u0119 2,5-3,5 m3 surowca.<\/p>\n<p><img fetchpriority=\"high\" decoding=\"async\" class=\"wp-image-492 size-full\" src=\"https:\/\/peletto.eu\/wp-content\/uploads\/2024\/01\/image002-removebg-preview.png\" alt=\"Image002 Removebg Preview\" width=\"467\" height=\"534\" srcset=\"https:\/\/peletto.eu\/wp-content\/uploads\/2024\/01\/image002-removebg-preview.png 467w, https:\/\/peletto.eu\/wp-content\/uploads\/2024\/01\/image002-removebg-preview-262x300.png 262w\" sizes=\"(max-width: 467px) 100vw, 467px\" \/><\/p>\n<p>Zasada dzia\u0142ania linii do produkcji pelletu OGM 1,5:<\/p>\n<ul>\n<li>Surowiec przygotowany do granulacji podawany jest podajnikiem \u015blimakowym do kosza zasypowego, sk\u0105d surowiec podawany jest r\u00f3wnomiernie do mieszalnika. Tam zwil\u017cany jest wod\u0105 lub par\u0105 wodn\u0105 do wymaganej wilgotno\u015bci do granulacji i intensywnie mieszany.<\/li>\n<li>Z mieszalnika zwil\u017cony surowiec odprowadzany jest przez ferromagnetyczny separator zanieczyszcze\u0144 do granulatora. W komorze prasy surowiec jest wci\u0105gany pomi\u0119dzy obracaj\u0105c\u0105 si\u0119 matryc\u0119 i rolki oraz wt\u0142aczany przez otwory matrycy.<\/li>\n<li>Wyci\u015bni\u0119te z otwor\u00f3w granulki odcinane s\u0105 do wymaganej d\u0142ugo\u015bci przez zainstalowane w granulatorze no\u017ce odcinaj\u0105ce. D\u0142ugo\u015b\u0107 rozdrabnianych granulek mo\u017cna regulowa\u0107 poprzez obr\u00f3t no\u017ca na jego osi. Pokruszone granulki spadaj\u0105 i s\u0105 usuwane z prasy przez tulej\u0119 obudowy.<\/li>\n<li>Granulat wychodz\u0105cy z prasy jest gor\u0105cy i kruchy. Z granulatora pellet transportowany jest do ch\u0142odni. Podczas ch\u0142odzenia nadmiar wilgoci jest odci\u0105gany, a nadmuch powietrza utwardza granulat, kt\u00f3ry po wyj\u015bciu z ch\u0142odnicy jest gotowy do zapakowania w worki.<\/li>\n<li>Z ch\u0142odni granulki trafiaj\u0105 do sortowania, gdzie oddzielane s\u0105 od okruch\u00f3w. Granulki odprowadzane s\u0105 z szyjki wylotowej, a okruchy zasysane s\u0105 do cyklonu, gdzie trafiaj\u0105 wraz z surowcem do ponownego pelletowania.<\/li>\n<\/ul>\n<p>Istnieje mo\u017cliwo\u015b\u0107 dodatkowego doposa\u017cenia linii do produkcji pelletu. Zadzwo\u0144 i zapytaj o to naszych specjalist\u00f3w.<\/p>\n<table width=\"700\">\n<tbody>\n<tr>\n<td rowspan=\"2\" width=\"24\">\u2116<\/td>\n<td width=\"2\"><\/td>\n<td colspan=\"2\" rowspan=\"2\" width=\"305\">Opis<\/td>\n<td rowspan=\"2\" width=\"80\">moc silnika<\/td>\n<td colspan=\"3\" rowspan=\"2\" width=\"104\">ilo\u015b\u0107<\/td>\n<td width=\"27\"><\/td>\n<\/tr>\n<tr>\n<td width=\"2\"><\/td>\n<td width=\"27\"><\/td>\n<\/tr>\n<tr>\n<td width=\"24\"><\/td>\n<td width=\"2\"><\/td>\n<td colspan=\"2\" width=\"305\"><\/td>\n<td width=\"80\"><\/td>\n<td colspan=\"3\" width=\"104\"><\/td>\n<td width=\"27\"><\/td>\n<\/tr>\n<tr>\n<td width=\"24\">1.<\/td>\n<td width=\"2\"><\/td>\n<td colspan=\"2\" width=\"305\">Peleciarka pier\u015bcieniowa OGM-1,5 wraz z silnikiem<br \/>\ni rolkami<\/td>\n<td rowspan=\"2\" width=\"80\">75 kW<\/td>\n<td colspan=\"3\" rowspan=\"2\" width=\"104\">1<\/td>\n<td width=\"27\"><\/td>\n<\/tr>\n<tr>\n<td width=\"24\"><\/td>\n<td width=\"2\"><\/td>\n<td colspan=\"2\" rowspan=\"2\" width=\"305\"><\/td>\n<td width=\"27\"><\/td>\n<\/tr>\n<tr>\n<td width=\"24\"><\/td>\n<td width=\"2\"><\/td>\n<td width=\"80\"><\/td>\n<td colspan=\"3\" width=\"104\"><\/td>\n<td width=\"27\"><\/td>\n<\/tr>\n<tr>\n<td width=\"24\">2.<\/td>\n<td width=\"2\"><\/td>\n<td colspan=\"2\" width=\"305\">Mikser<\/td>\n<td width=\"80\">1,1 kW<\/td>\n<td colspan=\"3\" width=\"104\">1<\/td>\n<td width=\"27\"><\/td>\n<\/tr>\n<tr>\n<td width=\"24\">3.<\/td>\n<td width=\"2\"><\/td>\n<td colspan=\"2\" width=\"305\">Urz\u0105dzenie dozuj\u0105ce<\/td>\n<td width=\"80\">2,2 kW<\/td>\n<td colspan=\"3\" width=\"104\">1<\/td>\n<td width=\"27\"><\/td>\n<\/tr>\n<tr>\n<td width=\"24\">4.<\/td>\n<td width=\"2\"><\/td>\n<td colspan=\"2\" width=\"305\">Przeno\u015bnik<\/td>\n<td width=\"80\">1,1 kW<\/td>\n<td colspan=\"3\" width=\"104\">1<\/td>\n<td width=\"27\"><\/td>\n<\/tr>\n<tr>\n<td width=\"24\">5.<\/td>\n<td width=\"2\"><\/td>\n<td colspan=\"2\" width=\"305\">Zasobnik<\/td>\n<td width=\"80\">2,2 kW<\/td>\n<td colspan=\"3\" width=\"104\">1<\/td>\n<td width=\"27\"><\/td>\n<\/tr>\n<tr>\n<td width=\"24\">6.<\/td>\n<td width=\"2\"><\/td>\n<td colspan=\"2\" width=\"305\">Cyklon, pneumatyczny system przeno\u015bnikowy<\/td>\n<td width=\"80\">18,5 kW<\/td>\n<td colspan=\"3\" width=\"104\">3<\/td>\n<td width=\"27\"><\/td>\n<\/tr>\n<tr>\n<td width=\"24\">7.<\/td>\n<td width=\"2\"><\/td>\n<td colspan=\"2\" width=\"305\">Podajnik dozuj\u0105cy z motoreduktorem<\/td>\n<td width=\"80\">2,2 kW<\/td>\n<td colspan=\"3\" width=\"104\">3<\/td>\n<td width=\"27\"><\/td>\n<\/tr>\n<tr>\n<td width=\"24\">8.<\/td>\n<td width=\"2\"><\/td>\n<td colspan=\"2\" width=\"305\">Przeno\u015bnik ch\u0142odnicy<\/td>\n<td width=\"80\">1,5 kW<\/td>\n<td colspan=\"3\" width=\"104\">2<\/td>\n<td width=\"27\"><\/td>\n<\/tr>\n<tr>\n<td width=\"24\">9.<\/td>\n<td width=\"2\"><\/td>\n<td colspan=\"2\" width=\"305\">urz\u0105dzenie ch\u0142odz\u0105ce<\/td>\n<td width=\"80\">1,1 kW<\/td>\n<td colspan=\"3\" width=\"104\">1<\/td>\n<td width=\"27\"><\/td>\n<\/tr>\n<tr>\n<td width=\"24\">10.<\/td>\n<td colspan=\"2\" width=\"302\">Szafa sterownicza<\/td>\n<td colspan=\"3\" width=\"103\"><\/td>\n<td width=\"85\">1<\/td>\n<td width=\"2\"><\/td>\n<td width=\"27\"><\/td>\n<\/tr>\n<tr>\n<td width=\"24\">11.<\/td>\n<td colspan=\"2\" width=\"302\">Matryca, kraj pochodzenia: W\u0142ochy<\/td>\n<td colspan=\"3\" width=\"103\">\u00a0zakup dodatkowo \u2013 zapytaj<\/td>\n<td width=\"85\">0<\/td>\n<td width=\"2\"><\/td>\n<td width=\"27\"><\/td>\n<\/tr>\n<tr>\n<td width=\"24\">12.<\/td>\n<td colspan=\"2\" width=\"302\">p\u00f3\u0142automatyczne urz\u0105dzenia pakuj\u0105ce \u2013 2 kW<\/td>\n<td colspan=\"3\" width=\"103\">zakup dodatkowo<\/td>\n<td width=\"85\">0<\/td>\n<td width=\"2\"><\/td>\n<td width=\"27\"><\/td>\n<\/tr>\n<tr>\n<td width=\"24\"><\/td>\n<td width=\"2\"><\/td>\n<td colspan=\"2\" width=\"305\"><b><strong>cena ca\u0142kowita<\/strong><\/b><\/td>\n<td width=\"80\"><\/td>\n<td colspan=\"3\" width=\"104\"><b><strong>300 000 z\u0142 netto<\/strong><\/b><\/td>\n<td width=\"27\"><\/td>\n<\/tr>\n<\/tbody>\n<\/table>\n<table>\n<tbody>\n<tr>\n<td>\u2116<\/td>\n<td>Suszarnia\u00a0 AVM 0,65<\/td>\n<td>moc silnika<\/td>\n<td>ilo\u015b\u0107<\/td>\n<\/tr>\n<tr>\n<td>1<\/td>\n<td>Pod\u0142o\u017ce z za\u0142adunkiem, b\u0119ben susz\u0105cy z ram\u0105 pomocnicz\u0105 i nap\u0119d<\/td>\n<td>3 kW<\/td>\n<td>1<\/td>\n<\/tr>\n<tr>\n<td>2<\/td>\n<td>Aktywny cyklon\u00a0 z ruroci\u0105giem<\/td>\n<td>18.5 kW<\/td>\n<td>1<\/td>\n<\/tr>\n<tr>\n<td>3<\/td>\n<td>Dozowniki \u015bluzy z motoreduktorem<\/td>\n<td>3 kW<\/td>\n<td>1<\/td>\n<\/tr>\n<tr>\n<td>4<\/td>\n<td>Automatyczny generator ciep\u0142a 1,2 MW z zasobnikiem i automatycznym \u0142adowaniem (piec)<\/td>\n<td>3 kW<\/td>\n<td>1<\/td>\n<\/tr>\n<tr>\n<td>5<\/td>\n<td>Szafa sterownicza<\/td>\n<td><\/td>\n<td>1<\/td>\n<\/tr>\n<tr>\n<td><\/td>\n<td><b><strong>cena ca\u0142kowita (netto)<\/strong><\/b><\/td>\n<td><b><strong>300 000 z\u0142<\/strong><\/b><\/td>\n<td><\/td>\n<\/tr>\n<\/tbody>\n<\/table>\n<p><em>Tre\u015b\u0107 niniejszego og\u0142oszenia nie stanowi oferty handlowej w rozumieniu Kodeksu Cywilnego. Aby dokona\u0107 zakupu nale\u017cy\u00a0skontaktowa\u0107 si\u0119 z handlowcem, potwierdzi\u0107 cen\u0119 oraz termin dostawy.<\/em><\/p>\n<p>***Kwota mo\u017ce si\u0119 r\u00f3\u017cnic w zale\u017cno\u015bci od wybranej opcji. Ceny nie zawieraj\u0105 op\u0142aty z monta\u017c oraz transport. Po wi\u0119cej szczeg\u00f3\u0142\u00f3w zadzwo\u0144 do naszego specjalisty.<\/p>\n<p><em>tel. 889 899 914<\/em><\/p>\n<p><em>tel. 889 899 904<\/em><\/p>\n","protected":false},"excerpt":{"rendered":"<p>Linia do produkcji pelletu \/ pasz granulowanych OGM-1,5 firmy Peletto przetwarza mi\u0119dzy innymi takie surowce jak trociny, zr\u0119bki drzewne, \u0142uski s\u0142onecznika, odpady z produkcji kukurydzy i zb\u00f3\u017c, s\u0142om\u0119 oraz pozosta\u0142\u0105 biomas\u0119. Imponuj\u0105ca wydajno\u015b\u0107 i \u0142atwo\u015b\u0107 obs\u0142ugi sprawia, \u017ce ten kompleks mo\u017ce by\u0107 wszechstronnie wykorzystany. Inwestycja w profesjonaln\u0105 linie do produkcji pelletu to dobre rozwi\u0105zanie na [&hellip;]<\/p>\n","protected":false},"featured_media":491,"template":"","meta":{"site-sidebar-layout":"default","site-content-layout":"","ast-site-content-layout":"default","site-content-style":"default","site-sidebar-style":"default","ast-global-header-display":"","ast-banner-title-visibility":"","ast-main-header-display":"","ast-hfb-above-header-display":"","ast-hfb-below-header-display":"","ast-hfb-mobile-header-display":"","site-post-title":"","ast-breadcrumbs-content":"","ast-featured-img":"","footer-sml-layout":"","ast-disable-related-posts":"","theme-transparent-header-meta":"default","adv-header-id-meta":"","stick-header-meta":"default","header-above-stick-meta":"","header-main-stick-meta":"","header-below-stick-meta":"","astra-migrate-meta-layouts":"set","ast-page-background-enabled":"default","ast-page-background-meta":{"desktop":{"background-color":"var(--ast-global-color-4)","background-image":"","background-repeat":"repeat","background-position":"center center","background-size":"auto","background-attachment":"scroll","background-type":"","background-media":"","overlay-type":"","overlay-color":"","overlay-opacity":"","overlay-gradient":""},"tablet":{"background-color":"","background-image":"","background-repeat":"repeat","background-position":"center center","background-size":"auto","background-attachment":"scroll","background-type":"","background-media":"","overlay-type":"","overlay-color":"","overlay-opacity":"","overlay-gradient":""},"mobile":{"background-color":"","background-image":"","background-repeat":"repeat","background-position":"center center","background-size":"auto","background-attachment":"scroll","background-type":"","background-media":"","overlay-type":"","overlay-color":"","overlay-opacity":"","overlay-gradient":""}},"ast-content-background-meta":{"desktop":{"background-color":"var(--ast-global-color-5)","background-image":"","background-repeat":"repeat","background-position":"center center","background-size":"auto","background-attachment":"scroll","background-type":"","background-media":"","overlay-type":"","overlay-color":"","overlay-opacity":"","overlay-gradient":""},"tablet":{"background-color":"var(--ast-global-color-5)","background-image":"","background-repeat":"repeat","background-position":"center center","background-size":"auto","background-attachment":"scroll","background-type":"","background-media":"","overlay-type":"","overlay-color":"","overlay-opacity":"","overlay-gradient":""},"mobile":{"background-color":"var(--ast-global-color-5)","background-image":"","background-repeat":"repeat","background-position":"center center","background-size":"auto","background-attachment":"scroll","background-type":"","background-media":"","overlay-type":"","overlay-color":"","overlay-opacity":"","overlay-gradient":""}}},"product_brand":[],"product_cat":[46],"product_tag":[],"class_list":{"0":"post-490","1":"product","2":"type-product","3":"status-publish","4":"has-post-thumbnail","6":"product_cat-linie-do-produkcji-peletu-i-granulatu","7":"desktop-align-left","8":"tablet-align-left","9":"mobile-align-left","10":"ast-product-gallery-layout-horizontal-slider","11":"ast-product-gallery-with-no-image","12":"ast-magnify-disabled","13":"ast-product-tabs-layout-horizontal","15":"first","16":"instock","17":"shipping-taxable","18":"product-type-simple"},"_links":{"self":[{"href":"https:\/\/peletto.eu\/pl\/wp-json\/wp\/v2\/product\/490","targetHints":{"allow":["GET"]}}],"collection":[{"href":"https:\/\/peletto.eu\/pl\/wp-json\/wp\/v2\/product"}],"about":[{"href":"https:\/\/peletto.eu\/pl\/wp-json\/wp\/v2\/types\/product"}],"wp:featuredmedia":[{"embeddable":true,"href":"https:\/\/peletto.eu\/pl\/wp-json\/wp\/v2\/media\/491"}],"wp:attachment":[{"href":"https:\/\/peletto.eu\/pl\/wp-json\/wp\/v2\/media?parent=490"}],"wp:term":[{"taxonomy":"product_brand","embeddable":true,"href":"https:\/\/peletto.eu\/pl\/wp-json\/wp\/v2\/product_brand?post=490"},{"taxonomy":"product_cat","embeddable":true,"href":"https:\/\/peletto.eu\/pl\/wp-json\/wp\/v2\/product_cat?post=490"},{"taxonomy":"product_tag","embeddable":true,"href":"https:\/\/peletto.eu\/pl\/wp-json\/wp\/v2\/product_tag?post=490"}],"curies":[{"name":"wp","href":"https:\/\/api.w.org\/{rel}","templated":true}]}}