{"id":494,"date":"2024-01-28T23:18:22","date_gmt":"2024-01-28T22:18:22","guid":{"rendered":"https:\/\/peletto.eu\/?post_type=product&#038;p=494"},"modified":"2024-01-28T23:18:22","modified_gmt":"2024-01-28T22:18:22","slug":"mini-linie-do-produkcji-peletu-typu-ml-200-11-kw-200-kg-h","status":"publish","type":"product","link":"https:\/\/peletto.eu\/pl\/produkt\/mini-linie-do-produkcji-peletu-typu-ml-200-11-kw-200-kg-h\/","title":{"rendered":"Mini linie do produkcji peletu typu ML-200 | 11 kW | 200 kg\/h"},"content":{"rendered":"<p><b>Dostosowuj\u0105c do potrzeb rynku oferujemy mini linie do produkcji pelletu<\/b>\u00a0na bazie peleciarki Peleton-200. Kompleks jest przeznaczony do produkcji pelletu i mieszanek paszowych o wydajno\u015bci do 300 kg \/ h. Otwory sto\u017ckowe na matrycy mog\u0105 mie\u0107 \u015brednic\u0119 od 2 do 8 mm (na \u017cyczenie klienta).\u00a0<b>Mini linia sk\u0142ada si\u0119 z podajnika \u015blimakowego oraz peleciarki Peleton \u2013 200.<\/b><\/p>\n<p><b>(Do wyboru dla klienta istnieje 2 typy podajnik\u00f3w\u00a0<\/b><b>\u015blimakowych<\/b><b>\u00a0PS-100\/PS-200, poni\u017cej jest tabelka z cen\u0105 na mini linie do produkcji pelletu)\u00a0<\/b><\/p>\n<h2><b>Wyposa\u017cenie mini linii do produkcji pelletu:<\/b><\/h2>\n<p><b>1.1 Podajnik \u015blimakowy<\/b>\u00a0do p\u0142ynnego podawania surowc\u00f3w\u00a0<a href=\"http:\/\/dobiomasy.pl\/przenosniki-podajniki-przesiewacze\/podajnik-slimakowy-do-trocin-oraz-paszy-075-kw-1000-kggodzine\" target=\"_blank\" rel=\"noopener\">PS-200<\/a>: s\u0142u\u017cy do podawania surowc\u00f3w do g\u0142owicy peleciarki, w \u015brodku s\u0105 zamontowane magnesy neodymowe. Regulacja obrot\u00f3w jest na falownik. Pojemno\u015b\u0107 bunkra 0,2m\u00b3. Moc silnika 1.5kW Dodatkowo bunkier jest wyposa\u017cony w mieszalnik, \u017ceby surowiec si\u0119 nie zawiesza\u0142.<\/p>\n<p><b>1.2 Podajnik \u015blimakowy<\/b>\u00a0PS-100\u00a0 z falownikiem regulacji obrot\u00f3w oraz z mieszalnikiem.\u00a0Moc silnika 0,55 kW<\/p>\n<p><b>2. Peleciarka\u00a0<\/b><a href=\"http:\/\/dobiomasy.pl\/peleciarki-granulatory\/peleciarkigranulatory-typu-peleton\/peleciarka-granulator-peleton-200-11-kw-l-150kgh-dla-peletu\" target=\"_blank\" rel=\"noopener\">Peleton-200<\/a>: jest to specjalnie zaprojektowana peleciarka do przerabiania twardych surowc\u00f3w. Idealnie nadaje si\u0119 do produkcji pelletu<\/p>\n<p><b>3. Panel sterowania linii do produkcji pelletu<\/b>: sk\u0142ada si\u0119 z szafki z bezpiecznikami dostosowanymi odpowiednio do ampera\u017cu silnik\u00f3w, z wmontowanym systemem ch\u0142odzenia.<\/p>\n<p>Peleciarka jest w stanie przerabia\u0107 du\u017co surowc\u00f3w (posiadamy do\u015bwiadczenie w granulowaniu ok. 60 rodaj\u00f3w surowc\u00f3w). Pr\u00f3bki nietypowych surowc\u00f3w mo\u017cna wys\u0142a\u0107 do nas, po granulacji ode\u015blemy Pa\u0144stwu z powrotem.<\/p>\n<p><strong>Poni\u017cej znajduje si\u0119 tablica z wycen\u0105 ka\u017cdego typu Mini Linii<\/strong><\/p>\n<p>Peleton-200 STANDARD + podajnik PS-100 \u2013 31 040 z\u0142 (Netto)<br \/>\nPeleton-200 STANDARD + podajnik PS-200 \u2013 41 960 z\u0142 (Netto)<br \/>\nPeleton-200 PRO + podajnik PS-100 \u2013 32 200 z\u0142 (Netto)<br \/>\nPeleton-200 PRO + podajnik PS-200 \u2013 42 510 z\u0142 (Netto)<\/p>\n<p><iframe title=\"Mini linia do produkcji pasz granulowanych ML-300 silnik 30kW\" src=\"https:\/\/www.youtube.com\/embed\/7QQgWQ_lWrc?feature=oembed\" width=\"640\" height=\"360\" frameborder=\"0\" allowfullscreen=\"allowfullscreen\" data-mce-fragment=\"1\"><\/iframe><\/p>\n<p><em>Zapraszamy na demonstracje linii do produkcji pelletu do naszej hali demonstracyjnej w Poznaniu!<\/em><\/p>\n<p><em>Tre\u015b\u0107 niniejszego og\u0142oszenia nie stanowi oferty handlowej w rozumieniu Kodeksu Cywilnego. Aby dokona\u0107 zakupu nale\u017cy\u00a0skontaktowa\u0107 si\u0119 z handlowcem, potwierdzi\u0107 cen\u0119 oraz termin dostawy.<\/em><\/p>\n<p><em>tel. 889 899 914<\/em><\/p>\n<p><em>tel. 889 899 904<\/em><\/p>\n","protected":false},"excerpt":{"rendered":"<p>Dostosowuj\u0105c do potrzeb rynku oferujemy mini linie do produkcji pelletu\u00a0na bazie peleciarki Peleton-200. Kompleks jest przeznaczony do produkcji pelletu i mieszanek paszowych o wydajno\u015bci do 300 kg \/ h. Otwory sto\u017ckowe na matrycy mog\u0105 mie\u0107 \u015brednic\u0119 od 2 do 8 mm (na \u017cyczenie klienta).\u00a0Mini linia sk\u0142ada si\u0119 z podajnika \u015blimakowego oraz peleciarki Peleton \u2013 200. [&hellip;]<\/p>\n","protected":false},"featured_media":495,"template":"","meta":{"site-sidebar-layout":"default","site-content-layout":"","ast-site-content-layout":"default","site-content-style":"default","site-sidebar-style":"default","ast-global-header-display":"","ast-banner-title-visibility":"","ast-main-header-display":"","ast-hfb-above-header-display":"","ast-hfb-below-header-display":"","ast-hfb-mobile-header-display":"","site-post-title":"","ast-breadcrumbs-content":"","ast-featured-img":"","footer-sml-layout":"","ast-disable-related-posts":"","theme-transparent-header-meta":"default","adv-header-id-meta":"","stick-header-meta":"default","header-above-stick-meta":"","header-main-stick-meta":"","header-below-stick-meta":"","astra-migrate-meta-layouts":"set","ast-page-background-enabled":"default","ast-page-background-meta":{"desktop":{"background-color":"var(--ast-global-color-4)","background-image":"","background-repeat":"repeat","background-position":"center center","background-size":"auto","background-attachment":"scroll","background-type":"","background-media":"","overlay-type":"","overlay-color":"","overlay-opacity":"","overlay-gradient":""},"tablet":{"background-color":"","background-image":"","background-repeat":"repeat","background-position":"center center","background-size":"auto","background-attachment":"scroll","background-type":"","background-media":"","overlay-type":"","overlay-color":"","overlay-opacity":"","overlay-gradient":""},"mobile":{"background-color":"","background-image":"","background-repeat":"repeat","background-position":"center center","background-size":"auto","background-attachment":"scroll","background-type":"","background-media":"","overlay-type":"","overlay-color":"","overlay-opacity":"","overlay-gradient":""}},"ast-content-background-meta":{"desktop":{"background-color":"var(--ast-global-color-5)","background-image":"","background-repeat":"repeat","background-position":"center center","background-size":"auto","background-attachment":"scroll","background-type":"","background-media":"","overlay-type":"","overlay-color":"","overlay-opacity":"","overlay-gradient":""},"tablet":{"background-color":"var(--ast-global-color-5)","background-image":"","background-repeat":"repeat","background-position":"center center","background-size":"auto","background-attachment":"scroll","background-type":"","background-media":"","overlay-type":"","overlay-color":"","overlay-opacity":"","overlay-gradient":""},"mobile":{"background-color":"var(--ast-global-color-5)","background-image":"","background-repeat":"repeat","background-position":"center center","background-size":"auto","background-attachment":"scroll","background-type":"","background-media":"","overlay-type":"","overlay-color":"","overlay-opacity":"","overlay-gradient":""}}},"product_brand":[],"product_cat":[54,46],"product_tag":[],"class_list":{"0":"post-494","1":"product","2":"type-product","3":"status-publish","4":"has-post-thumbnail","6":"product_cat-czesci-zamienne","7":"product_cat-linie-do-produkcji-peletu-i-granulatu","8":"desktop-align-left","9":"tablet-align-left","10":"mobile-align-left","11":"ast-product-gallery-layout-horizontal-slider","12":"ast-product-gallery-with-no-image","13":"ast-magnify-disabled","14":"ast-product-tabs-layout-horizontal","16":"first","17":"instock","18":"shipping-taxable","19":"product-type-simple"},"_links":{"self":[{"href":"https:\/\/peletto.eu\/pl\/wp-json\/wp\/v2\/product\/494","targetHints":{"allow":["GET"]}}],"collection":[{"href":"https:\/\/peletto.eu\/pl\/wp-json\/wp\/v2\/product"}],"about":[{"href":"https:\/\/peletto.eu\/pl\/wp-json\/wp\/v2\/types\/product"}],"wp:featuredmedia":[{"embeddable":true,"href":"https:\/\/peletto.eu\/pl\/wp-json\/wp\/v2\/media\/495"}],"wp:attachment":[{"href":"https:\/\/peletto.eu\/pl\/wp-json\/wp\/v2\/media?parent=494"}],"wp:term":[{"taxonomy":"product_brand","embeddable":true,"href":"https:\/\/peletto.eu\/pl\/wp-json\/wp\/v2\/product_brand?post=494"},{"taxonomy":"product_cat","embeddable":true,"href":"https:\/\/peletto.eu\/pl\/wp-json\/wp\/v2\/product_cat?post=494"},{"taxonomy":"product_tag","embeddable":true,"href":"https:\/\/peletto.eu\/pl\/wp-json\/wp\/v2\/product_tag?post=494"}],"curies":[{"name":"wp","href":"https:\/\/api.w.org\/{rel}","templated":true}]}}