{"id":496,"date":"2024-01-28T23:22:58","date_gmt":"2024-01-28T22:22:58","guid":{"rendered":"https:\/\/peletto.eu\/?post_type=product&#038;p=496"},"modified":"2024-01-28T23:22:59","modified_gmt":"2024-01-28T22:22:59","slug":"linia-do-produkcji-peletu-ldg-3000-26-kw-350-kg-h-dla-peletu","status":"publish","type":"product","link":"https:\/\/peletto.eu\/pl\/produkt\/linia-do-produkcji-peletu-ldg-3000-26-kw-350-kg-h-dla-peletu\/","title":{"rendered":"Linia do produkcji peletu LDG-3000 | 26 kW | 350 kg\/h dla peletu"},"content":{"rendered":"<h2><strong>Do czego jest przeznaczona linia do produkcji peletu LDG-3000?<\/strong><\/h2>\n<p><b>Linia do produkcji peletu LDG-3000 firmy\u00a0<\/b><b><a href=\"http:\/\/peletto.pl\/\" target=\"_blank\" rel=\"noopener\">Peletto.pl<\/a><\/b><b>, przeznaczona jest do produkcji peletu z r\u00f3\u017cnego typu surowc\u00f3w o \u015brednicy od 2 mm do 8 mm. To urz\u0105dzenie r\u00f3\u017cni si\u0119 od linii granulacyjnej LDG-2000 tym, \u017ce ma zamontowan\u0105 mocniejsz\u0105 peleciark\u0119 na wyposa\u017ceniu.<\/b><\/p>\n<p>Nasze matryce, rolki, cz\u0119\u015bci zamienne s\u0105 produkcji polskiej! R\u00f3wnie\u017c szafy i ca\u0142a elektryka jest z najwy\u017cszej p\u00f3\u0142ki, tak\u017ce produkcji\u00a0polskiej\u00a0podczas gdy\u00a0wi\u0119kszo\u015b\u0107\u00a0naszych konkurent\u00f3w korzysta z\u00a0chi\u0144skich\u00a0tanich i niesolidnych zamiennik\u00f3w! Stawiamy na jako\u015b\u0107 od samego pocz\u0105tku. Nie oszcz\u0119dzaj na bezpiecze\u0144stwie i postaw z nami na d\u0142ugotrwa\u0142\u0105 wsp\u00f3\u0142prac\u0119.<\/p>\n<h2><b>Linia do granulacji LDG-3000 jest wyposa\u017cona w:\u00a0<\/b><\/h2>\n<ul>\n<li><b>Podajnik \u015blimakowy PS-200:\u00a0<\/b>urz\u0105dzenie zu\u017cywa 1.5 kW energii elektrycznej, ma p\u0142ynn\u0105 regulacj\u0119 pr\u0119dko\u015bci obrot\u00f3w \u015blimaka za pomoc\u0105 przetwornicy cz\u0119stotliwo\u015bci.<\/li>\n<li><b>System nawil\u017cania:<\/b>\u00a0g\u0142\u00f3wnymi elementami systemu nawil\u017cania s\u0105 elektrozaw\u00f3r, pompa, 200 litrowy zbiornik na wod\u0119 oraz programator czasowy. System ten jest pod\u0142\u0105czony do podajnika \u015blimakowego, co umo\u017cliwia dodanie niezb\u0119dnej ilo\u015bci wody do peleciarki. Pob\u00f3r mocy 0,37 kW.<\/li>\n<li><b>Solidna peleciarka PELETON-300:<\/b>\u00a0PELETON-300 z \u0142atwo\u015bci\u0105 radzi sobie z r\u00f3\u017cnego rodzaju surowcami o wydajno\u015bci do 350-400 kg\/h dla peletu i do 400-500 kg\/h dla mieszanek paszowych. Silnik 22 kW (1450 obr\/min). Obroty redukowane przek\u0142adni\u0105 (ca\u0142a zalana olejem), co pozwala ch\u0142odzi\u0107 ca\u0142y system i chroni przed przegrzewaniem i nadmiernym zu\u017cyciem. Taka maszyna mo\u017ce pracowa\u0107 w trybie dwu zmianowym.<\/li>\n<li><b>B\u0119ben kalibruj\u0105cy oraz sch\u0142adzaj\u0105cy do gotowych granulek PB-100<\/b>: urz\u0105dzenie to pe\u0142ni funkcj\u0119 przesiewania peletu, co pozwala uzyska\u0107 czysty produkt ko\u0144cowy (bez kurzu i drobiazg\u00f3w). B\u0119ben jest pod\u0142\u0105czony do systemu odci\u0105gowego. Dodatkowo s\u0142u\u017cy do ch\u0142odzenia peletu. Pob\u00f3r mocy 0,12 kW.<\/li>\n<li><b>Zamkni\u0119ty system odci\u0105gowy SO-315:<\/b>\u00a0to urz\u0105dzenie sk\u0142ada si\u0119 z wentylatora, rur do przep\u0142ywu powietrza oraz work\u00f3w do filtrowania kurzu. Odci\u0105g zapewnia cyrkulacj\u0119 powietrza niezb\u0119dn\u0105 do ch\u0142odzenia granulek, \u0142apania niespeletowanych cz\u0105stek i py\u0142u w workach. Jest pod\u0142\u0105czony do g\u0142owicy peleciarki oraz b\u0119bna przesiewaj\u0105cego. Pob\u00f3r mocy 1,5 kW.<\/li>\n<li><b>Panel sterowania linii peletuj\u0105cej:<\/b>\u00a0jest to szafka steruj\u0105ca z wbudowanym w ni\u0105 automatycznym systemem ch\u0142odzenia. Dodatkowo jest zamontowany amperometr do kontroli obci\u0105\u017cenia peleciarki oraz przycisk do awaryjnego wy\u0142\u0105czenia linii. Sterowanie jest wygodne oraz intuicyjne.<\/li>\n<\/ul>\n<p><strong>Najwa\u017cniejsza jest fachowo dobrana matryca oraz dotrzymanie wymaga\u0144 dotycz\u0105cych frakcji i wilgotno\u015bci przetwarzanych materia\u0142\u00f3w.<\/strong><\/p>\n<p><strong>Lini\u0119 do produkcji peletu mo\u017cna wykorzysta\u0107 jako oddzieln\u0105 jednostk\u0119 produkcyjn\u0105 lub wyposa\u017cy\u0107 w dodatkowy sprz\u0119t, kt\u00f3ry pozwoli zautomatyzowa\u0107 prac\u0119.<\/strong><\/p>\n<ul>\n<li>Linia do granulacji LDG-3000 mo\u017ce zosta\u0107 wyposa\u017cona w nast\u0119puj\u0105ce podzespo\u0142y:<\/li>\n<li>TLK-200 (przeno\u015bnik-kalibrator), g\u0142\u00f3wnym zadaniem jest dostawa i kalibracja surowc\u00f3w;<\/li>\n<li><a href=\"http:\/\/dobiomasy.pl\/przenosniki-podajniki-przesiewacze\/przenosnik-tasmowy-pt-500-z-wentylatorami-500-kggodzine-025-kw\" target=\"_blank\" rel=\"noopener\">PT-500<\/a>\u00a0(przeno\u015bnik ta\u015bmowy), g\u0142\u00f3wnym zadaniem jest dostawa i ch\u0142odzenie surowc\u00f3w;<\/li>\n<li><a href=\"http:\/\/dobiomasy.pl\/rozdrabniacze\/rozdrabniacz-rd-500-do-slomy-oraz-siana-500-kggodzine-75-kw-380-v\" target=\"_blank\" rel=\"noopener\">RD-500<\/a>\u00a0(rozdrabniacz), g\u0142\u00f3wnym zadaniem jest zmniejszenie frakcji biomasy;<\/li>\n<li><a href=\"http:\/\/dobiomasy.pl\/mlyny-bijakowe\/m%C5%82yn-bijakowy-mt-500\" target=\"_blank\" rel=\"noopener\">MT-500<\/a>\u00a0(m\u0142yn do trocin, bijakowy) \u2013 s\u0142u\u017cy do rozdrobnienia trocin oraz zr\u0119bki na frakcj\u0119 jednolit\u0105;<\/li>\n<li><a href=\"http:\/\/dobiomasy.pl\/suszarnie-do-trocin\/suszarnia-do-trocin-sa-400\" target=\"_blank\" rel=\"noopener\">SA-400<\/a>\u00a0(suszarnia aerodynamiczna) \u2013 g\u0142\u00f3wnym zadaniem jest kalibracja i suszenie surowc\u00f3w.<\/li>\n<\/ul>\n<p><iframe title=\"Produkcja pelletu z trociny sosnowej, realizacja linii produkcyjnej w opolskim\" src=\"https:\/\/www.youtube.com\/embed\/FkEZeYsihPk?feature=oembed\" width=\"640\" height=\"360\" frameborder=\"0\" allowfullscreen=\"allowfullscreen\" data-mce-fragment=\"1\"><\/iframe><\/p>\n<p><iframe title=\"Linia do produkcji pelletu z trocin LDG-3000 firmy Peletto.pl\" src=\"https:\/\/www.youtube.com\/embed\/E7dm5y_siQI?feature=oembed\" width=\"640\" height=\"360\" frameborder=\"0\" allowfullscreen=\"allowfullscreen\" data-mce-fragment=\"1\"><\/iframe><\/p>\n<p><iframe title=\"Pellet z sosny, produkcja pelletu. Linia LDG 3000 22 kW od Peletto.pl\" src=\"https:\/\/www.youtube.com\/embed\/dWNdlSGj-5Q?feature=oembed\" width=\"640\" height=\"360\" frameborder=\"0\" allowfullscreen=\"allowfullscreen\" data-mce-fragment=\"1\"><\/iframe><\/p>\n<p><iframe title=\"Test wydajno\u015bci Linia LDG 3000 420 kg\/h 22kW Produkcja pelletu z jarmu\u017cu\" src=\"https:\/\/www.youtube.com\/embed\/u62zDjWKEnQ?feature=oembed\" width=\"640\" height=\"360\" frameborder=\"0\" allowfullscreen=\"allowfullscreen\" data-mce-fragment=\"1\"><\/iframe><\/p>\n<p><em>Posiadamy w ofercie r\u00f3\u017cnego rodzaju kompletne linie produkcyjne. Zapraszamy do zapoznania si\u0119 z pozosta\u0142ymi produktami jakie s\u0105 zamieszczone na stronie (<a href=\"http:\/\/dobiomasy.pl\/linie-do-produkcji-pelletu-oraz-paszy\" target=\"_blank\" rel=\"noopener\">kliknij tutaj i zobacz pozosta\u0142e linie produkcyjne, kompleksy, maszyny do produkcji pasz i peletu)<\/a>. Zadzwo\u0144 do naszego specjalisty i um\u00f3w si\u0119 na bezp\u0142atn\u0105 konsultacj\u0119 aby dobra\u0107 maszyn\u0119 idealnie dopasowan\u0105 do potrzeb twojego gospodarstwa. Odwied\u017a nas w naszej hali demonstracyjnej w Poznaniu i zobacz prac\u0119 naszych maszyn na \u017cywo. Mo\u017cesz wzi\u0105\u0107 ze sob\u0105 w\u0142asny surowiec i go przetestowa\u0107.\u00a0<\/em><\/p>\n<p><em>Tre\u015b\u0107 niniejszego og\u0142oszenia nie stanowi oferty handlowej w rozumieniu Kodeksu Cywilnego. Aby dokona\u0107 zakupu nale\u017cy\u00a0skontaktowa\u0107 si\u0119 z handlowcem, potwierdzi\u0107 cen\u0119 oraz termin dostawy.<\/em><\/p>\n<p><em>tel. 889 899 914<\/em><\/p>\n<p><em>tel. 889 899 904<\/em><\/p>\n","protected":false},"excerpt":{"rendered":"<p>Do czego jest przeznaczona linia do produkcji peletu LDG-3000? Linia do produkcji peletu LDG-3000 firmy\u00a0Peletto.pl, przeznaczona jest do produkcji peletu z r\u00f3\u017cnego typu surowc\u00f3w o \u015brednicy od 2 mm do 8 mm. To urz\u0105dzenie r\u00f3\u017cni si\u0119 od linii granulacyjnej LDG-2000 tym, \u017ce ma zamontowan\u0105 mocniejsz\u0105 peleciark\u0119 na wyposa\u017ceniu. Nasze matryce, rolki, cz\u0119\u015bci zamienne s\u0105 produkcji [&hellip;]<\/p>\n","protected":false},"featured_media":497,"template":"","meta":{"site-sidebar-layout":"default","site-content-layout":"","ast-site-content-layout":"default","site-content-style":"default","site-sidebar-style":"default","ast-global-header-display":"","ast-banner-title-visibility":"","ast-main-header-display":"","ast-hfb-above-header-display":"","ast-hfb-below-header-display":"","ast-hfb-mobile-header-display":"","site-post-title":"","ast-breadcrumbs-content":"","ast-featured-img":"","footer-sml-layout":"","ast-disable-related-posts":"","theme-transparent-header-meta":"default","adv-header-id-meta":"","stick-header-meta":"default","header-above-stick-meta":"","header-main-stick-meta":"","header-below-stick-meta":"","astra-migrate-meta-layouts":"set","ast-page-background-enabled":"default","ast-page-background-meta":{"desktop":{"background-color":"var(--ast-global-color-4)","background-image":"","background-repeat":"repeat","background-position":"center center","background-size":"auto","background-attachment":"scroll","background-type":"","background-media":"","overlay-type":"","overlay-color":"","overlay-opacity":"","overlay-gradient":""},"tablet":{"background-color":"","background-image":"","background-repeat":"repeat","background-position":"center center","background-size":"auto","background-attachment":"scroll","background-type":"","background-media":"","overlay-type":"","overlay-color":"","overlay-opacity":"","overlay-gradient":""},"mobile":{"background-color":"","background-image":"","background-repeat":"repeat","background-position":"center center","background-size":"auto","background-attachment":"scroll","background-type":"","background-media":"","overlay-type":"","overlay-color":"","overlay-opacity":"","overlay-gradient":""}},"ast-content-background-meta":{"desktop":{"background-color":"var(--ast-global-color-5)","background-image":"","background-repeat":"repeat","background-position":"center center","background-size":"auto","background-attachment":"scroll","background-type":"","background-media":"","overlay-type":"","overlay-color":"","overlay-opacity":"","overlay-gradient":""},"tablet":{"background-color":"var(--ast-global-color-5)","background-image":"","background-repeat":"repeat","background-position":"center center","background-size":"auto","background-attachment":"scroll","background-type":"","background-media":"","overlay-type":"","overlay-color":"","overlay-opacity":"","overlay-gradient":""},"mobile":{"background-color":"var(--ast-global-color-5)","background-image":"","background-repeat":"repeat","background-position":"center center","background-size":"auto","background-attachment":"scroll","background-type":"","background-media":"","overlay-type":"","overlay-color":"","overlay-opacity":"","overlay-gradient":""}}},"product_brand":[],"product_cat":[46],"product_tag":[],"class_list":{"0":"post-496","1":"product","2":"type-product","3":"status-publish","4":"has-post-thumbnail","6":"product_cat-linie-do-produkcji-peletu-i-granulatu","7":"desktop-align-left","8":"tablet-align-left","9":"mobile-align-left","10":"ast-product-gallery-layout-horizontal-slider","11":"ast-product-gallery-with-no-image","12":"ast-magnify-disabled","13":"ast-product-tabs-layout-horizontal","15":"first","16":"instock","17":"shipping-taxable","18":"product-type-simple"},"_links":{"self":[{"href":"https:\/\/peletto.eu\/pl\/wp-json\/wp\/v2\/product\/496","targetHints":{"allow":["GET"]}}],"collection":[{"href":"https:\/\/peletto.eu\/pl\/wp-json\/wp\/v2\/product"}],"about":[{"href":"https:\/\/peletto.eu\/pl\/wp-json\/wp\/v2\/types\/product"}],"wp:featuredmedia":[{"embeddable":true,"href":"https:\/\/peletto.eu\/pl\/wp-json\/wp\/v2\/media\/497"}],"wp:attachment":[{"href":"https:\/\/peletto.eu\/pl\/wp-json\/wp\/v2\/media?parent=496"}],"wp:term":[{"taxonomy":"product_brand","embeddable":true,"href":"https:\/\/peletto.eu\/pl\/wp-json\/wp\/v2\/product_brand?post=496"},{"taxonomy":"product_cat","embeddable":true,"href":"https:\/\/peletto.eu\/pl\/wp-json\/wp\/v2\/product_cat?post=496"},{"taxonomy":"product_tag","embeddable":true,"href":"https:\/\/peletto.eu\/pl\/wp-json\/wp\/v2\/product_tag?post=496"}],"curies":[{"name":"wp","href":"https:\/\/api.w.org\/{rel}","templated":true}]}}