{"id":498,"date":"2024-01-28T23:27:35","date_gmt":"2024-01-28T22:27:35","guid":{"rendered":"https:\/\/peletto.eu\/?post_type=product&#038;p=498"},"modified":"2024-01-28T23:27:35","modified_gmt":"2024-01-28T22:27:35","slug":"linia-maszyna-do-produkcji-peletu-ze-slomy-peleton-3000-s-37kw-350-kg-h","status":"publish","type":"product","link":"https:\/\/peletto.eu\/pl\/produkt\/linia-maszyna-do-produkcji-peletu-ze-slomy-peleton-3000-s-37kw-350-kg-h\/","title":{"rendered":"Linia, maszyna do produkcji peletu ze s\u0142omy PELETON-3000 S | 37kW | 350 kg\/h"},"content":{"rendered":"<p>PELETON-3000 S to nowoczesna, wysokiej jako\u015bci i niezawodna maszyna, linia do peletu ze s\u0142omy o wymaganej wilgotno\u015bci mieszcz\u0105cej si\u0119 w przedziale 12-15%. Wydajno\u015b\u0107 linii do produkcji peletu si\u0119ga 330-480 kg\/h.<\/p>\n<p>Sk\u0142ad\u00a0maszyny do pelletu ze s\u0142omy o wydajno\u015bci do 350 kg\/h:<\/p>\n<ul>\n<li>Linia do produkcji pelletu\u00a0LDG-3000<\/li>\n<li>Rozdrabniacz\u00a0RD-500\u00a0z cyklonem<\/li>\n<li>Przeno\u015bnik ta\u015bmowy\u00a0PT-1000\u00a0z wentylatorami<\/li>\n<\/ul>\n<h2>Maszyna do peletu\u00a0 ze s\u0142omy PELETON-3000 S jest wyposa\u017cona w:<\/h2>\n<ul>\n<li>Rozdrabniacz RD-500: Pocz\u0105tkowym etapem przygotowania s\u0142omy w maszynie do peletu ze s\u0142omy jest rozdrabnianie bel oraz kostek w sieczkarni. Rozdrabniacz do bel to kruszarka z du\u017c\u0105, okr\u0105g\u0142\u0105 komor\u0105, w kt\u00f3rej rotor tnie bele i kostki doprowadzaj\u0105c surowiec do jednolitej frakcji nadaj\u0105cej si\u0119 do dalszego peletowania.<\/li>\n<li>Podajnik \u015blimakowy PS-200: Surowiec jest podawany do peleciarki podajnikiem \u015blimakowym wcze\u015bniej przechodz\u0105c przez bunkier, kt\u00f3ry zapobiega zbrylaniu si\u0119 materia\u0142u. Urz\u0105dzenie posiada dozownik, kt\u00f3ry r\u00f3wnomiernie podaje s\u0142om\u0119 do g\u0142owicy peleciarki. W wi\u0119kszo\u015bci przypadk\u00f3w s\u0142oma u\u017cywana do peletowania jest zbyt sucha, dlatego te\u017c powinna by\u0107 nawil\u017cona do odpowiedniego poziomu 12-15 %. Do zestawu linii wchodzi r\u00f3wnie\u017c system nawil\u017cania z wtryskiem, co bez problemu pozwoli podnie\u015b\u0107 wilgotno\u015b\u0107 do po\u017c\u0105danej.<\/li>\n<li>Peleciarka PELETON-300: Peleciarka serii PELETON z ruchomymi rolkami oraz odpowiednie dobran\u0105 matryc\u0105 \u0142atwo radzi sobie z przerabianiem biomasy. Matryca oraz rolki rozgrzewaj\u0105 si\u0119 do temperatury\u00a0 80-100 \u00b0\u0421, co pozwala wydzieli\u0107 lignin\u0119 zawart\u0105 w s\u0142omie.\u00a0Lignina odgrywa wa\u017cn\u0105 rol\u0119 w procesie produkcji przy u\u017cyciu maszyny do peletu ze s\u0142omy.<\/li>\n<li>Przesiewacz\/sch\u0142adzacz\u00a0 PB-100: Gor\u0105cy pelet jest dostarczany bezpo\u015brednio do sch\u0142adzacza. W kolumnie jest owiewany ch\u0142odnym powietrzem, co powoduje stwardnienie peletu. Ma\u0142e nieziarniste cz\u0105stki s\u0105 oddzielane przez sito oraz odci\u0105gni\u0119te do work\u00f3w odpylaj\u0105cych.<\/li>\n<li>Workowanie: Po sch\u0142odzeniu, produkt za pomoc\u0105 przeno\u015bnika ta\u015bmowego dostarczany jest do big bagu albo do wagopakowarki. Ta\u015bmoci\u0105g r\u00f3wnie\u017c ch\u0142odzi pelet za pomoc\u0105 wentylator\u00f3w. P\u00f3\u0142automatyczna wagopakowarka wyposa\u017cona jest w wag\u0119, kt\u00f3ra odmierza wymagan\u0105 ilo\u015b\u0107 peletu. Dodatkowe zamontowanie w maszynie peda\u0142u no\u017cnego znacznie u\u0142atwia prac\u0119.<\/li>\n<li>Odci\u0105g SO-315: Konieczny jest system odci\u0105g\u00f3w oraz kana\u0142\u00f3w powietrznych aby drobne cz\u0105steczki py\u0142u nie dostawa\u0142y si\u0119 do powietrza i nie osadza\u0142y si\u0119 w pomieszczeniu.\u00a0Dlatego nasza maszyna do peletu ze s\u0142omy jest r\u00f3wnie\u017c przeznaczona do filtrowania py\u0142u z powietrza i osadzania go w worach.<\/li>\n<\/ul>\n<p><iframe title=\"Linia do produkcji pelletu z trocin LDG-3000 firmy Peletto.pl\" src=\"https:\/\/www.youtube.com\/embed\/E7dm5y_siQI?feature=oembed\" width=\"640\" height=\"360\" frameborder=\"0\" allowfullscreen=\"allowfullscreen\" data-mce-fragment=\"1\"><\/iframe><\/p>\n<p><em>Posiadamy w ofercie r\u00f3\u017cnego rodzaju kompletne maszyny do peletu ze s\u0142omy. Zapraszamy do zapoznania si\u0119 z pozosta\u0142ymi produktami jakie s\u0105 zamieszczone na stronie\u00a0<a href=\"http:\/\/dobiomasy.pl\/linie-do-produkcji-pelletu-oraz-paszy\" target=\"_blank\" rel=\"noopener\">(kliknij tutaj i zobacz pozosta\u0142e linie produkcyjne, kompleksy, maszyny do produkcji pasz i peletu)<\/a>.\u00a0Zadzwo\u0144 do naszego specjalisty i um\u00f3w si\u0119 na bezp\u0142atn\u0105 konsultacj\u0119 aby dobra\u0107 maszyn\u0119 do peletu ze s\u0142omy idealnie dopasowan\u0105 do potrzeb twojego gospodarstwa. Odwied\u017a nas w naszej hali demonstracyjnej w Poznaniu i zobacz prac\u0119 naszych maszyn na \u017cywo.<\/em><\/p>\n<p><em>Tre\u015b\u0107 niniejszego og\u0142oszenia nie stanowi oferty handlowej w rozumieniu Kodeksu Cywilnego. Aby dokona\u0107 zakupu nale\u017cy\u00a0skontaktowa\u0107 si\u0119 z handlowcem, potwierdzi\u0107 cen\u0119 oraz termin dostawy.<\/em><\/p>\n<p><em>tel. 889 899 914<\/em><\/p>\n<p><em>tel. 889 899 904<\/em><\/p>\n","protected":false},"excerpt":{"rendered":"<p>PELETON-3000 S to nowoczesna, wysokiej jako\u015bci i niezawodna maszyna, linia do peletu ze s\u0142omy o wymaganej wilgotno\u015bci mieszcz\u0105cej si\u0119 w przedziale 12-15%. Wydajno\u015b\u0107 linii do produkcji peletu si\u0119ga 330-480 kg\/h. Sk\u0142ad\u00a0maszyny do pelletu ze s\u0142omy o wydajno\u015bci do 350 kg\/h: Linia do produkcji pelletu\u00a0LDG-3000 Rozdrabniacz\u00a0RD-500\u00a0z cyklonem Przeno\u015bnik ta\u015bmowy\u00a0PT-1000\u00a0z wentylatorami Maszyna do peletu\u00a0 ze s\u0142omy PELETON-3000 [&hellip;]<\/p>\n","protected":false},"featured_media":499,"template":"","meta":{"site-sidebar-layout":"default","site-content-layout":"","ast-site-content-layout":"default","site-content-style":"default","site-sidebar-style":"default","ast-global-header-display":"","ast-banner-title-visibility":"","ast-main-header-display":"","ast-hfb-above-header-display":"","ast-hfb-below-header-display":"","ast-hfb-mobile-header-display":"","site-post-title":"","ast-breadcrumbs-content":"","ast-featured-img":"","footer-sml-layout":"","ast-disable-related-posts":"","theme-transparent-header-meta":"default","adv-header-id-meta":"","stick-header-meta":"default","header-above-stick-meta":"","header-main-stick-meta":"","header-below-stick-meta":"","astra-migrate-meta-layouts":"set","ast-page-background-enabled":"default","ast-page-background-meta":{"desktop":{"background-color":"var(--ast-global-color-4)","background-image":"","background-repeat":"repeat","background-position":"center center","background-size":"auto","background-attachment":"scroll","background-type":"","background-media":"","overlay-type":"","overlay-color":"","overlay-opacity":"","overlay-gradient":""},"tablet":{"background-color":"","background-image":"","background-repeat":"repeat","background-position":"center center","background-size":"auto","background-attachment":"scroll","background-type":"","background-media":"","overlay-type":"","overlay-color":"","overlay-opacity":"","overlay-gradient":""},"mobile":{"background-color":"","background-image":"","background-repeat":"repeat","background-position":"center center","background-size":"auto","background-attachment":"scroll","background-type":"","background-media":"","overlay-type":"","overlay-color":"","overlay-opacity":"","overlay-gradient":""}},"ast-content-background-meta":{"desktop":{"background-color":"var(--ast-global-color-5)","background-image":"","background-repeat":"repeat","background-position":"center center","background-size":"auto","background-attachment":"scroll","background-type":"","background-media":"","overlay-type":"","overlay-color":"","overlay-opacity":"","overlay-gradient":""},"tablet":{"background-color":"var(--ast-global-color-5)","background-image":"","background-repeat":"repeat","background-position":"center center","background-size":"auto","background-attachment":"scroll","background-type":"","background-media":"","overlay-type":"","overlay-color":"","overlay-opacity":"","overlay-gradient":""},"mobile":{"background-color":"var(--ast-global-color-5)","background-image":"","background-repeat":"repeat","background-position":"center center","background-size":"auto","background-attachment":"scroll","background-type":"","background-media":"","overlay-type":"","overlay-color":"","overlay-opacity":"","overlay-gradient":""}}},"product_brand":[],"product_cat":[46],"product_tag":[],"class_list":{"0":"post-498","1":"product","2":"type-product","3":"status-publish","4":"has-post-thumbnail","6":"product_cat-linie-do-produkcji-peletu-i-granulatu","7":"desktop-align-left","8":"tablet-align-left","9":"mobile-align-left","10":"ast-product-gallery-layout-horizontal-slider","11":"ast-magnify-disabled","12":"ast-product-tabs-layout-horizontal","14":"first","15":"instock","16":"shipping-taxable","17":"product-type-simple"},"_links":{"self":[{"href":"https:\/\/peletto.eu\/pl\/wp-json\/wp\/v2\/product\/498","targetHints":{"allow":["GET"]}}],"collection":[{"href":"https:\/\/peletto.eu\/pl\/wp-json\/wp\/v2\/product"}],"about":[{"href":"https:\/\/peletto.eu\/pl\/wp-json\/wp\/v2\/types\/product"}],"wp:featuredmedia":[{"embeddable":true,"href":"https:\/\/peletto.eu\/pl\/wp-json\/wp\/v2\/media\/499"}],"wp:attachment":[{"href":"https:\/\/peletto.eu\/pl\/wp-json\/wp\/v2\/media?parent=498"}],"wp:term":[{"taxonomy":"product_brand","embeddable":true,"href":"https:\/\/peletto.eu\/pl\/wp-json\/wp\/v2\/product_brand?post=498"},{"taxonomy":"product_cat","embeddable":true,"href":"https:\/\/peletto.eu\/pl\/wp-json\/wp\/v2\/product_cat?post=498"},{"taxonomy":"product_tag","embeddable":true,"href":"https:\/\/peletto.eu\/pl\/wp-json\/wp\/v2\/product_tag?post=498"}],"curies":[{"name":"wp","href":"https:\/\/api.w.org\/{rel}","templated":true}]}}