{"id":504,"date":"2024-01-28T23:31:04","date_gmt":"2024-01-28T22:31:04","guid":{"rendered":"https:\/\/peletto.eu\/?post_type=product&#038;p=504"},"modified":"2024-01-28T23:31:04","modified_gmt":"2024-01-28T22:31:04","slug":"linia-do-produkcji-peletu-ldg-3000-duo-49kw-do-700kg-h-dla-peletu","status":"publish","type":"product","link":"https:\/\/peletto.eu\/pl\/produkt\/linia-do-produkcji-peletu-ldg-3000-duo-49kw-do-700kg-h-dla-peletu\/","title":{"rendered":"Linia do produkcji peletu LDG 3000 DUO | 49kW | do 700kg\/h dla peletu"},"content":{"rendered":"<p><b>Linia PELETON 3000 DUO to niezawodna i wysokiej jako\u015bci sprz\u0119t do produkcji peletu i pasz dla zwierz\u0105t. Posiada na wyposa\u017ceniu dwie peleciarki PELETON-300. Jest w stanie wyprodukowa\u0107 granulat wielko\u015bci od 2 mm do 8 mm z r\u00f3\u017cnych rodzaj\u00f3w surowc\u00f3w. Ten zestaw r\u00f3\u017cni si\u0119 od linii do granulowania serii PELETON-300 tym, \u017ce wyposa\u017ceniu posiada 2 pot\u0119\u017cne peleciarki (22kW x 2), kt\u00f3re przetwarzaj\u0105 dwa razy wi\u0119cej surowc\u00f3w. Linia do produkcji mo\u017ce przerabia\u0107 r\u00f3\u017cne typu surowc\u00f3w na palet opa\u0142owy czy na pasz\u0119.<\/b><\/p>\n<p>Firma Peletto.pl charakteryzuje si\u0119 wysok\u0105 jako\u015bci\u0105 obs\u0142ugi klienta, dlatego nie tylko dopasujemy ca\u0142\u0105 lini\u0119 specjalnie do twoich potrzeb, ale tez pomo\u017cemy ci j\u0105 zainstalowa\u0107 i uruchomi\u0107! Posiadamy ponad 60 opracowanych technologii produkcji peletu oraz granulatu.<\/p>\n<p>Nasze matryce, rolki, cz\u0119\u015bci zamienne s\u0105 produkcji polskiej! R\u00f3wnie\u017c szafy i ca\u0142a elektryka jest z najwy\u017cszej p\u00f3\u0142ki, tak\u017ce produkcji polskiej\u00a0podczas gdy wi\u0119kszo\u015b\u0107\u00a0naszych konkurent\u00f3w korzysta z chi\u0144skich\u00a0tanich i niesolidnych zamiennik\u00f3w! Stawiamy na jako\u015b\u0107 od samego pocz\u0105tku. Nie oszcz\u0119dzaj na bezpiecze\u0144stwie i postaw z nami na d\u0142ugotrwa\u0142\u0105 wsp\u00f3\u0142prac\u0119.<\/p>\n<h2><b>Co wchodzi w sk\u0142ad wyposa\u017cenia linii produkcyjnej PELETON 3000 DUO<\/b><\/h2>\n<ul>\n<li><b>Zasobnik z podajnikiem \u015blimakowym PS-400.<\/b>\u00a0Jednostka ta zu\u017cywa 3 kW energii elektrycznej oraz ma p\u0142ynn\u0105 regulacj\u0119 podawania surowca za pomoc\u0105 potencjometru.<\/li>\n<li><b>Dwie niezawodne peleciarki PELETON-300<\/b>: jedna peleciarka o wydajno\u015bci do 350 kg\/h przy produkcji peletu oraz do 700-800 kg\/h przy produkcji paszy z \u0142atwo\u015bci\u0105 poradzi sobie z r\u00f3\u017cnymi rodzajami surowc\u00f3w. Klient ma mo\u017cliwo\u015b\u0107 zamontowania silnik\u00f3w o mocach 22kW oraz 30 kW. Moc silnik\u00f3w jest dostosowywana do przerabianego surowca. Dla przerabiana mi\u0119kkich surowc\u00f3w oraz paszy jest montowany silnik 30kW, natomiast przy przerabianiu trocin oraz biomasy na pelet zalecamy silnik 22kW.<\/li>\n<li><b>PB-200: b\u0119ben kalibruj\u0105cy oraz ch\u0142odz\u0105cy<\/b>\u00a0wykonuje funkcj\u0119 dodatkowego sch\u0142adzania peletu oraz granulatu. G\u0142\u00f3wnym przeznaczeniem kalibratora jest przesianie gotowego produktu i oddzielenie py\u0142u oraz drobiazg\u00f3w. Moc b\u0119bna kalibruj\u0105cego to 0,12 kW.<\/li>\n<li><b>Zamkni\u0119ty system odci\u0105gowy SO-315<\/b>: Urz\u0105dzenie za pomoc\u0105 wentylatora zapewnia cyrkulacj\u0119 powietrza niezb\u0119dnego do sch\u0142adzania peletu oraz umieszczania kurzu w specjalne worki odpylaj\u0105ce. Moc 1,5 kW.<\/li>\n<li><b>Panel sterowania linii do produkcji peletu<\/b>: za pomoc\u0105 jednej szafki sterujesz osobno dwoma podajnikami oraz peleciarkami. Ma\u0142e wymiary i wbudowany system ch\u0142odzenia elektroniki sprawiaj\u0105, \u017ce panel sterowania jest niezawodny i wygodny w u\u017cytkowaniu. Zalecany jest monta\u017c w pobli\u017cu linii produkcyjnej.<\/li>\n<\/ul>\n<p><em>Posiadamy w ofercie r\u00f3\u017cnego rodzaju kompletne linie produkcyjne. Zapraszamy do zapoznania si\u0119 z pozosta\u0142ymi produktami jakie s\u0105 zamieszczone na stronie<a href=\"http:\/\/dobiomasy.pl\/linie-do-produkcji-pelletu-oraz-paszy?page=2\" target=\"_blank\" rel=\"noopener\">\u00a0(kliknij tutaj i zobacz pozosta\u0142e linie produkcyjne, kompleksy, maszyny do produkcji pasz i peletu)<\/a>. Zadzwo\u0144 do naszego specjalisty i um\u00f3w si\u0119 na bezp\u0142atn\u0105 konsultacj\u0119 aby dobra\u0107 maszyn\u0119 idealnie dopasowan\u0105 do potrzeb twojego gospodarstwa. Odwied\u017a nas w naszej hali demonstracyjnej w Poznaniu i zobacz prac\u0119 naszych maszyn na \u017cywo.<\/em><\/p>\n<p><em>Tre\u015b\u0107 niniejszego og\u0142oszenia nie stanowi oferty handlowej w rozumieniu Kodeksu Cywilnego. Aby dokona\u0107 zakupu nale\u017cy\u00a0skontaktowa\u0107 si\u0119 z handlowcem, potwierdzi\u0107 cen\u0119 oraz termin dostawy.<\/em><\/p>\n<p><em>tel. 889 899 914<\/em><\/p>\n<p><em>tel. 889 899 904<\/em><\/p>\n","protected":false},"excerpt":{"rendered":"<p>Linia PELETON 3000 DUO to niezawodna i wysokiej jako\u015bci sprz\u0119t do produkcji peletu i pasz dla zwierz\u0105t. Posiada na wyposa\u017ceniu dwie peleciarki PELETON-300. Jest w stanie wyprodukowa\u0107 granulat wielko\u015bci od 2 mm do 8 mm z r\u00f3\u017cnych rodzaj\u00f3w surowc\u00f3w. Ten zestaw r\u00f3\u017cni si\u0119 od linii do granulowania serii PELETON-300 tym, \u017ce wyposa\u017ceniu posiada 2 pot\u0119\u017cne [&hellip;]<\/p>\n","protected":false},"featured_media":505,"template":"","meta":{"site-sidebar-layout":"default","site-content-layout":"","ast-site-content-layout":"default","site-content-style":"default","site-sidebar-style":"default","ast-global-header-display":"","ast-banner-title-visibility":"","ast-main-header-display":"","ast-hfb-above-header-display":"","ast-hfb-below-header-display":"","ast-hfb-mobile-header-display":"","site-post-title":"","ast-breadcrumbs-content":"","ast-featured-img":"","footer-sml-layout":"","ast-disable-related-posts":"","theme-transparent-header-meta":"default","adv-header-id-meta":"","stick-header-meta":"default","header-above-stick-meta":"","header-main-stick-meta":"","header-below-stick-meta":"","astra-migrate-meta-layouts":"set","ast-page-background-enabled":"default","ast-page-background-meta":{"desktop":{"background-color":"var(--ast-global-color-4)","background-image":"","background-repeat":"repeat","background-position":"center center","background-size":"auto","background-attachment":"scroll","background-type":"","background-media":"","overlay-type":"","overlay-color":"","overlay-opacity":"","overlay-gradient":""},"tablet":{"background-color":"","background-image":"","background-repeat":"repeat","background-position":"center center","background-size":"auto","background-attachment":"scroll","background-type":"","background-media":"","overlay-type":"","overlay-color":"","overlay-opacity":"","overlay-gradient":""},"mobile":{"background-color":"","background-image":"","background-repeat":"repeat","background-position":"center center","background-size":"auto","background-attachment":"scroll","background-type":"","background-media":"","overlay-type":"","overlay-color":"","overlay-opacity":"","overlay-gradient":""}},"ast-content-background-meta":{"desktop":{"background-color":"var(--ast-global-color-5)","background-image":"","background-repeat":"repeat","background-position":"center center","background-size":"auto","background-attachment":"scroll","background-type":"","background-media":"","overlay-type":"","overlay-color":"","overlay-opacity":"","overlay-gradient":""},"tablet":{"background-color":"var(--ast-global-color-5)","background-image":"","background-repeat":"repeat","background-position":"center center","background-size":"auto","background-attachment":"scroll","background-type":"","background-media":"","overlay-type":"","overlay-color":"","overlay-opacity":"","overlay-gradient":""},"mobile":{"background-color":"var(--ast-global-color-5)","background-image":"","background-repeat":"repeat","background-position":"center center","background-size":"auto","background-attachment":"scroll","background-type":"","background-media":"","overlay-type":"","overlay-color":"","overlay-opacity":"","overlay-gradient":""}}},"product_brand":[],"product_cat":[46],"product_tag":[],"class_list":{"0":"post-504","1":"product","2":"type-product","3":"status-publish","4":"has-post-thumbnail","6":"product_cat-linie-do-produkcji-peletu-i-granulatu","7":"desktop-align-left","8":"tablet-align-left","9":"mobile-align-left","10":"ast-product-gallery-layout-horizontal-slider","11":"ast-magnify-disabled","12":"ast-product-tabs-layout-horizontal","14":"first","15":"instock","16":"shipping-taxable","17":"product-type-simple"},"_links":{"self":[{"href":"https:\/\/peletto.eu\/pl\/wp-json\/wp\/v2\/product\/504","targetHints":{"allow":["GET"]}}],"collection":[{"href":"https:\/\/peletto.eu\/pl\/wp-json\/wp\/v2\/product"}],"about":[{"href":"https:\/\/peletto.eu\/pl\/wp-json\/wp\/v2\/types\/product"}],"wp:featuredmedia":[{"embeddable":true,"href":"https:\/\/peletto.eu\/pl\/wp-json\/wp\/v2\/media\/505"}],"wp:attachment":[{"href":"https:\/\/peletto.eu\/pl\/wp-json\/wp\/v2\/media?parent=504"}],"wp:term":[{"taxonomy":"product_brand","embeddable":true,"href":"https:\/\/peletto.eu\/pl\/wp-json\/wp\/v2\/product_brand?post=504"},{"taxonomy":"product_cat","embeddable":true,"href":"https:\/\/peletto.eu\/pl\/wp-json\/wp\/v2\/product_cat?post=504"},{"taxonomy":"product_tag","embeddable":true,"href":"https:\/\/peletto.eu\/pl\/wp-json\/wp\/v2\/product_tag?post=504"}],"curies":[{"name":"wp","href":"https:\/\/api.w.org\/{rel}","templated":true}]}}