{"id":509,"date":"2024-01-28T23:34:49","date_gmt":"2024-01-28T22:34:49","guid":{"rendered":"https:\/\/peletto.eu\/?post_type=product&#038;p=509"},"modified":"2024-01-28T23:34:49","modified_gmt":"2024-01-28T22:34:49","slug":"linia-do-produkcji-peletu-z-mokrej-trociny-peleton-3000-mt-30-kw-350-kg-h","status":"publish","type":"product","link":"https:\/\/peletto.eu\/pl\/produkt\/linia-do-produkcji-peletu-z-mokrej-trociny-peleton-3000-mt-30-kw-350-kg-h\/","title":{"rendered":"Linia do produkcji peletu z mokrej trociny PELETON-3000 MT | 30 kW | 350 kg\/h"},"content":{"rendered":"<h3>Kompletna linia PELETON-3000 MT do produkcji peletu z mokrej trociny w zestawie z aerodynamiczn\u0105 suszarni\u0105 SA-400 oraz kompletn\u0105 lini\u0105 LDG-3000 + to idealne rozwi\u0105zanie dla twojego gospodarstwa.<\/h3>\n<p>Linia PELETON-3000 MT jest przystosowana do przerabiania wilgotnej trociny o wilgotno\u015bci poni\u017cej 60%. Je\u017celi wilgotno\u015b\u0107 jest wy\u017csza, surowiec powinien by\u0107 przepuszczony 2 razy przez suszarni\u0119 a\u017c do uzyskania niezb\u0119dnej wilgotno\u015bci (12-15%).<\/p>\n<p>Nasze matryce, rolki, cz\u0119\u015bci zamienne s\u0105 produkcji polskiej! R\u00f3wnie\u017c szafy i ca\u0142a elektryka jest z najwy\u017cszej p\u00f3\u0142ki, tak\u017ce produkcji\u00a0polskiej\u00a0podczas gdy\u00a0wi\u0119kszo\u015b\u0107\u00a0naszych konkurent\u00f3w korzysta z\u00a0chi\u0144skich\u00a0tanich i niesolidnych zamiennik\u00f3w! Stawiamy na jako\u015b\u0107 od samego pocz\u0105tku. Nie oszcz\u0119dzaj na bezpiecze\u0144stwie i postaw z nami na d\u0142ugotrwa\u0142\u0105 wsp\u00f3\u0142prac\u0119.<\/p>\n<p>W sk\u0142ad linii do produkcji pelletu z mokrej trociny wchodz\u0105:<\/p>\n<ul>\n<li>Linia\u00a0LDG 3000<\/li>\n<li>Suszarnia aerodynamiczna\u00a0SA-400<\/li>\n<li>Przeno\u015bnik ta\u015bmowy\u00a0PT-1000\u00a0wraz z wentylatorami<\/li>\n<\/ul>\n<h2><strong>Etapy produkcji peletu opa\u0142owego w PELETON-3000 MT:<\/strong><\/h2>\n<ul>\n<li>Surowce s\u0105\u00a0przesiewane\u00a0przed suszeniem, co pozwala doprowadzi\u0107 materia\u0142 do jednolitej frakcji. Idealna frakcja to o 1 mm mniejsza ni\u017c \u015brednica otwor\u00f3w w matrycy.<\/li>\n<li>Trociny s\u0105 podawane do suszarni, aby doprowadzi\u0107 procentow\u0105 zawarto\u015b\u0107 wilgoci do 12-14%.<\/li>\n<li>Peleciarka mo\u017ce produkowa\u0107 pelet paliwowy o \u015brednicy 6 \u2013 8 mm. Podczas prasowania surowiec jest podgrzewany do 70-90 \u00b0 C i uwalnia lignin\u0119. Rezultatem jest jednolity, b\u0142yszcz\u0105cy oraz dobrze zbity pelet.<\/li>\n<li>Gotowe produkty dodatkow\u0105 s\u0105 sch\u0142adzane i suszone.<\/li>\n<\/ul>\n<p><iframe title=\"Pellet z mokrych trocin! Linia do produkcji pelletu z trociny mokrej PELETON-3000 od Peletto.pl\" src=\"https:\/\/www.youtube.com\/embed\/LT2iLTljbv4?feature=oembed\" width=\"640\" height=\"360\" frameborder=\"0\" allowfullscreen=\"allowfullscreen\" data-mce-fragment=\"1\"><\/iframe><\/p>\n<p><iframe title=\"Pellet z mokrych trocin! Linia do produkcji pelletu razem z suszarni\u0105 PELETON-4000 MT od Peletto.pl\" src=\"https:\/\/www.youtube.com\/embed\/ONAV47rBxi4?feature=oembed\" width=\"640\" height=\"360\" frameborder=\"0\" allowfullscreen=\"allowfullscreen\" data-mce-fragment=\"1\"><\/iframe><\/p>\n<p><em>Posiadamy w ofercie r\u00f3\u017cnego rodzaju kompletne linie produkcyjne. Zapraszamy do zapoznania si\u0119 z pozosta\u0142ymi produktami jakie s\u0105 zamieszczone na stronie\u00a0<a href=\"http:\/\/dobiomasy.pl\/linie-do-produkcji-pelletu-oraz-paszy\" target=\"_blank\" rel=\"noopener\">(kliknij tutaj i zobacz pozosta\u0142e linie produkcyjne, kompleksy, maszyny do produkcji pasz i peletu)<\/a>. Zadzwo\u0144 do naszego specjalisty i um\u00f3w si\u0119 na bezp\u0142atn\u0105 konsultacj\u0119 aby dobra\u0107 maszyn\u0119 idealnie dopasowan\u0105 do potrzeb twojego gospodarstwa. Odwied\u017a nas w naszej hali demonstracyjnej w Poznaniu i zobacz prac\u0119 naszych maszyn na \u017cywo.<\/em><\/p>\n<p><em>Tre\u015b\u0107 niniejszego og\u0142oszenia nie stanowi oferty handlowej w rozumieniu Kodeksu Cywilnego. Aby dokona\u0107 zakupu nale\u017cy\u00a0skontaktowa\u0107 si\u0119 z handlowcem, potwierdzi\u0107 cen\u0119 oraz termin dostawy.<\/em><\/p>\n<p><em>tel. 889 899 914<\/em><\/p>\n<p><em>tel. 889 899 904<\/em><\/p>\n","protected":false},"excerpt":{"rendered":"<p>Kompletna linia PELETON-3000 MT do produkcji peletu z mokrej trociny w zestawie z aerodynamiczn\u0105 suszarni\u0105 SA-400 oraz kompletn\u0105 lini\u0105 LDG-3000 + to idealne rozwi\u0105zanie dla twojego gospodarstwa. Linia PELETON-3000 MT jest przystosowana do przerabiania wilgotnej trociny o wilgotno\u015bci poni\u017cej 60%. Je\u017celi wilgotno\u015b\u0107 jest wy\u017csza, surowiec powinien by\u0107 przepuszczony 2 razy przez suszarni\u0119 a\u017c do uzyskania [&hellip;]<\/p>\n","protected":false},"featured_media":510,"template":"","meta":{"site-sidebar-layout":"default","site-content-layout":"","ast-site-content-layout":"default","site-content-style":"default","site-sidebar-style":"default","ast-global-header-display":"","ast-banner-title-visibility":"","ast-main-header-display":"","ast-hfb-above-header-display":"","ast-hfb-below-header-display":"","ast-hfb-mobile-header-display":"","site-post-title":"","ast-breadcrumbs-content":"","ast-featured-img":"","footer-sml-layout":"","ast-disable-related-posts":"","theme-transparent-header-meta":"default","adv-header-id-meta":"","stick-header-meta":"default","header-above-stick-meta":"","header-main-stick-meta":"","header-below-stick-meta":"","astra-migrate-meta-layouts":"set","ast-page-background-enabled":"default","ast-page-background-meta":{"desktop":{"background-color":"var(--ast-global-color-4)","background-image":"","background-repeat":"repeat","background-position":"center center","background-size":"auto","background-attachment":"scroll","background-type":"","background-media":"","overlay-type":"","overlay-color":"","overlay-opacity":"","overlay-gradient":""},"tablet":{"background-color":"","background-image":"","background-repeat":"repeat","background-position":"center center","background-size":"auto","background-attachment":"scroll","background-type":"","background-media":"","overlay-type":"","overlay-color":"","overlay-opacity":"","overlay-gradient":""},"mobile":{"background-color":"","background-image":"","background-repeat":"repeat","background-position":"center center","background-size":"auto","background-attachment":"scroll","background-type":"","background-media":"","overlay-type":"","overlay-color":"","overlay-opacity":"","overlay-gradient":""}},"ast-content-background-meta":{"desktop":{"background-color":"var(--ast-global-color-5)","background-image":"","background-repeat":"repeat","background-position":"center center","background-size":"auto","background-attachment":"scroll","background-type":"","background-media":"","overlay-type":"","overlay-color":"","overlay-opacity":"","overlay-gradient":""},"tablet":{"background-color":"var(--ast-global-color-5)","background-image":"","background-repeat":"repeat","background-position":"center center","background-size":"auto","background-attachment":"scroll","background-type":"","background-media":"","overlay-type":"","overlay-color":"","overlay-opacity":"","overlay-gradient":""},"mobile":{"background-color":"var(--ast-global-color-5)","background-image":"","background-repeat":"repeat","background-position":"center center","background-size":"auto","background-attachment":"scroll","background-type":"","background-media":"","overlay-type":"","overlay-color":"","overlay-opacity":"","overlay-gradient":""}}},"product_brand":[],"product_cat":[46],"product_tag":[],"class_list":{"0":"post-509","1":"product","2":"type-product","3":"status-publish","4":"has-post-thumbnail","6":"product_cat-linie-do-produkcji-peletu-i-granulatu","7":"desktop-align-left","8":"tablet-align-left","9":"mobile-align-left","10":"ast-product-gallery-layout-horizontal-slider","11":"ast-magnify-disabled","12":"ast-product-tabs-layout-horizontal","14":"first","15":"instock","16":"shipping-taxable","17":"product-type-simple"},"_links":{"self":[{"href":"https:\/\/peletto.eu\/pl\/wp-json\/wp\/v2\/product\/509","targetHints":{"allow":["GET"]}}],"collection":[{"href":"https:\/\/peletto.eu\/pl\/wp-json\/wp\/v2\/product"}],"about":[{"href":"https:\/\/peletto.eu\/pl\/wp-json\/wp\/v2\/types\/product"}],"wp:featuredmedia":[{"embeddable":true,"href":"https:\/\/peletto.eu\/pl\/wp-json\/wp\/v2\/media\/510"}],"wp:attachment":[{"href":"https:\/\/peletto.eu\/pl\/wp-json\/wp\/v2\/media?parent=509"}],"wp:term":[{"taxonomy":"product_brand","embeddable":true,"href":"https:\/\/peletto.eu\/pl\/wp-json\/wp\/v2\/product_brand?post=509"},{"taxonomy":"product_cat","embeddable":true,"href":"https:\/\/peletto.eu\/pl\/wp-json\/wp\/v2\/product_cat?post=509"},{"taxonomy":"product_tag","embeddable":true,"href":"https:\/\/peletto.eu\/pl\/wp-json\/wp\/v2\/product_tag?post=509"}],"curies":[{"name":"wp","href":"https:\/\/api.w.org\/{rel}","templated":true}]}}