{"id":515,"date":"2024-01-28T23:38:27","date_gmt":"2024-01-28T22:38:27","guid":{"rendered":"https:\/\/peletto.eu\/?post_type=product&#038;p=515"},"modified":"2024-01-28T23:38:27","modified_gmt":"2024-01-28T22:38:27","slug":"linia-do-produkcji-pelletu-z-mokrych-trocin-peleton-4000-mt-47-kw-do-450-kg-h","status":"publish","type":"product","link":"https:\/\/peletto.eu\/pl\/produkt\/linia-do-produkcji-pelletu-z-mokrych-trocin-peleton-4000-mt-47-kw-do-450-kg-h\/","title":{"rendered":"Linia do produkcji pelletu z mokrych trocin PELETON \u2013 4000 MT | 47 kW | do 450 kg\/h"},"content":{"rendered":"<p><strong>Linia do produkcji peletu z mokrych trocin PELETON-4000 MT to wysokiej jako\u015bci sprz\u0119t, kt\u00f3ry mo\u017ce zosta\u0107 idealnie dopasowany do potrzeb twojego gospodarstwa. Wilgotno\u015b\u0107 wst\u0119pna surowca powinna wynosi\u0107 do 60%. Istnieje r\u00f3wnie\u017c rozwi\u0105zanie, kt\u00f3re pozwala przerabia\u0107 trociny o wy\u017cszej wilgotno\u015bci. Zadzwo\u0144 do nas i o to zapytaj.<\/strong><\/p>\n<p>Nasze matryce, rolki, cz\u0119\u015bci zamienne s\u0105 produkcji polskiej! R\u00f3wnie\u017c szafy i ca\u0142a elektryka jest z najwy\u017cszej p\u00f3\u0142ki, tak\u017ce produkcji\u00a0polskiej\u00a0podczas gdy\u00a0wi\u0119kszo\u015b\u0107\u00a0naszych konkurent\u00f3w korzysta z\u00a0chi\u0144skich\u00a0tanich i niesolidnych zamiennik\u00f3w! Stawiamy na jako\u015b\u0107 od samego pocz\u0105tku. Nie oszcz\u0119dzaj na bezpiecze\u0144stwie i postaw z nami na d\u0142ugotrwa\u0142\u0105 wsp\u00f3\u0142prac\u0119.<\/p>\n<p><strong>Co wchodzi w sk\u0142ad linii ?<\/strong><\/p>\n<ul>\n<li>Linia do\u00a0produkcji\u00a0pelletu\u00a0LDG-4000<\/li>\n<li>Suszarnia aerodynamiczna\u00a0SA-600<\/li>\n<li>Przeno\u015bnik ta\u015bmowy\u00a0PT-1000\u00a0z wentylatorami<\/li>\n<\/ul>\n<h2><strong>Sk\u0142ad linii produkcyjnej do peletu PELETON 4000 MT:<\/strong><\/h2>\n<ul>\n<li>Surowiec jest podawany za pomoc\u0105 podajnika z powi\u0119kszonym buforem, do suszarni SA-600. Suszarnia aerodynamiczna sk\u0142ada si\u0119 z generatora ciep\u0142a. W standardowej wersji wyposa\u017cenia jest piec z ceg\u0142a szamotow\u0105. Piec jest opalany zwyk\u0142ym drewnem. Moc pieca 0,7 MW. Istnieje mo\u017cliwo\u015b\u0107 instalacji palnika na pelet PELETRON-250. D\u0142ugo\u015b\u0107 ruroci\u0105gu wynosi 25 m. Uk\u0142ad ruroci\u0105gu mo\u017ce by\u0107 by\u0107 modyfikowany w taki spos\u00f3b aby linia do produkcji peletu z mokrych trocin zajmowa\u0142a jak najmniej miejsca.<\/li>\n<li>Wysuszony surowiec zostaje oddzielony od gor\u0105cego powietrza za pomoc\u0105 cyklonu. Trociny trafiaj\u0105 do podajnika \u015blimakowego, a gor\u0105ce powietrze razem z par\u0105 jest odprowadzane za pomoc\u0105 komina na zewn\u0105trz pomieszczenia.<\/li>\n<li>Za pomoc\u0105 podajnika \u015blimakowego surowiec jest podawany do peleciarki PELETON-400. Podawanie surowca jest regulowane za pomoc\u0105 potencjometru. Peleciarka zaprojektowana do przerabiania twardych surowc\u00f3w, bezproblemowo radzi sobie z trocinami drzew iglastych oraz li\u015bciastych.<\/li>\n<li>Nast\u0119pnie ju\u017c gotowy pelet dostaje si\u0119 do b\u0119bna kalibratora PB-100, kt\u00f3ry s\u0142u\u017cy do przesiewania peletu od py\u0142u i drobiazg\u00f3w. Pe\u0142ni r\u00f3wnie\u017c funkcj\u0119 ch\u0142odzenia gotowego produktu.<\/li>\n<li>Istnieje r\u00f3wnie\u017c mo\u017cliwo\u015b\u0107 zamontowania przeno\u015bnik\u00f3w ta\u015bmowych, wagopakowarki oraz zgrzewarki<\/li>\n<\/ul>\n<div>\n<p>Zapraszamy do innych naszych og\u0142osze\u0144 zamieszczonych na stronie\u00a0<a href=\"http:\/\/peletto.pl\/\" target=\"_blank\" rel=\"noopener\">Peletto<\/a>. Zadzwo\u0144 do naszego specjalisty i um\u00f3w si\u0119 na bezp\u0142atn\u0105 konsultacj\u0119 aby dobra\u0107 maszyn\u0119 idealnie dopasowan\u0105 do potrzeb twojego gospodarstwa. Odwied\u017a nas w naszej hali demonstracyjnej w Poznaniu i zobacz ca\u0142y nasz park maszynowy na \u017cywo.<\/p>\n<\/div>\n<p><iframe src=\"https:\/\/www.youtube.com\/embed\/BrTmN3v1WFQ\" width=\"640\" height=\"360\" frameborder=\"0\" data-mce-fragment=\"1\"><\/iframe><\/p>\n<div><\/div>\n<p><iframe src=\"https:\/\/www.youtube.com\/embed\/ONAV47rBxi4\" width=\"640\" height=\"360\" frameborder=\"0\" data-mce-fragment=\"1\"><\/iframe><\/p>\n<p><em>Tre\u015b\u0107 niniejszego og\u0142oszenia ma charakter informacyjny i nie stanowi oferty handlowej w rozumieniu Kodeksu cywilnego oraz innych przepis\u00f3w prawa.<\/em><\/p>\n<p><em>Tre\u015b\u0107 niniejszego og\u0142oszenia nie stanowi oferty handlowej w rozumieniu Kodeksu Cywilnego. Aby dokona\u0107 zakupu nale\u017cy\u00a0skontaktowa\u0107 si\u0119 z handlowcem, potwierdzi\u0107 cen\u0119 oraz termin dostawy.<\/em><\/p>\n<p><em>tel. 889 899 914<\/em><\/p>\n<p><em>tel. 889 899 904<\/em><\/p>\n","protected":false},"excerpt":{"rendered":"<p>Linia do produkcji peletu z mokrych trocin PELETON-4000 MT to wysokiej jako\u015bci sprz\u0119t, kt\u00f3ry mo\u017ce zosta\u0107 idealnie dopasowany do potrzeb twojego gospodarstwa. Wilgotno\u015b\u0107 wst\u0119pna surowca powinna wynosi\u0107 do 60%. Istnieje r\u00f3wnie\u017c rozwi\u0105zanie, kt\u00f3re pozwala przerabia\u0107 trociny o wy\u017cszej wilgotno\u015bci. Zadzwo\u0144 do nas i o to zapytaj. Nasze matryce, rolki, cz\u0119\u015bci zamienne s\u0105 produkcji polskiej! R\u00f3wnie\u017c [&hellip;]<\/p>\n","protected":false},"featured_media":516,"template":"","meta":{"site-sidebar-layout":"default","site-content-layout":"","ast-site-content-layout":"default","site-content-style":"default","site-sidebar-style":"default","ast-global-header-display":"","ast-banner-title-visibility":"","ast-main-header-display":"","ast-hfb-above-header-display":"","ast-hfb-below-header-display":"","ast-hfb-mobile-header-display":"","site-post-title":"","ast-breadcrumbs-content":"","ast-featured-img":"","footer-sml-layout":"","ast-disable-related-posts":"","theme-transparent-header-meta":"default","adv-header-id-meta":"","stick-header-meta":"default","header-above-stick-meta":"","header-main-stick-meta":"","header-below-stick-meta":"","astra-migrate-meta-layouts":"set","ast-page-background-enabled":"default","ast-page-background-meta":{"desktop":{"background-color":"var(--ast-global-color-4)","background-image":"","background-repeat":"repeat","background-position":"center center","background-size":"auto","background-attachment":"scroll","background-type":"","background-media":"","overlay-type":"","overlay-color":"","overlay-opacity":"","overlay-gradient":""},"tablet":{"background-color":"","background-image":"","background-repeat":"repeat","background-position":"center center","background-size":"auto","background-attachment":"scroll","background-type":"","background-media":"","overlay-type":"","overlay-color":"","overlay-opacity":"","overlay-gradient":""},"mobile":{"background-color":"","background-image":"","background-repeat":"repeat","background-position":"center center","background-size":"auto","background-attachment":"scroll","background-type":"","background-media":"","overlay-type":"","overlay-color":"","overlay-opacity":"","overlay-gradient":""}},"ast-content-background-meta":{"desktop":{"background-color":"var(--ast-global-color-5)","background-image":"","background-repeat":"repeat","background-position":"center center","background-size":"auto","background-attachment":"scroll","background-type":"","background-media":"","overlay-type":"","overlay-color":"","overlay-opacity":"","overlay-gradient":""},"tablet":{"background-color":"var(--ast-global-color-5)","background-image":"","background-repeat":"repeat","background-position":"center center","background-size":"auto","background-attachment":"scroll","background-type":"","background-media":"","overlay-type":"","overlay-color":"","overlay-opacity":"","overlay-gradient":""},"mobile":{"background-color":"var(--ast-global-color-5)","background-image":"","background-repeat":"repeat","background-position":"center center","background-size":"auto","background-attachment":"scroll","background-type":"","background-media":"","overlay-type":"","overlay-color":"","overlay-opacity":"","overlay-gradient":""}}},"product_brand":[],"product_cat":[46],"product_tag":[],"class_list":{"0":"post-515","1":"product","2":"type-product","3":"status-publish","4":"has-post-thumbnail","6":"product_cat-linie-do-produkcji-peletu-i-granulatu","7":"desktop-align-left","8":"tablet-align-left","9":"mobile-align-left","10":"ast-product-gallery-layout-horizontal-slider","11":"ast-magnify-disabled","12":"ast-product-tabs-layout-horizontal","14":"first","15":"instock","16":"shipping-taxable","17":"product-type-simple"},"_links":{"self":[{"href":"https:\/\/peletto.eu\/pl\/wp-json\/wp\/v2\/product\/515","targetHints":{"allow":["GET"]}}],"collection":[{"href":"https:\/\/peletto.eu\/pl\/wp-json\/wp\/v2\/product"}],"about":[{"href":"https:\/\/peletto.eu\/pl\/wp-json\/wp\/v2\/types\/product"}],"wp:featuredmedia":[{"embeddable":true,"href":"https:\/\/peletto.eu\/pl\/wp-json\/wp\/v2\/media\/516"}],"wp:attachment":[{"href":"https:\/\/peletto.eu\/pl\/wp-json\/wp\/v2\/media?parent=515"}],"wp:term":[{"taxonomy":"product_brand","embeddable":true,"href":"https:\/\/peletto.eu\/pl\/wp-json\/wp\/v2\/product_brand?post=515"},{"taxonomy":"product_cat","embeddable":true,"href":"https:\/\/peletto.eu\/pl\/wp-json\/wp\/v2\/product_cat?post=515"},{"taxonomy":"product_tag","embeddable":true,"href":"https:\/\/peletto.eu\/pl\/wp-json\/wp\/v2\/product_tag?post=515"}],"curies":[{"name":"wp","href":"https:\/\/api.w.org\/{rel}","templated":true}]}}