{"id":519,"date":"2024-01-28T23:41:40","date_gmt":"2024-01-28T22:41:40","guid":{"rendered":"https:\/\/peletto.eu\/?post_type=product&#038;p=519"},"modified":"2024-01-28T23:41:40","modified_gmt":"2024-01-28T22:41:40","slug":"linia-do-produkcji-peletu-ze-zrebki-peleton-3000-zr-64kw-do-350kg-h","status":"publish","type":"product","link":"https:\/\/peletto.eu\/pl\/produkt\/linia-do-produkcji-peletu-ze-zrebki-peleton-3000-zr-64kw-do-350kg-h\/","title":{"rendered":"Linia do produkcji peletu ze zr\u0119bki PELETON-3000 ZR | 64kW | do 350kg\/h"},"content":{"rendered":"<div class=\"tabs mb-80\">\n<div class=\"tabs__content\">\n<div class=\"tabs__item\">\n<div class=\"content\">\n<p><b>Kompletna linia PELETON-3000 ZR o wydajno\u015bci 350-400 kg\/h idealnie nadaje si\u0119 do produkcji peletu z materia\u0142\u00f3w typu ga\u0142\u0119zie, zr\u0119bki. Ponadto wychodz\u0105c naprzeciw potrzebom klienta, oferujemy pa\u0144stwu mo\u017cliwo\u015b\u0107 zamontowania na ko\u0144cu linii wagopakowarki, kt\u00f3ra dodatkowo u\u0142atwi i usprawni proces produkcji w twoim gospodarstwie.<\/b><\/p>\n<p>Nasze matryce, rolki, cz\u0119\u015bci zamienne s\u0105 produkcji polskiej! R\u00f3wnie\u017c szafy i ca\u0142a elektryka jest z najwy\u017cszej p\u00f3\u0142ki, tak\u017ce produkcji\u00a0polskiej\u00a0podczas gdy\u00a0wi\u0119kszo\u015b\u0107\u00a0naszych konkurent\u00f3w korzysta z\u00a0chi\u0144skich\u00a0tanich i niesolidnych zamiennik\u00f3w! Stawiamy na jako\u015b\u0107 od samego pocz\u0105tku. Nie oszcz\u0119dzaj na bezpiecze\u0144stwie i postaw z nami na d\u0142ugotrwa\u0142\u0105 wsp\u00f3\u0142prac\u0119.<\/p>\n<h2><b>Z czego sk\u0142ada\u00a0<\/b><b>si\u0119<\/b><b>\u00a0ta linia do produkcji pelletu z mokrej zr\u0119bki?<\/b><\/h2>\n<ul>\n<li>Linia do produkcji pelletu\u00a0<b>LDG-3000<\/b><\/li>\n<li>Suszarni\u00a0aerodynamiczna<b>\u00a0SA-400\u00a0<\/b><\/li>\n<li>M\u0142yn bijakowy\u00a0<b>MT-500\u00a0<\/b>z cyklonem<\/li>\n<li>R\u0119bak<b>\u00a0RK-600<\/b><\/li>\n<\/ul>\n<h2><b>Etapy produkcyjne linii do produkcji peletu ze zr\u0119bki PELETON-3000 ZR:<\/b><\/h2>\n<ul>\n<li>Ga\u0142\u0119zie powinny by\u0107 rozdrobnione na zr\u0119bk\u0119. Do tego s\u0142u\u017cy RK-600 z elektrycznym silnikiem 11kW. Istnieje r\u00f3wnie\u017c opcja wyposa\u017cenia w silnik spalinowy albo przystosowanie pod WOM ci\u0105gnika;<\/li>\n<li>Do produkcji peletu zr\u0119bka jest za du\u017ca wi\u0119c powinna by\u0107 rozdrobniona do frakcji 5-6 mm. Rozdrobnienie odbywa si\u0119 za pomoc\u0105 m\u0142yna bijakowego MT-500 z silnikiem elektrycznym 22kW. Z m\u0142yna bijakowego rozdrobniony surowiec trafia do podajnika w suszarni. Podajnik \u015blimakowy zaopatrzony jest w du\u017cy bunkier o pojemno\u015bci 1,5m3 oraz w worki odpylaj\u0105ce, co pomaga oddzieli\u0107 surowiec od powietrza;<\/li>\n<li>Kolejnym etapem jest suszenie surowca. Za pomoc\u0105 podajnika surowiec trafia do suszarni aerodynamicznej gdzie wilgotno\u015b\u0107 dochodzi do 12-15%;<\/li>\n<li>Dalej przygotowany surowiec jest podawany do peleciarki serii PELETON-300, gdzie odbywa si\u0119 proces peletowania. Nasze peleciarki s\u0105 zaprojektowane specjalnie do przerabiania trocin li\u015bciastych, iglastych oraz innych twardych surowc\u00f3w;<\/li>\n<li>Gotowy pelet trafia do b\u0119bna przesiewacza, gdzie zostaje przesiany oraz oddzielony od kurzu, py\u0142u oraz innych drobiazg\u00f3w. Dodatkowo pelet jest sch\u0142adzany za pomoc\u0105 nawiew\u00f3w powietrza;<\/li>\n<li>Na ko\u0144cu linii do produkcji peletu ze zr\u0119bki jest opcja monta\u017cu wagopakowarki.<\/li>\n<\/ul>\n<p><b>Wydajno\u015b\u0107 ca\u0142ego kompleksu wynosi 350-400kg\/h ju\u017c gotowego peletu!<\/b><\/p>\n<p>Posiadamy w ofercie r\u00f3\u017cnego rodzaju kompletne linie produkcyjne. Zapraszamy do zapoznania si\u0119 z pozosta\u0142ymi produktami jakie s\u0105 zamieszczone na stronie\u00a0<a href=\"http:\/\/dobiomasy.pl\/\/linie-do-produkcji-pelletu-oraz-paszy\" target=\"_blank\" rel=\"noopener\">(kliknij tutaj i zobacz pozosta\u0142e linie produkcyjne, kompleksy, maszyny do produkcji pasz i peletu)<\/a>. Zadzwo\u0144 do naszego specjalisty i um\u00f3w si\u0119 na bezp\u0142atn\u0105 konsultacj\u0119 aby dobra\u0107 maszyn\u0119 idealnie dopasowan\u0105 do potrzeb twojego gospodarstwa. Odwied\u017a nas w naszej hali demonstracyjnej w Poznaniu i zobacz prac\u0119 naszych maszyn na \u017cywo.<\/p>\n<p>*Ceny podawane s\u0105 w netto, nale\u017cy doda\u0107 do nich 23% podatku VAT.<\/p>\n<div><\/div>\n<p><iframe src=\"https:\/\/www.youtube.com\/embed\/nUijCfNddkk\" width=\"640\" height=\"360\" frameborder=\"0\" data-mce-fragment=\"1\"><\/iframe><\/p>\n<div><\/div>\n<div>\n<p><em>Tre\u015b\u0107 niniejszego og\u0142oszenia ma charakter informacyjny i nie stanowi oferty handlowej w rozumieniu Kodeksu cywilnego oraz innych przepis\u00f3w prawa. Tre\u015b\u0107 niniejszego og\u0142oszenia nie stanowi oferty handlowej w rozumieniu Kodeksu Cywilnego. Aby dokona\u0107 zakupu nale\u017cy\u00a0skontaktowa\u0107 si\u0119 z handlowcem, potwierdzi\u0107 cen\u0119 oraz termin dostawy.<\/em><\/p>\n<p><em>tel. 889 899 914<\/em><\/p>\n<p><em>tel. 889 899 904<\/em><\/p>\n<\/div>\n<\/div>\n<\/div>\n<\/div>\n<\/div>\n","protected":false},"excerpt":{"rendered":"<p>Kompletna linia PELETON-3000 ZR o wydajno\u015bci 350-400 kg\/h idealnie nadaje si\u0119 do produkcji peletu z materia\u0142\u00f3w typu ga\u0142\u0119zie, zr\u0119bki. Ponadto wychodz\u0105c naprzeciw potrzebom klienta, oferujemy pa\u0144stwu mo\u017cliwo\u015b\u0107 zamontowania na ko\u0144cu linii wagopakowarki, kt\u00f3ra dodatkowo u\u0142atwi i usprawni proces produkcji w twoim gospodarstwie. Nasze matryce, rolki, cz\u0119\u015bci zamienne s\u0105 produkcji polskiej! R\u00f3wnie\u017c szafy i ca\u0142a elektryka [&hellip;]<\/p>\n","protected":false},"featured_media":520,"template":"","meta":{"site-sidebar-layout":"default","site-content-layout":"","ast-site-content-layout":"default","site-content-style":"default","site-sidebar-style":"default","ast-global-header-display":"","ast-banner-title-visibility":"","ast-main-header-display":"","ast-hfb-above-header-display":"","ast-hfb-below-header-display":"","ast-hfb-mobile-header-display":"","site-post-title":"","ast-breadcrumbs-content":"","ast-featured-img":"","footer-sml-layout":"","ast-disable-related-posts":"","theme-transparent-header-meta":"default","adv-header-id-meta":"","stick-header-meta":"default","header-above-stick-meta":"","header-main-stick-meta":"","header-below-stick-meta":"","astra-migrate-meta-layouts":"set","ast-page-background-enabled":"default","ast-page-background-meta":{"desktop":{"background-color":"var(--ast-global-color-4)","background-image":"","background-repeat":"repeat","background-position":"center center","background-size":"auto","background-attachment":"scroll","background-type":"","background-media":"","overlay-type":"","overlay-color":"","overlay-opacity":"","overlay-gradient":""},"tablet":{"background-color":"","background-image":"","background-repeat":"repeat","background-position":"center center","background-size":"auto","background-attachment":"scroll","background-type":"","background-media":"","overlay-type":"","overlay-color":"","overlay-opacity":"","overlay-gradient":""},"mobile":{"background-color":"","background-image":"","background-repeat":"repeat","background-position":"center center","background-size":"auto","background-attachment":"scroll","background-type":"","background-media":"","overlay-type":"","overlay-color":"","overlay-opacity":"","overlay-gradient":""}},"ast-content-background-meta":{"desktop":{"background-color":"var(--ast-global-color-5)","background-image":"","background-repeat":"repeat","background-position":"center center","background-size":"auto","background-attachment":"scroll","background-type":"","background-media":"","overlay-type":"","overlay-color":"","overlay-opacity":"","overlay-gradient":""},"tablet":{"background-color":"var(--ast-global-color-5)","background-image":"","background-repeat":"repeat","background-position":"center center","background-size":"auto","background-attachment":"scroll","background-type":"","background-media":"","overlay-type":"","overlay-color":"","overlay-opacity":"","overlay-gradient":""},"mobile":{"background-color":"var(--ast-global-color-5)","background-image":"","background-repeat":"repeat","background-position":"center center","background-size":"auto","background-attachment":"scroll","background-type":"","background-media":"","overlay-type":"","overlay-color":"","overlay-opacity":"","overlay-gradient":""}}},"product_brand":[],"product_cat":[46],"product_tag":[],"class_list":{"0":"post-519","1":"product","2":"type-product","3":"status-publish","4":"has-post-thumbnail","6":"product_cat-linie-do-produkcji-peletu-i-granulatu","7":"desktop-align-left","8":"tablet-align-left","9":"mobile-align-left","10":"ast-product-gallery-layout-horizontal-slider","11":"ast-magnify-disabled","12":"ast-product-tabs-layout-horizontal","14":"first","15":"instock","16":"shipping-taxable","17":"product-type-simple"},"_links":{"self":[{"href":"https:\/\/peletto.eu\/pl\/wp-json\/wp\/v2\/product\/519","targetHints":{"allow":["GET"]}}],"collection":[{"href":"https:\/\/peletto.eu\/pl\/wp-json\/wp\/v2\/product"}],"about":[{"href":"https:\/\/peletto.eu\/pl\/wp-json\/wp\/v2\/types\/product"}],"wp:featuredmedia":[{"embeddable":true,"href":"https:\/\/peletto.eu\/pl\/wp-json\/wp\/v2\/media\/520"}],"wp:attachment":[{"href":"https:\/\/peletto.eu\/pl\/wp-json\/wp\/v2\/media?parent=519"}],"wp:term":[{"taxonomy":"product_brand","embeddable":true,"href":"https:\/\/peletto.eu\/pl\/wp-json\/wp\/v2\/product_brand?post=519"},{"taxonomy":"product_cat","embeddable":true,"href":"https:\/\/peletto.eu\/pl\/wp-json\/wp\/v2\/product_cat?post=519"},{"taxonomy":"product_tag","embeddable":true,"href":"https:\/\/peletto.eu\/pl\/wp-json\/wp\/v2\/product_tag?post=519"}],"curies":[{"name":"wp","href":"https:\/\/api.w.org\/{rel}","templated":true}]}}