{"id":525,"date":"2024-01-28T23:44:22","date_gmt":"2024-01-28T22:44:22","guid":{"rendered":"https:\/\/peletto.eu\/?post_type=product&#038;p=525"},"modified":"2024-01-28T23:44:23","modified_gmt":"2024-01-28T22:44:23","slug":"kompletna-linia-do-produkcji-peletu-z-mokrej-trociny-peleton-3000-duo-mt-z-lh-1000-655-kw-do-700-kg-h","status":"publish","type":"product","link":"https:\/\/peletto.eu\/pl\/produkt\/kompletna-linia-do-produkcji-peletu-z-mokrej-trociny-peleton-3000-duo-mt-z-lh-1000-655-kw-do-700-kg-h\/","title":{"rendered":"Kompletna linia do produkcji peletu z mokrej trociny PELETON 3000 DUO MT z LH 1000| 65,5 kW | do 700 kg\/h"},"content":{"rendered":"<p><strong>PELETON DUO MT to linia do produkcji peletu z mokrej trociny. Jest to ca\u0142a kompletna linia do produkcji peletu z trociny mokrej lub zr\u0119bki. Dzi\u0119ki wysokiej jako\u015bci wykonaniu maszyny gwarantuje ona d\u0142ugowieczno\u015b\u0107 oraz maksymaln\u0105 wydajno\u015b\u0107 si\u0119gaj\u0105c\u0105 700-800 kg\/h przy relatywnie niskich kosztach zu\u017cycia energii.\u00a0<\/strong><\/p>\n<p><strong>Co wchodzi w\u00a0sk\u0142ad\u00a0kompletnej linii do peletu z mokrej trociny\u00a0PELETON 3000 DUO MT?<\/strong><\/p>\n<ul>\n<li>Linia do produkcji pelletu\u00a0LDG-3000<\/li>\n<li>Suszarnia aerodynamiczna\u00a0SA-800<\/li>\n<li>P\u00f3\u0142automatyczny system ch\u0142odzenia i pakowania\u00a0LH-1000<\/li>\n<\/ul>\n<h2>Cykl produkcyjny maszyny do produkcji peletu z mokrej trociny sk\u0142ada si\u0119 z kilku etap\u00f3w<\/h2>\n<ul>\n<li>Etap przygotowania surowca.\u00a0Najpierw surowiec jest przygotowywany i rozdrabniany do wielko\u015bci odpowiedniej frakcji. Idealna frakcja jest uwa\u017cana o 1 mm mniejsza ni\u017c \u015brednica otwor\u00f3w w matrycy. Mokry rozdrobniony surowiec jest dalej transportowany do suszarni SA-800 gdzie wilgotno\u015b\u0107 produktu doprowadzana jest do idealnej czyli 12-15%. Na ko\u0144cu suszarni znajduje si\u0119 cyklon, kt\u00f3ry oddziela gor\u0105ce powietrze razem z par\u0105 od wysuszonego surowca.<\/li>\n<li>Etap peletowania surowca.\u00a0Z cyklonu wysuszony surowiec trafia do podajnika \u015blimakowego. Specjalnie dla linii z indeksem DUO zaprojektowano podajnik z powi\u0119kszonym zasobnikiem oraz 2 \u017cmijki. Pr\u0119dko\u015b\u0107 podawania surowca jest sterowana oddzielnie dla ka\u017cdej \u017cmijki za pomoc\u0105 potencjometru. Z podajnika produkt trafia do peleciarki PELETON-300. Peleciarka do trocin naszej produkcji jest zaprojektowana do przerabiania twardych surowc\u00f3w takich jak trociny z drzew li\u015bciastych czy kora kokosowa.<\/li>\n<li>Etap przesiewania.\u00a0Kolejnym etapem produkcyjnym kompletnej linii do produkcji peletu z mokrej trociny jest przesianie produktu. Z peleciarki, pelet trafia do b\u0119bna kalibruj\u0105cego, gdzie za pomoc\u0105 cyrkulacji powietrza jest sch\u0142adzany. Za pomoc\u0105 odci\u0105gu, kurz oraz niespeletowane cz\u0105stki trafiaj\u0105 do work\u00f3w odpylaj\u0105cych. Py\u0142 z work\u00f3w mo\u017ce by\u0107 wykorzystywany ponownie w procesie peletowania.<\/li>\n<li>Etap ch\u0142odzenia oraz pakowania. Finalnym etapem jest sch\u0142adzanie peletu do temperatury, przy kt\u00f3rej worki mog\u0105 zosta\u0107 zgrzane. Pomaga w tym kompleks ch\u0142odzenia oraz pakowania peletu. Ta\u015bmoci\u0105g z wentylatorami oraz zamkni\u0119ty bufor wagopakowarki z pod\u0142\u0105czonym systemem odci\u0105g\u00f3w, za pomoc\u0105 cyrkulacji oraz nawiewu powietrza sch\u0142adza pelet do temperatury pozwalaj\u0105cej na jego pakowanie. P\u00f3\u0142automatyczna wagopakowarka pozwala na szybki oraz dok\u0142adny za\u0142adunek gotowego peletu.<\/li>\n<\/ul>\n<p><em>Posiadamy w ofercie r\u00f3\u017cnego rodzaju kompletne linie produkcyjne. Zapraszamy do zapoznania si\u0119 z pozosta\u0142ymi produktami jakie s\u0105 zamieszczone na stronie\u00a0<a href=\"http:\/\/dobiomasy.pl\/linie-do-produkcji-pelletu-oraz-paszy?page=2\" target=\"_blank\" rel=\"noopener\">(kliknij tutaj i zobacz pozosta\u0142e linie produkcyjne, kompleksy, maszyny do produkcji pasz i peletu)<\/a>. Zadzwo\u0144 do naszego specjalisty i um\u00f3w si\u0119 na bezp\u0142atn\u0105 konsultacj\u0119 aby dobra\u0107 maszyn\u0119 idealnie dopasowan\u0105 do potrzeb twojego gospodarstwa. Odwied\u017a nas w naszej hali demonstracyjnej w Poznaniu i zobacz prac\u0119 naszych maszyn na \u017cywo.<\/em><\/p>\n<p><em>Tre\u015b\u0107 niniejszego og\u0142oszenia nie stanowi oferty handlowej w rozumieniu Kodeksu Cywilnego. Aby dokona\u0107 zakupu nale\u017cy\u00a0skontaktowa\u0107 si\u0119 z handlowcem, potwierdzi\u0107 cen\u0119 oraz termin dostawy.<\/em><\/p>\n<p><em>tel. 889 899 914<\/em><\/p>\n<p><em>tel. 889 899 904<\/em><\/p>\n","protected":false},"excerpt":{"rendered":"<p>PELETON DUO MT to linia do produkcji peletu z mokrej trociny. Jest to ca\u0142a kompletna linia do produkcji peletu z trociny mokrej lub zr\u0119bki. Dzi\u0119ki wysokiej jako\u015bci wykonaniu maszyny gwarantuje ona d\u0142ugowieczno\u015b\u0107 oraz maksymaln\u0105 wydajno\u015b\u0107 si\u0119gaj\u0105c\u0105 700-800 kg\/h przy relatywnie niskich kosztach zu\u017cycia energii.\u00a0 Co wchodzi w\u00a0sk\u0142ad\u00a0kompletnej linii do peletu z mokrej trociny\u00a0PELETON 3000 DUO [&hellip;]<\/p>\n","protected":false},"featured_media":526,"template":"","meta":{"site-sidebar-layout":"default","site-content-layout":"","ast-site-content-layout":"default","site-content-style":"default","site-sidebar-style":"default","ast-global-header-display":"","ast-banner-title-visibility":"","ast-main-header-display":"","ast-hfb-above-header-display":"","ast-hfb-below-header-display":"","ast-hfb-mobile-header-display":"","site-post-title":"","ast-breadcrumbs-content":"","ast-featured-img":"","footer-sml-layout":"","ast-disable-related-posts":"","theme-transparent-header-meta":"default","adv-header-id-meta":"","stick-header-meta":"default","header-above-stick-meta":"","header-main-stick-meta":"","header-below-stick-meta":"","astra-migrate-meta-layouts":"set","ast-page-background-enabled":"default","ast-page-background-meta":{"desktop":{"background-color":"var(--ast-global-color-4)","background-image":"","background-repeat":"repeat","background-position":"center center","background-size":"auto","background-attachment":"scroll","background-type":"","background-media":"","overlay-type":"","overlay-color":"","overlay-opacity":"","overlay-gradient":""},"tablet":{"background-color":"","background-image":"","background-repeat":"repeat","background-position":"center center","background-size":"auto","background-attachment":"scroll","background-type":"","background-media":"","overlay-type":"","overlay-color":"","overlay-opacity":"","overlay-gradient":""},"mobile":{"background-color":"","background-image":"","background-repeat":"repeat","background-position":"center center","background-size":"auto","background-attachment":"scroll","background-type":"","background-media":"","overlay-type":"","overlay-color":"","overlay-opacity":"","overlay-gradient":""}},"ast-content-background-meta":{"desktop":{"background-color":"var(--ast-global-color-5)","background-image":"","background-repeat":"repeat","background-position":"center center","background-size":"auto","background-attachment":"scroll","background-type":"","background-media":"","overlay-type":"","overlay-color":"","overlay-opacity":"","overlay-gradient":""},"tablet":{"background-color":"var(--ast-global-color-5)","background-image":"","background-repeat":"repeat","background-position":"center center","background-size":"auto","background-attachment":"scroll","background-type":"","background-media":"","overlay-type":"","overlay-color":"","overlay-opacity":"","overlay-gradient":""},"mobile":{"background-color":"var(--ast-global-color-5)","background-image":"","background-repeat":"repeat","background-position":"center center","background-size":"auto","background-attachment":"scroll","background-type":"","background-media":"","overlay-type":"","overlay-color":"","overlay-opacity":"","overlay-gradient":""}}},"product_brand":[],"product_cat":[46],"product_tag":[],"class_list":{"0":"post-525","1":"product","2":"type-product","3":"status-publish","4":"has-post-thumbnail","6":"product_cat-linie-do-produkcji-peletu-i-granulatu","7":"desktop-align-left","8":"tablet-align-left","9":"mobile-align-left","10":"ast-product-gallery-layout-horizontal-slider","11":"ast-magnify-disabled","12":"ast-product-tabs-layout-horizontal","14":"first","15":"instock","16":"shipping-taxable","17":"product-type-simple"},"_links":{"self":[{"href":"https:\/\/peletto.eu\/pl\/wp-json\/wp\/v2\/product\/525","targetHints":{"allow":["GET"]}}],"collection":[{"href":"https:\/\/peletto.eu\/pl\/wp-json\/wp\/v2\/product"}],"about":[{"href":"https:\/\/peletto.eu\/pl\/wp-json\/wp\/v2\/types\/product"}],"wp:featuredmedia":[{"embeddable":true,"href":"https:\/\/peletto.eu\/pl\/wp-json\/wp\/v2\/media\/526"}],"wp:attachment":[{"href":"https:\/\/peletto.eu\/pl\/wp-json\/wp\/v2\/media?parent=525"}],"wp:term":[{"taxonomy":"product_brand","embeddable":true,"href":"https:\/\/peletto.eu\/pl\/wp-json\/wp\/v2\/product_brand?post=525"},{"taxonomy":"product_cat","embeddable":true,"href":"https:\/\/peletto.eu\/pl\/wp-json\/wp\/v2\/product_cat?post=525"},{"taxonomy":"product_tag","embeddable":true,"href":"https:\/\/peletto.eu\/pl\/wp-json\/wp\/v2\/product_tag?post=525"}],"curies":[{"name":"wp","href":"https:\/\/api.w.org\/{rel}","templated":true}]}}