{"id":531,"date":"2024-01-28T23:50:29","date_gmt":"2024-01-28T22:50:29","guid":{"rendered":"https:\/\/peletto.eu\/?post_type=product&#038;p=531"},"modified":"2024-01-29T00:06:33","modified_gmt":"2024-01-28T23:06:33","slug":"kompletna-linia-do-produkcji-peletu-z-mokrej-slomy-peleton-4000-ms-585kw-450-kg-h","status":"publish","type":"product","link":"https:\/\/peletto.eu\/pl\/produkt\/kompletna-linia-do-produkcji-peletu-z-mokrej-slomy-peleton-4000-ms-585kw-450-kg-h\/","title":{"rendered":"Kompletna linia do produkcji peletu z mokrej s\u0142omy PELETON-4000 MS | 58,5kW | 450 kg\/h"},"content":{"rendered":"<p><b>PELETON-4000 MS to kompletna linia do produkcji wysokiej jako\u015bci peletu z mokrej s\u0142omy, wydajno\u015b\u0107 niezawodnej maszyny jak\u0105 oferujemy si\u0119ga 450-500 kg\/h! Dzi\u0119ki zastosowanym rozwi\u0105zaniom technologicznym, ten model idealnie nadaje si\u0119 do peletowania mokrej, nierozdrobnionej s\u0142omy z wilgotno\u015bci\u0105 do 60%, daj\u0105c maksymaln\u0105 wydajno\u015b\u0107 przy niskim zu\u017cyciu energii.\u00a0\u00a0<\/b><\/p>\n<p><b>W sk\u0142ad linii PELETON-4000 MS do produkcji peletu z mokrej s\u0142omy wchodzi:<\/b><\/p>\n<ul>\n<li>Linia\u00a0<b>LDG-4000<\/b>;<\/li>\n<li>Rozdrabniacz do s\u0142omy\u00a0<b>RD-500<\/b>\u00a0z cyklonem;<\/li>\n<li>Suszarnia aerodynamiczna\u00a0<b>SA-600<\/b>\u00a0z podajnikiem\u00a0<b>PS-1500<\/b>;<\/li>\n<li>Przeno\u015bnik ta\u015bmowy\u00a0<b>PT-1000\u00a0<\/b>z wentylatorami.<\/li>\n<\/ul>\n<h2><b>W jaki spos\u00f3b dzia\u0142a kompleks do produkcji peletu opa\u0142owego z nierozdrobionej mokrej s\u0142omy?<br \/>\n<\/b><\/h2>\n<ul>\n<li>S\u0142oma w kostkach podawana jest do rozdrabniacza RD-500 (sita w rozdrabniaczu s\u0105 wymienne). W wyniku dzia\u0142ania rozdrabniacza uzyskujemy tzw. sieczk\u0119, kt\u00f3rej frakcja jest idealna do dalszego peletowania;<\/li>\n<li>Rozdrabniacz jest pod\u0142\u0105czony do systemem ruroci\u0105g\u00f3w. Bufor PS-1500 z workami przeciwpy\u0142owymi pozwala oddzieli\u0107 powietrze od rozdrobnionego surowca;<\/li>\n<li>Nast\u0119pnie surowiec kierowany jest do suszarni aerodynamicznej SA-600. Suszarnia do s\u0142omy pozwala wysuszy\u0107 surowiec do odpowiedniej wilgotno\u015bci si\u0119gaj\u0105cej 12-15%;<\/li>\n<li>Na ko\u0144cu suszarni aerodynamicznej jest cyklon, kt\u00f3ry oddziela gor\u0105ce powietrze od wysuszonego surowca. Po cyklonie surowiec spada bezpo\u015brednio do podajnika \u015blimakowego PS-200 ;<\/li>\n<li>Przygotowany surowiec trafia do peleciarki PELETON-400 37 kW, kt\u00f3rej wydajno\u015b\u0107 wynosi oko\u0142o 450 kg\/h;<\/li>\n<li>Wyprodukowany pelet nast\u0119pnie jest oczyszczany w b\u0119bnie przesiewacza. Tam te\u017c nast\u0119puje ch\u0142odzenie produktu co r\u00f3wnie\u017c zapobiega uszkodzeniom<\/li>\n<\/ul>\n<p><iframe title=\"Pellet z mokrych trocin! Linia do produkcji pelletu razem z suszarni\u0105 PELETON-4000 MT od Peletto.pl\" src=\"https:\/\/www.youtube.com\/embed\/ONAV47rBxi4?feature=oembed\" width=\"640\" height=\"360\" frameborder=\"0\" allowfullscreen=\"allowfullscreen\" data-mce-fragment=\"1\"><\/iframe><\/p>\n<p><em>Posiadamy w ofercie r\u00f3\u017cnego rodzaju kompletne linie produkcyjne. Zapraszamy do zapoznania si\u0119 z pozosta\u0142ymi produktami jakie s\u0105 zamieszczone na stronie\u00a0<a href=\"http:\/\/dobiomasy.pl\/linie-do-produkcji-pelletu-oraz-paszy?page=2\" target=\"_blank\" rel=\"noopener\">(kliknij tutaj i zobacz pozosta\u0142e linie produkcyjne, kompleksy, maszyny do produkcji pasz i peletu)<\/a>. Zadzwo\u0144 do naszego specjalisty i um\u00f3w si\u0119 na bezp\u0142atn\u0105 konsultacj\u0119 aby dobra\u0107 maszyn\u0119 idealnie dopasowan\u0105 do potrzeb twojego gospodarstwa. Odwied\u017a nas w naszej hali demonstracyjnej w Poznaniu i zobacz prac\u0119 naszych maszyn na \u017cywo.<\/em><\/p>\n<p><em>Tre\u015b\u0107 niniejszego og\u0142oszenia nie stanowi oferty handlowej w rozumieniu Kodeksu Cywilnego. Aby dokona\u0107 zakupu nale\u017cy\u00a0skontaktowa\u0107 si\u0119 z handlowcem, potwierdzi\u0107 cen\u0119 oraz termin dostawy.<\/em><\/p>\n<p><em>tel. 889 899 914<\/em><\/p>\n<p><em>tel. 889 899 904<\/em><\/p>\n","protected":false},"excerpt":{"rendered":"<p>PELETON-4000 MS to kompletna linia do produkcji wysokiej jako\u015bci peletu z mokrej s\u0142omy, wydajno\u015b\u0107 niezawodnej maszyny jak\u0105 oferujemy si\u0119ga 450-500 kg\/h! Dzi\u0119ki zastosowanym rozwi\u0105zaniom technologicznym, ten model idealnie nadaje si\u0119 do peletowania mokrej, nierozdrobnionej s\u0142omy z wilgotno\u015bci\u0105 do 60%, daj\u0105c maksymaln\u0105 wydajno\u015b\u0107 przy niskim zu\u017cyciu energii.\u00a0\u00a0 W sk\u0142ad linii PELETON-4000 MS do produkcji peletu z [&hellip;]<\/p>\n","protected":false},"featured_media":532,"template":"","meta":{"site-sidebar-layout":"default","site-content-layout":"","ast-site-content-layout":"default","site-content-style":"default","site-sidebar-style":"default","ast-global-header-display":"","ast-banner-title-visibility":"","ast-main-header-display":"","ast-hfb-above-header-display":"","ast-hfb-below-header-display":"","ast-hfb-mobile-header-display":"","site-post-title":"","ast-breadcrumbs-content":"","ast-featured-img":"","footer-sml-layout":"","ast-disable-related-posts":"","theme-transparent-header-meta":"default","adv-header-id-meta":"","stick-header-meta":"default","header-above-stick-meta":"","header-main-stick-meta":"","header-below-stick-meta":"","astra-migrate-meta-layouts":"set","ast-page-background-enabled":"default","ast-page-background-meta":{"desktop":{"background-color":"var(--ast-global-color-4)","background-image":"","background-repeat":"repeat","background-position":"center center","background-size":"auto","background-attachment":"scroll","background-type":"","background-media":"","overlay-type":"","overlay-color":"","overlay-opacity":"","overlay-gradient":""},"tablet":{"background-color":"","background-image":"","background-repeat":"repeat","background-position":"center center","background-size":"auto","background-attachment":"scroll","background-type":"","background-media":"","overlay-type":"","overlay-color":"","overlay-opacity":"","overlay-gradient":""},"mobile":{"background-color":"","background-image":"","background-repeat":"repeat","background-position":"center center","background-size":"auto","background-attachment":"scroll","background-type":"","background-media":"","overlay-type":"","overlay-color":"","overlay-opacity":"","overlay-gradient":""}},"ast-content-background-meta":{"desktop":{"background-color":"var(--ast-global-color-5)","background-image":"","background-repeat":"repeat","background-position":"center center","background-size":"auto","background-attachment":"scroll","background-type":"","background-media":"","overlay-type":"","overlay-color":"","overlay-opacity":"","overlay-gradient":""},"tablet":{"background-color":"var(--ast-global-color-5)","background-image":"","background-repeat":"repeat","background-position":"center center","background-size":"auto","background-attachment":"scroll","background-type":"","background-media":"","overlay-type":"","overlay-color":"","overlay-opacity":"","overlay-gradient":""},"mobile":{"background-color":"var(--ast-global-color-5)","background-image":"","background-repeat":"repeat","background-position":"center center","background-size":"auto","background-attachment":"scroll","background-type":"","background-media":"","overlay-type":"","overlay-color":"","overlay-opacity":"","overlay-gradient":""}}},"product_brand":[],"product_cat":[46],"product_tag":[],"class_list":{"0":"post-531","1":"product","2":"type-product","3":"status-publish","4":"has-post-thumbnail","6":"product_cat-linie-do-produkcji-peletu-i-granulatu","7":"desktop-align-left","8":"tablet-align-left","9":"mobile-align-left","10":"ast-product-gallery-layout-horizontal-slider","11":"ast-product-gallery-with-no-image","12":"ast-magnify-disabled","13":"ast-product-tabs-layout-horizontal","15":"first","16":"instock","17":"shipping-taxable","18":"product-type-simple"},"_links":{"self":[{"href":"https:\/\/peletto.eu\/pl\/wp-json\/wp\/v2\/product\/531","targetHints":{"allow":["GET"]}}],"collection":[{"href":"https:\/\/peletto.eu\/pl\/wp-json\/wp\/v2\/product"}],"about":[{"href":"https:\/\/peletto.eu\/pl\/wp-json\/wp\/v2\/types\/product"}],"wp:featuredmedia":[{"embeddable":true,"href":"https:\/\/peletto.eu\/pl\/wp-json\/wp\/v2\/media\/532"}],"wp:attachment":[{"href":"https:\/\/peletto.eu\/pl\/wp-json\/wp\/v2\/media?parent=531"}],"wp:term":[{"taxonomy":"product_brand","embeddable":true,"href":"https:\/\/peletto.eu\/pl\/wp-json\/wp\/v2\/product_brand?post=531"},{"taxonomy":"product_cat","embeddable":true,"href":"https:\/\/peletto.eu\/pl\/wp-json\/wp\/v2\/product_cat?post=531"},{"taxonomy":"product_tag","embeddable":true,"href":"https:\/\/peletto.eu\/pl\/wp-json\/wp\/v2\/product_tag?post=531"}],"curies":[{"name":"wp","href":"https:\/\/api.w.org\/{rel}","templated":true}]}}